{"id":1289,"date":"2025-12-17T17:27:16","date_gmt":"2025-12-17T16:27:16","guid":{"rendered":"https:\/\/spielhalle.casino\/politique-de-confidentialite\/"},"modified":"2026-03-30T19:53:49","modified_gmt":"2026-03-30T17:53:49","slug":"politique-de-confidentialite","status":"publish","type":"page","link":"https:\/\/spielhalle.casino\/fr\/politique-de-confidentialite\/","title":{"rendered":"Politique de confidentialit\u00e9"},"content":{"rendered":"\t\t<div data-elementor-type=\"wp-page\" data-elementor-id=\"1289\" class=\"elementor elementor-1289 elementor-85\" data-elementor-post-type=\"page\">\n\t\t\t\t<div class=\"elementor-element elementor-element-5714582 e-flex e-con-boxed e-con e-parent\" data-id=\"5714582\" data-element_type=\"container\" data-e-type=\"container\" data-settings=\"{&quot;background_background&quot;:&quot;classic&quot;}\">\n\t\t\t\t\t<div class=\"e-con-inner\">\n\t\t<div class=\"elementor-element elementor-element-65d544a e-con-full e-flex e-con e-child\" data-id=\"65d544a\" data-element_type=\"container\" data-e-type=\"container\">\n\t\t\t\t<div class=\"elementor-element elementor-element-d60a9fc elementor-widget elementor-widget-heading\" data-id=\"d60a9fc\" data-element_type=\"widget\" data-e-type=\"widget\" data-widget_type=\"heading.default\">\n\t\t\t\t\t<h2 class=\"elementor-heading-title elementor-size-default\">La protection des donn\u00e9es est importante !<\/h2>\t\t\t\t<\/div>\n\t\t\t\t<div class=\"elementor-element elementor-element-11f5f94 elementor-widget elementor-widget-text-editor\" data-id=\"11f5f94\" data-element_type=\"widget\" data-e-type=\"widget\" data-widget_type=\"text-editor.default\">\n\t\t\t\t\t\t\t\t\t<p>Nous prot\u00e9geons vos donn\u00e9es personnelles en toute s\u00e9curit\u00e9.<\/p>\t\t\t\t\t\t\t\t<\/div>\n\t\t\t\t<\/div>\n\t\t\t\t\t<\/div>\n\t\t\t\t<\/div>\n\t\t<div class=\"elementor-element elementor-element-b648e4e e-flex e-con-boxed e-con e-parent\" data-id=\"b648e4e\" data-element_type=\"container\" data-e-type=\"container\">\n\t\t\t\t\t<div class=\"e-con-inner\">\n\t\t\t\t<div class=\"elementor-element elementor-element-d990230 elementor-widget elementor-widget-text-editor\" data-id=\"d990230\" data-element_type=\"widget\" data-e-type=\"widget\" data-widget_type=\"text-editor.default\">\n\t\t\t\t\t\t\t\t\t<h1 data-section-id=\"1oymf5x\" data-start=\"148\" data-end=\"170\">Politique de confidentialit\u00e9<\/h1><h2 data-section-id=\"1fec0qf\" data-start=\"172\" data-end=\"205\">1. La protection des donn\u00e9es en un coup d\u2019\u0153il<\/h2><p data-start=\"207\" data-end=\"423\">La protection de vos donn\u00e9es personnelles nous tient particuli\u00e8rement \u00e0 c\u0153ur. Nous traitons vos donn\u00e9es \u00e0 caract\u00e8re personnel de mani\u00e8re confidentielle et conform\u00e9ment aux dispositions l\u00e9gales en mati\u00e8re de protection des donn\u00e9es ainsi qu\u2019\u00e0 la pr\u00e9sente politique de confidentialit\u00e9. <\/p><hr data-start=\"425\" data-end=\"428\"><h2 data-section-id=\"1co7opw\" data-start=\"430\" data-end=\"452\">2. Responsable du traitement<\/h2><p data-start=\"454\" data-end=\"532\"><strong data-start=\"454\" data-end=\"478\">Trinacria Gioco GmbH<\/strong><br data-start=\"478\" data-end=\"481\">Kaiserstra\u00dfe 28<br data-start=\"496\" data-end=\"499\">66386 St. Ingbert<br data-start=\"516\" data-end=\"519\">Allemagne<\/p><p data-start=\"534\" data-end=\"566\">E-mail : <a class=\"decorated-link cursor-pointer\" rel=\"noopener\" data-start=\"542\" data-end=\"564\">info@spielhalle.casino<\/a><\/p><hr data-start=\"568\" data-end=\"571\"><h2 data-section-id=\"9qig9k\" data-start=\"573\" data-end=\"586\">3. H\u00e9bergement<\/h2><p data-start=\"588\" data-end=\"662\">Ce site web est h\u00e9berg\u00e9 par <span class=\"hover:entity-accent entity-underline inline cursor-pointer align-baseline\"><span class=\"whitespace-normal\">STRATO AG<\/span><\/span>.<\/p><p data-start=\"664\" data-end=\"759\">Lors de la consultation de notre site web, STRATO collecte automatiquement des donn\u00e9es dans des fichiers journaux de serveur (Server-Log-Files) :<\/p><ul data-start=\"761\" data-end=\"873\"><li data-section-id=\"1h0uk97\" data-start=\"761\" data-end=\"775\">Adresse IP<\/li><li data-section-id=\"wzs3a0\" data-start=\"776\" data-end=\"809\">Date et heure de la requ\u00eate<\/li><li data-section-id=\"78ua8h\" data-start=\"810\" data-end=\"837\">Type et version du navigateur<\/li><li data-section-id=\"kiy1ht\" data-start=\"838\" data-end=\"856\">Syst\u00e8me d\u2019exploitation<\/li><li data-section-id=\"anwpz4\" data-start=\"857\" data-end=\"873\">URL de r\u00e9f\u00e9rence<\/li><\/ul><p data-start=\"875\" data-end=\"961\">Le traitement est effectu\u00e9 afin d\u2019assurer un fonctionnement sans faille du site web.<\/p><hr data-start=\"963\" data-end=\"966\"><h2 data-section-id=\"18z8pb0\" data-start=\"968\" data-end=\"1008\">4. Utilisation de cookies et outil de consentement<\/h2><p data-start=\"1010\" data-end=\"1209\">Notre site web utilise l\u2019outil de gestion du consentement <strong data-start=\"1059\" data-end=\"1100\"><span class=\"hover:entity-accent entity-underline inline cursor-pointer align-baseline\"><span class=\"whitespace-normal\">Borlabs Cookie<\/span><\/span><\/strong> afin d\u2019obtenir votre consentement pour le stockage de certains cookies et de le documenter conform\u00e9ment \u00e0 la protection des donn\u00e9es.<\/p><p data-start=\"1211\" data-end=\"1304\">Lors de votre premi\u00e8re visite sur notre site web, vous pouvez choisir les cookies que vous souhaitez autoriser.<\/p><p data-start=\"1306\" data-end=\"1346\">Les donn\u00e9es suivantes sont alors trait\u00e9es :<\/p><ul data-start=\"1348\" data-end=\"1452\"><li data-section-id=\"gxxp96\" data-start=\"1348\" data-end=\"1373\">Votre\/vos consentement(s)<\/li><li data-section-id=\"1md74qr\" data-start=\"1374\" data-end=\"1398\">Adresse IP (anonymis\u00e9e)<\/li><li data-section-id=\"lvilf4\" data-start=\"1399\" data-end=\"1427\">Moment du consentement<\/li><li data-section-id=\"1b60mir\" data-start=\"1428\" data-end=\"1452\">Informations sur le navigateur<\/li><\/ul><p data-start=\"1454\" data-end=\"1539\">Le stockage est effectu\u00e9 \u00e0 des fins de protection juridique conform\u00e9ment \u00e0 l\u2019art. 6, par. 1, let. c du RGPD.  <\/p><hr data-start=\"1541\" data-end=\"1544\"><h2 data-section-id=\"1v4e69t\" data-start=\"1546\" data-end=\"1568\">5. Google Analytics<\/h2><p data-start=\"1570\" data-end=\"1653\">Ce site web utilise le service d\u2019analyse web <span class=\"hover:entity-accent entity-underline inline cursor-pointer align-baseline\"><span class=\"whitespace-normal\">Google LLC<\/span><\/span>.<\/p><p data-start=\"1655\" data-end=\"1752\">Google Analytics n\u2019est activ\u00e9 <strong data-start=\"1677\" data-end=\"1741\">qu\u2019apr\u00e8s votre consentement via la banni\u00e8re de cookies (Borlabs)<\/strong>.<\/p><p data-start=\"1754\" data-end=\"1845\">Google Analytics utilise des cookies qui permettent d\u2019analyser l\u2019utilisation du site web.<\/p><p data-start=\"1847\" data-end=\"1870\"><strong data-start=\"1847\" data-end=\"1870\">Donn\u00e9es trait\u00e9es :<\/strong><\/p><ul data-start=\"1871\" data-end=\"1955\"><li data-section-id=\"1r59xfi\" data-start=\"1871\" data-end=\"1888\">Pages consult\u00e9es<\/li><li data-section-id=\"1qngrll\" data-start=\"1889\" data-end=\"1905\">Dur\u00e9e de la visite<\/li><li data-section-id=\"aoijgb\" data-start=\"1906\" data-end=\"1931\">Origine des visiteurs<\/li><li data-section-id=\"vz2isq\" data-start=\"1932\" data-end=\"1955\">Informations sur l\u2019appareil<\/li><\/ul><p data-start=\"1957\" data-end=\"2084\"><strong data-start=\"1957\" data-end=\"1979\">Anonymisation de l\u2019IP :<\/strong><br data-start=\"1979\" data-end=\"1982\">Nous utilisons la fonction \u00ab Anonymisation de l\u2019IP \u00bb, ce qui signifie que votre adresse IP est raccourcie au sein de l\u2019UE.<\/p><p data-start=\"2086\" data-end=\"2150\"><strong data-start=\"2086\" data-end=\"2106\">Base juridique :<\/strong><br data-start=\"2106\" data-end=\"2109\">Art. 6, par. 1, let. a du RGPD (consentement)  <\/p><p data-start=\"2152\" data-end=\"2241\"><strong data-start=\"2152\" data-end=\"2165\">Retrait :<\/strong><br data-start=\"2165\" data-end=\"2168\">Vous pouvez retirer votre consentement \u00e0 tout moment via la banni\u00e8re de cookies.<\/p><hr data-start=\"2243\" data-end=\"2246\"><h2 data-section-id=\"1uaxta3\" data-start=\"2248\" data-end=\"2265\">6. Google Maps<\/h2><p data-start=\"2267\" data-end=\"2342\">Ce site web utilise le service de cartographie <span class=\"hover:entity-accent entity-underline inline cursor-pointer align-baseline\"><span class=\"whitespace-normal\">Google Maps<\/span><\/span>.<\/p><p data-start=\"2344\" data-end=\"2432\">L\u2019int\u00e9gration ne se fait <strong data-start=\"2367\" data-end=\"2431\">qu\u2019apr\u00e8s votre consentement via l\u2019outil de gestion du consentement (Borlabs)<\/strong>.<\/p><p data-start=\"2434\" data-end=\"2504\">Lors du chargement de Google Maps, votre adresse IP est transmise \u00e0 Google.<\/p><p data-start=\"2506\" data-end=\"2595\"><strong data-start=\"2506\" data-end=\"2516\">Finalit\u00e9 :<\/strong><br data-start=\"2516\" data-end=\"2519\">Pr\u00e9sentation de nos emplacements et mise \u00e0 disposition d\u2019itin\u00e9raires.<\/p><p data-start=\"2597\" data-end=\"2661\"><strong data-start=\"2597\" data-end=\"2617\">Base juridique :<\/strong><br data-start=\"2617\" data-end=\"2620\">Art. 6, par. 1, let. a du RGPD (consentement)  <\/p><hr data-start=\"2663\" data-end=\"2666\"><h2 data-section-id=\"1l3x092\" data-start=\"2668\" data-end=\"2703\">7. Cryptage SSL ou TLS<\/h2><p data-start=\"2705\" data-end=\"2781\">Ce site utilise un cryptage SSL ou TLS pour des raisons de s\u00e9curit\u00e9.<\/p><hr data-start=\"2783\" data-end=\"2786\"><h2 data-section-id=\"1c7cx60\" data-start=\"2788\" data-end=\"2805\">8. Vos droits<\/h2><p data-start=\"2807\" data-end=\"2841\">Vous avez \u00e0 tout moment le droit de :<\/p><ul data-start=\"2843\" data-end=\"3007\"><li data-section-id=\"f9qm1y\" data-start=\"2843\" data-end=\"2885\">Acc\u00e9der \u00e0 vos donn\u00e9es stock\u00e9es<\/li><li data-section-id=\"g9sr6h\" data-start=\"2886\" data-end=\"2902\">Rectification<\/li><li data-section-id=\"77egm\" data-start=\"2903\" data-end=\"2915\">Suppression<\/li><li data-section-id=\"9enzfe\" data-start=\"2916\" data-end=\"2950\">Limitation du traitement<\/li><li data-section-id=\"1wshal5\" data-start=\"2951\" data-end=\"2975\">Portabilit\u00e9 des donn\u00e9es<\/li><li data-section-id=\"1bust7y\" data-start=\"2976\" data-end=\"3007\">Retrait de votre consentement<\/li><\/ul><hr data-start=\"3009\" data-end=\"3012\"><h2 data-section-id=\"1rxp5ms\" data-start=\"3014\" data-end=\"3035\">9. Droit de recours<\/h2><p data-start=\"3037\" data-end=\"3116\">Vous avez le droit de d\u00e9poser une plainte aupr\u00e8s d\u2019une autorit\u00e9 de contr\u00f4le de la protection des donn\u00e9es.<\/p><hr data-start=\"3118\" data-end=\"3121\"><h2 data-section-id=\"gi1qip\" data-start=\"3123\" data-end=\"3140\">10. Actualit\u00e9<\/h2><p data-start=\"3142\" data-end=\"3158\">Derni\u00e8re mise \u00e0 jour : mars 2026<\/p>\t\t\t\t\t\t\t\t<\/div>\n\t\t\t\t\t<\/div>\n\t\t\t\t<\/div>\n\t\t\t\t<\/div>\n\t\t","protected":false},"excerpt":{"rendered":"<p>La protection des donn\u00e9es est importante ! Nous prot\u00e9geons vos donn\u00e9es personnelles en toute s\u00e9curit\u00e9. Politique de confidentialit\u00e9 1. La protection des donn\u00e9es en un coup d\u2019\u0153il La protection de vos donn\u00e9es personnelles nous tient particuli\u00e8rement \u00e0 c\u0153ur. Nous traitons vos donn\u00e9es \u00e0 caract\u00e8re personnel de mani\u00e8re confidentielle et conform\u00e9ment aux dispositions l\u00e9gales en mati\u00e8re [&hellip;]<\/p>\n","protected":false},"author":1,"featured_media":0,"parent":0,"menu_order":0,"comment_status":"closed","ping_status":"closed","template":"","meta":{"footnotes":""},"class_list":["post-1289","page","type-page","status-publish","hentry"],"_links":{"self":[{"href":"https:\/\/spielhalle.casino\/fr\/wp-json\/wp\/v2\/pages\/1289","targetHints":{"allow":["GET"]}}],"collection":[{"href":"https:\/\/spielhalle.casino\/fr\/wp-json\/wp\/v2\/pages"}],"about":[{"href":"https:\/\/spielhalle.casino\/fr\/wp-json\/wp\/v2\/types\/page"}],"author":[{"embeddable":true,"href":"https:\/\/spielhalle.casino\/fr\/wp-json\/wp\/v2\/users\/1"}],"replies":[{"embeddable":true,"href":"https:\/\/spielhalle.casino\/fr\/wp-json\/wp\/v2\/comments?post=1289"}],"version-history":[{"count":1,"href":"https:\/\/spielhalle.casino\/fr\/wp-json\/wp\/v2\/pages\/1289\/revisions"}],"predecessor-version":[{"id":1290,"href":"https:\/\/spielhalle.casino\/fr\/wp-json\/wp\/v2\/pages\/1289\/revisions\/1290"}],"wp:attachment":[{"href":"https:\/\/spielhalle.casino\/fr\/wp-json\/wp\/v2\/media?parent=1289"}],"curies":[{"name":"wp","href":"https:\/\/api.w.org\/{rel}","templated":true}]}}