{"id":1323,"date":"2025-12-17T17:27:15","date_gmt":"2025-12-17T16:27:15","guid":{"rendered":"https:\/\/spielhalle.casino\/protection-des-joueurs\/"},"modified":"2026-03-30T19:54:36","modified_gmt":"2026-03-30T17:54:36","slug":"protection-des-joueurs","status":"publish","type":"page","link":"https:\/\/spielhalle.casino\/fr\/protection-des-joueurs\/","title":{"rendered":"Protection des joueurs"},"content":{"rendered":"\t\t<div data-elementor-type=\"wp-page\" data-elementor-id=\"1323\" class=\"elementor elementor-1323 elementor-71\" data-elementor-post-type=\"page\">\n\t\t\t\t<div class=\"elementor-element elementor-element-9fc3676 e-flex e-con-boxed e-con e-parent\" data-id=\"9fc3676\" data-element_type=\"container\" data-e-type=\"container\" data-settings=\"{&quot;background_background&quot;:&quot;classic&quot;}\">\n\t\t\t\t\t<div class=\"e-con-inner\">\n\t\t<div class=\"elementor-element elementor-element-569a268 e-con-full e-flex e-con e-child\" data-id=\"569a268\" data-element_type=\"container\" data-e-type=\"container\">\n\t\t\t\t<div class=\"elementor-element elementor-element-d0720a3 elementor-widget elementor-widget-heading\" data-id=\"d0720a3\" data-element_type=\"widget\" data-e-type=\"widget\" data-widget_type=\"heading.default\">\n\t\t\t\t\t<h2 class=\"elementor-heading-title elementor-size-default\">Protection des joueurs<\/h2>\t\t\t\t<\/div>\n\t\t\t\t<div class=\"elementor-element elementor-element-0b27f51 elementor-widget elementor-widget-text-editor\" data-id=\"0b27f51\" data-element_type=\"widget\" data-e-type=\"widget\" data-widget_type=\"text-editor.default\">\n\t\t\t\t\t\t\t\t\t<p>Notre objectif est de sensibiliser les joueurs \u00e0 leur responsabilit\u00e9 et de cr\u00e9er un environnement s\u00fbr. Nous nous engageons en faveur du jeu responsable et mettons \u00e0 disposition des informations qui aident \u00e0 garder le contr\u00f4le. Informez-vous et jouez de mani\u00e8re responsable !  <\/p>\t\t\t\t\t\t\t\t<\/div>\n\t\t\t\t<\/div>\n\t\t\t\t\t<\/div>\n\t\t\t\t<\/div>\n\t\t<div class=\"elementor-element elementor-element-9189574 e-con-full e-flex e-con e-parent\" data-id=\"9189574\" data-element_type=\"container\" data-e-type=\"container\">\n\t\t<div class=\"elementor-element elementor-element-835bdca e-con-full e-flex e-con e-child\" data-id=\"835bdca\" data-element_type=\"container\" data-e-type=\"container\">\n\t\t\t\t<div class=\"elementor-element elementor-element-e1d959e elementor-widget elementor-widget-heading\" data-id=\"e1d959e\" data-element_type=\"widget\" data-e-type=\"widget\" data-widget_type=\"heading.default\">\n\t\t\t\t\t<h1 class=\"elementor-heading-title elementor-size-default\">Notre charte<\/h1>\t\t\t\t<\/div>\n\t\t\t\t<div class=\"elementor-element elementor-element-b0181da elementor-widget__width-initial elementor-widget-mobile__width-inherit elementor-widget elementor-widget-text-editor\" data-id=\"b0181da\" data-element_type=\"widget\" data-e-type=\"widget\" data-widget_type=\"text-editor.default\">\n\t\t\t\t\t\t\t\t\t<p>Chez nous, la protection des joueurs est la priorit\u00e9. Nous veillons \u00e0 ce que tous les joueurs puissent jouer en toute s\u00e9curit\u00e9 et de mani\u00e8re responsable dans nos casinos. Notre objectif est de cr\u00e9er un environnement dans lequel les joueurs gardent le contr\u00f4le de leur comportement de jeu et sont \u00e0 tout moment bien inform\u00e9s. Nous souhaitons que chaque client se sente \u00e0 l\u2019aise dans nos salles et vive les meilleures exp\u00e9riences.   <\/p>\t\t\t\t\t\t\t\t<\/div>\n\t\t\t\t<\/div>\n\t\t<div class=\"elementor-element elementor-element-55a9fe0 e-con-full e-flex e-con e-child\" data-id=\"55a9fe0\" data-element_type=\"container\" data-e-type=\"container\" data-settings=\"{&quot;background_background&quot;:&quot;classic&quot;}\">\n\t\t\t\t<\/div>\n\t\t\t\t<\/div>\n\t\t<div class=\"elementor-element elementor-element-141cdd8 e-flex e-con-boxed e-con e-parent\" data-id=\"141cdd8\" data-element_type=\"container\" data-e-type=\"container\">\n\t\t\t\t\t<div class=\"e-con-inner\">\n\t\t\t\t<div class=\"elementor-element elementor-element-64fd8c9 elementor-widget elementor-widget-text-editor\" data-id=\"64fd8c9\" data-element_type=\"widget\" data-e-type=\"widget\" data-widget_type=\"text-editor.default\">\n\t\t\t\t\t\t\t\t\t<h1 data-start=\"145\" data-end=\"385\">Protection des mineurs<\/h1><p data-start=\"145\" data-end=\"385\">Pour nous, la protection des mineurs n\u2019est pas une simple obligation, mais une position claire. L\u2019approche responsable des jeux d\u2019argent et la protection des jeunes sont au c\u0153ur de nos actions \u2013 et fermement ancr\u00e9es dans notre concept social. <\/p><p data-start=\"387\" data-end=\"642\">Nous misons d\u00e9lib\u00e9r\u00e9ment sur des mesures pr\u00e9ventives, du personnel form\u00e9 et des processus clairs afin d\u2019identifier les risques t\u00f4t et d\u2019agir avec coh\u00e9rence. Notre ambition est de cr\u00e9er un environnement qui allie responsabilit\u00e9, s\u00e9curit\u00e9 et transparence. <\/p>\t\t\t\t\t\t\t\t<\/div>\n\t\t\t\t\t<\/div>\n\t\t\t\t<\/div>\n\t\t<div class=\"elementor-element elementor-element-62b60df e-flex e-con-boxed e-con e-parent\" data-id=\"62b60df\" data-element_type=\"container\" data-e-type=\"container\" data-settings=\"{&quot;background_background&quot;:&quot;classic&quot;}\">\n\t\t\t\t\t<div class=\"e-con-inner\">\n\t\t<div class=\"elementor-element elementor-element-98db577 e-con-full e-flex e-con e-child\" data-id=\"98db577\" data-element_type=\"container\" data-e-type=\"container\">\n\t\t\t\t<div class=\"elementor-element elementor-element-86af386 elementor-widget elementor-widget-text-editor\" data-id=\"86af386\" data-element_type=\"widget\" data-e-type=\"widget\" data-widget_type=\"text-editor.default\">\n\t\t\t\t\t\t\t\t\t<h1>Vous jouez pour vous divertir \u2013 gardez le contr\u00f4le. Si vous constatez que votre comportement de jeu change, utilisez les offres suivantes le plus t\u00f4t possible. <\/h1>\t\t\t\t\t\t\t\t<\/div>\n\t\t\t\t<div class=\"elementor-element elementor-element-56fbc3a elementor-widget__width-auto elementor-align-right elementor-widget elementor-widget-button\" data-id=\"56fbc3a\" data-element_type=\"widget\" data-e-type=\"widget\" data-widget_type=\"button.default\">\n\t\t\t\t\t\t\t\t\t\t<a class=\"elementor-button elementor-button-link elementor-size-sm\" href=\"https:\/\/www.check-dein-spiel.de\/tests\/selbsttest\/\" target=\"_blank\" rel=\"noopener\">\n\t\t\t\t\t\t<span class=\"elementor-button-content-wrapper\">\n\t\t\t\t\t\t\t\t\t<span class=\"elementor-button-text\">Auto-test<\/span>\n\t\t\t\t\t<\/span>\n\t\t\t\t\t<\/a>\n\t\t\t\t\t\t\t\t<\/div>\n\t\t\t\t<\/div>\n\t\t<div class=\"elementor-element elementor-element-8a884cf e-con-full e-flex e-con e-child\" data-id=\"8a884cf\" data-element_type=\"container\" data-e-type=\"container\">\n\t\t\t\t<div class=\"elementor-element elementor-element-69b265d elementor-widget elementor-widget-n-accordion\" data-id=\"69b265d\" data-element_type=\"widget\" data-e-type=\"widget\" data-settings=\"{&quot;default_state&quot;:&quot;expanded&quot;,&quot;max_items_expended&quot;:&quot;one&quot;,&quot;n_accordion_animation_duration&quot;:{&quot;unit&quot;:&quot;ms&quot;,&quot;size&quot;:400,&quot;sizes&quot;:[]}}\" data-widget_type=\"nested-accordion.default\">\n\t\t\t\t\t\t\t<div class=\"e-n-accordion\" aria-label=\"Accordion. Open links with Enter or Space, close with Escape, and navigate with Arrow Keys\">\n\t\t\t\t\t\t<details id=\"e-n-accordion-item-1100\" class=\"e-n-accordion-item\" open>\n\t\t\t\t<summary class=\"e-n-accordion-item-title\" data-accordion-index=\"1\" tabindex=\"0\" aria-expanded=\"true\" aria-controls=\"e-n-accordion-item-1100\" >\n\t\t\t\t\t<span class='e-n-accordion-item-title-header'><div class=\"e-n-accordion-item-title-text\"> Auto-test <\/div><\/span>\n\t\t\t\t\t\t\t<span class='e-n-accordion-item-title-icon'>\n\t\t\t<span class='e-opened' ><svg aria-hidden=\"true\" class=\"e-font-icon-svg e-fas-minus\" viewBox=\"0 0 448 512\" xmlns=\"http:\/\/www.w3.org\/2000\/svg\"><path d=\"M416 208H32c-17.67 0-32 14.33-32 32v32c0 17.67 14.33 32 32 32h384c17.67 0 32-14.33 32-32v-32c0-17.67-14.33-32-32-32z\"><\/path><\/svg><\/span>\n\t\t\t<span class='e-closed'><svg aria-hidden=\"true\" class=\"e-font-icon-svg e-fas-plus\" viewBox=\"0 0 448 512\" xmlns=\"http:\/\/www.w3.org\/2000\/svg\"><path d=\"M416 208H272V64c0-17.67-14.33-32-32-32h-32c-17.67 0-32 14.33-32 32v144H32c-17.67 0-32 14.33-32 32v32c0 17.67 14.33 32 32 32h144v144c0 17.67 14.33 32 32 32h32c17.67 0 32-14.33 32-32V304h144c17.67 0 32-14.33 32-32v-32c0-17.67-14.33-32-32-32z\"><\/path><\/svg><\/span>\n\t\t<\/span>\n\n\t\t\t\t\t\t<\/summary>\n\t\t\t\t<div role=\"region\" aria-labelledby=\"e-n-accordion-item-1100\" class=\"elementor-element elementor-element-b01efc9 e-con-full e-flex e-con e-child\" data-id=\"b01efc9\" data-element_type=\"container\" data-e-type=\"container\">\n\t\t\t\t<div class=\"elementor-element elementor-element-3680935 elementor-widget elementor-widget-text-editor\" data-id=\"3680935\" data-element_type=\"widget\" data-e-type=\"widget\" data-widget_type=\"text-editor.default\">\n\t\t\t\t\t\t\t\t\t<p data-start=\"249\" data-end=\"372\">Utilisez les auto-tests gratuits et anonymes suivants afin de mieux \u00e9valuer votre comportement de jeu personnel :<\/p><ul><li data-section-id=\"jxi6cv\" data-start=\"480\" data-end=\"558\"><span class=\"hover:entity-accent entity-underline inline cursor-pointer align-baseline\"><span class=\"whitespace-normal\">V\u00e9rifiez votre jeu<\/span><\/span><br data-start=\"519\" data-end=\"522\">\ud83d\udc49 <a class=\"decorated-link\" href=\"https:\/\/www.check-dein-spiel.de\" target=\"_new\" rel=\"noopener\" data-start=\"527\" data-end=\"558\">https:\/\/www.check-dein-spiel.de<\/a><\/li><li data-section-id=\"bq4ip8\" data-start=\"560\" data-end=\"647\"><span class=\"hover:entity-accent entity-underline inline cursor-pointer align-baseline\"><span class=\"whitespace-normal\">Jouer de mani\u00e8re responsable<\/span><\/span><br data-start=\"599\" data-end=\"602\">\ud83d\udc49 <a href=\"https:\/\/www.bioeg.de\/service\/infotelefone\/gluecksspielsucht\/\" target=\"_blank\" rel=\"noopener\">https:\/\/www.bioeg.de\/service\/infotelefone\/gluecksspielsucht<\/a><\/li><\/ul>\t\t\t\t\t\t\t\t<\/div>\n\t\t\t\t<\/div>\n\t\t\t\t\t<\/details>\n\t\t\t\t\t\t<details id=\"e-n-accordion-item-1101\" class=\"e-n-accordion-item\" >\n\t\t\t\t<summary class=\"e-n-accordion-item-title\" data-accordion-index=\"2\" tabindex=\"-1\" aria-expanded=\"false\" aria-controls=\"e-n-accordion-item-1101\" >\n\t\t\t\t\t<span class='e-n-accordion-item-title-header'><div class=\"e-n-accordion-item-title-text\"> Conseil en ligne &amp; aide <\/div><\/span>\n\t\t\t\t\t\t\t<span class='e-n-accordion-item-title-icon'>\n\t\t\t<span class='e-opened' ><svg aria-hidden=\"true\" class=\"e-font-icon-svg e-fas-minus\" viewBox=\"0 0 448 512\" xmlns=\"http:\/\/www.w3.org\/2000\/svg\"><path d=\"M416 208H32c-17.67 0-32 14.33-32 32v32c0 17.67 14.33 32 32 32h384c17.67 0 32-14.33 32-32v-32c0-17.67-14.33-32-32-32z\"><\/path><\/svg><\/span>\n\t\t\t<span class='e-closed'><svg aria-hidden=\"true\" class=\"e-font-icon-svg e-fas-plus\" viewBox=\"0 0 448 512\" xmlns=\"http:\/\/www.w3.org\/2000\/svg\"><path d=\"M416 208H272V64c0-17.67-14.33-32-32-32h-32c-17.67 0-32 14.33-32 32v144H32c-17.67 0-32 14.33-32 32v32c0 17.67 14.33 32 32 32h144v144c0 17.67 14.33 32 32 32h32c17.67 0 32-14.33 32-32V304h144c17.67 0 32-14.33 32-32v-32c0-17.67-14.33-32-32-32z\"><\/path><\/svg><\/span>\n\t\t<\/span>\n\n\t\t\t\t\t\t<\/summary>\n\t\t\t\t<div role=\"region\" aria-labelledby=\"e-n-accordion-item-1101\" class=\"elementor-element elementor-element-2f11641 e-con-full e-flex e-con e-child\" data-id=\"2f11641\" data-element_type=\"container\" data-e-type=\"container\">\n\t\t\t\t<div class=\"elementor-element elementor-element-089c79d elementor-widget elementor-widget-text-editor\" data-id=\"089c79d\" data-element_type=\"widget\" data-e-type=\"widget\" data-widget_type=\"text-editor.default\">\n\t\t\t\t\t\t\t\t\t<p data-start=\"685\" data-end=\"938\">Si vous souhaitez r\u00e9fl\u00e9chir \u00e0 votre comportement de jeu ou recherchez du soutien, de nombreuses offres en ligne professionnelles et anonymes sont \u00e0 votre disposition. Elles s\u2019adressent aussi bien aux joueurs et joueuses \u00e0 risque qu\u2019\u00e0 ceux et celles d\u00e9j\u00e0 concern\u00e9s. <\/p><p data-start=\"685\" data-end=\"938\"><span class=\"hover:entity-accent entity-underline inline cursor-pointer align-baseline\"><span class=\"whitespace-normal\">Gl\u00fccksspielsucht.de<\/span><\/span><br data-start=\"1119\" data-end=\"1122\">\ud83d\udc49 <a class=\"decorated-link\" href=\"https:\/\/www.gluecksspielsucht.de\" target=\"_new\" rel=\"noopener\" data-start=\"1127\" data-end=\"1159\">https:\/\/www.gluecksspielsucht.de<\/a><\/p><p data-start=\"685\" data-end=\"938\"><span class=\"hover:entity-accent entity-underline inline cursor-pointer align-baseline\"><span class=\"whitespace-normal\">Joueurs anonymes<\/span><\/span><br data-start=\"1402\" data-end=\"1405\">\ud83d\udc49 <a class=\"decorated-link\" href=\"https:\/\/www.anonyme-spieler.org\" target=\"_new\" rel=\"noopener\" data-start=\"1410\" data-end=\"1441\">https:\/\/www.anonyme-spieler.org<\/a><\/p><p data-start=\"685\" data-end=\"938\"><span class=\"hover:entity-accent entity-underline inline cursor-pointer align-baseline\"><span class=\"whitespace-normal\">Jouer de mani\u00e8re responsable<\/span><\/span><br data-start=\"1313\" data-end=\"1316\">\ud83d\udc49 <a class=\"decorated-link\" href=\"https:\/\/www.spielen-mit-verantwortung.de\" target=\"_new\" rel=\"noopener\" data-start=\"1321\" data-end=\"1361\">https:\/\/www.spielen-mit-verantwortung.de<\/a><\/p><p data-start=\"685\" data-end=\"938\"> <\/p>\t\t\t\t\t\t\t\t<\/div>\n\t\t\t\t<\/div>\n\t\t\t\t\t<\/details>\n\t\t\t\t\t\t<details id=\"e-n-accordion-item-1102\" class=\"e-n-accordion-item\" >\n\t\t\t\t<summary class=\"e-n-accordion-item-title\" data-accordion-index=\"3\" tabindex=\"-1\" aria-expanded=\"false\" aria-controls=\"e-n-accordion-item-1102\" >\n\t\t\t\t\t<span class='e-n-accordion-item-title-header'><div class=\"e-n-accordion-item-title-text\"> Offres de conseil sur place <\/div><\/span>\n\t\t\t\t\t\t\t<span class='e-n-accordion-item-title-icon'>\n\t\t\t<span class='e-opened' ><svg aria-hidden=\"true\" class=\"e-font-icon-svg e-fas-minus\" viewBox=\"0 0 448 512\" xmlns=\"http:\/\/www.w3.org\/2000\/svg\"><path d=\"M416 208H32c-17.67 0-32 14.33-32 32v32c0 17.67 14.33 32 32 32h384c17.67 0 32-14.33 32-32v-32c0-17.67-14.33-32-32-32z\"><\/path><\/svg><\/span>\n\t\t\t<span class='e-closed'><svg aria-hidden=\"true\" class=\"e-font-icon-svg e-fas-plus\" viewBox=\"0 0 448 512\" xmlns=\"http:\/\/www.w3.org\/2000\/svg\"><path d=\"M416 208H272V64c0-17.67-14.33-32-32-32h-32c-17.67 0-32 14.33-32 32v144H32c-17.67 0-32 14.33-32 32v32c0 17.67 14.33 32 32 32h144v144c0 17.67 14.33 32 32 32h32c17.67 0 32-14.33 32-32V304h144c17.67 0 32-14.33 32-32v-32c0-17.67-14.33-32-32-32z\"><\/path><\/svg><\/span>\n\t\t<\/span>\n\n\t\t\t\t\t\t<\/summary>\n\t\t\t\t<div role=\"region\" aria-labelledby=\"e-n-accordion-item-1102\" class=\"elementor-element elementor-element-d73964d e-con-full e-flex e-con e-child\" data-id=\"d73964d\" data-element_type=\"container\" data-e-type=\"container\">\n\t\t\t\t<div class=\"elementor-element elementor-element-eeb20d0 elementor-widget elementor-widget-text-editor\" data-id=\"eeb20d0\" data-element_type=\"widget\" data-e-type=\"widget\" data-widget_type=\"text-editor.default\">\n\t\t\t\t\t\t\t\t\t<p data-start=\"1557\" data-end=\"1712\">Un conseil personnalis\u00e9 peut souvent \u00eatre particuli\u00e8rement utile. Pr\u00e8s de chez vous, vous trouverez de nombreux centres de conseil en addictologie qui vous accompagnent en toute confidentialit\u00e9. <\/p><ul data-start=\"1714\" data-end=\"1916\"><li data-section-id=\"1iuxogb\" data-start=\"1714\" data-end=\"1813\"><span class=\"hover:entity-accent entity-underline inline cursor-pointer align-baseline\"><span class=\"whitespace-normal\">Spielsucht-Therapie.de<\/span><\/span><br data-start=\"1753\" data-end=\"1756\">\ud83d\udc49 <a class=\"decorated-link\" href=\"https:\/\/www.spielsucht-therapie.de\/beratungsstellen\/\" target=\"_new\" rel=\"noopener\" data-start=\"1761\" data-end=\"1813\">https:\/\/www.spielsucht-therapie.de\/beratungsstellen\/<\/a><\/li><li data-section-id=\"1w1s5j6\" data-start=\"1815\" data-end=\"1916\"><span class=\"hover:entity-accent entity-underline inline cursor-pointer align-baseline\"><span class=\"whitespace-normal\">V\u00e9rifiez votre jeu<\/span><\/span><br data-start=\"1856\" data-end=\"1859\">\ud83d\udc49 <a class=\"decorated-link\" href=\"https:\/\/www.check-dein-spiel.de\/hilfe\/hilfe-vor-ort\/\" target=\"_new\" rel=\"noopener\" data-start=\"1864\" data-end=\"1916\">https:\/\/www.check-dein-spiel.de\/hilfe\/hilfe-vor-ort\/<\/a><\/li><\/ul>\t\t\t\t\t\t\t\t<\/div>\n\t\t\t\t<\/div>\n\t\t\t\t\t<\/details>\n\t\t\t\t\t\t<details id=\"e-n-accordion-item-1103\" class=\"e-n-accordion-item\" >\n\t\t\t\t<summary class=\"e-n-accordion-item-title\" data-accordion-index=\"4\" tabindex=\"-1\" aria-expanded=\"false\" aria-controls=\"e-n-accordion-item-1103\" >\n\t\t\t\t\t<span class='e-n-accordion-item-title-header'><div class=\"e-n-accordion-item-title-text\"> Interdiction de jeu <\/div><\/span>\n\t\t\t\t\t\t\t<span class='e-n-accordion-item-title-icon'>\n\t\t\t<span class='e-opened' ><svg aria-hidden=\"true\" class=\"e-font-icon-svg e-fas-minus\" viewBox=\"0 0 448 512\" xmlns=\"http:\/\/www.w3.org\/2000\/svg\"><path d=\"M416 208H32c-17.67 0-32 14.33-32 32v32c0 17.67 14.33 32 32 32h384c17.67 0 32-14.33 32-32v-32c0-17.67-14.33-32-32-32z\"><\/path><\/svg><\/span>\n\t\t\t<span class='e-closed'><svg aria-hidden=\"true\" class=\"e-font-icon-svg e-fas-plus\" viewBox=\"0 0 448 512\" xmlns=\"http:\/\/www.w3.org\/2000\/svg\"><path d=\"M416 208H272V64c0-17.67-14.33-32-32-32h-32c-17.67 0-32 14.33-32 32v144H32c-17.67 0-32 14.33-32 32v32c0 17.67 14.33 32 32 32h144v144c0 17.67 14.33 32 32 32h32c17.67 0 32-14.33 32-32V304h144c17.67 0 32-14.33 32-32v-32c0-17.67-14.33-32-32-32z\"><\/path><\/svg><\/span>\n\t\t<\/span>\n\n\t\t\t\t\t\t<\/summary>\n\t\t\t\t<div role=\"region\" aria-labelledby=\"e-n-accordion-item-1103\" class=\"elementor-element elementor-element-30670d2 e-flex e-con-boxed e-con e-child\" data-id=\"30670d2\" data-element_type=\"container\" data-e-type=\"container\">\n\t\t\t\t\t<div class=\"e-con-inner\">\n\t\t\t\t<div class=\"elementor-element elementor-element-a4266cf elementor-widget elementor-widget-text-editor\" data-id=\"a4266cf\" data-element_type=\"widget\" data-e-type=\"widget\" data-widget_type=\"text-editor.default\">\n\t\t\t\t\t\t\t\t\t<p data-start=\"148\" data-end=\"335\">Le jeu responsable est notre priorit\u00e9 absolue. Lorsque des clients constatent qu\u2019ils souhaitent limiter leur comportement de jeu, nous leur proposons un accompagnement clair et simple. <\/p><p data-start=\"337\" data-end=\"672\">Une interdiction de jeu peut \u00eatre mise en place directement sur place dans nos \u00e9tablissements. Elle s\u2019effectue via l\u2019<strong data-start=\"464\" data-end=\"487\">interdiction de jeu OASIS<\/strong>, un syst\u00e8me national d\u2019exclusion destin\u00e9 \u00e0 prot\u00e9ger les joueuses et les joueurs. Notre personnel form\u00e9 vous accompagne de mani\u00e8re discr\u00e8te et simple dans toutes les d\u00e9marches n\u00e9cessaires.  <\/p><p data-start=\"674\" data-end=\"808\">Pendant une interdiction active, l\u2019acc\u00e8s \u00e0 nos \u00e9tablissements de jeu est exclu \u2013 nous l\u2019appliquons de mani\u00e8re syst\u00e9matique et fiable.<\/p><p data-start=\"810\" data-end=\"959\">Notre objectif est d\u2019apporter un soutien le plus t\u00f4t possible et de cr\u00e9er un cadre s\u00fbr dans lequel le jeu responsable reste possible \u00e0 tout moment.<\/p>\t\t\t\t\t\t\t\t<\/div>\n\t\t\t\t\t<\/div>\n\t\t\t\t<\/div>\n\t\t\t\t\t<\/details>\n\t\t\t\t\t<\/div>\n\t\t\t\t\t\t<\/div>\n\t\t\t\t<\/div>\n\t\t\t\t\t<\/div>\n\t\t\t\t<\/div>\n\t\t\t\t<\/div>\n\t\t","protected":false},"excerpt":{"rendered":"<p>Protection des joueurs Notre objectif est de sensibiliser les joueurs \u00e0 leur responsabilit\u00e9 et de cr\u00e9er un environnement s\u00fbr. Nous nous engageons en faveur du jeu responsable et mettons \u00e0 disposition des informations qui aident \u00e0 garder le contr\u00f4le. Informez-vous et jouez de mani\u00e8re responsable ! Notre charte Chez nous, la protection des joueurs est [&hellip;]<\/p>\n","protected":false},"author":1,"featured_media":0,"parent":0,"menu_order":0,"comment_status":"closed","ping_status":"closed","template":"","meta":{"footnotes":""},"class_list":["post-1323","page","type-page","status-publish","hentry"],"_links":{"self":[{"href":"https:\/\/spielhalle.casino\/fr\/wp-json\/wp\/v2\/pages\/1323","targetHints":{"allow":["GET"]}}],"collection":[{"href":"https:\/\/spielhalle.casino\/fr\/wp-json\/wp\/v2\/pages"}],"about":[{"href":"https:\/\/spielhalle.casino\/fr\/wp-json\/wp\/v2\/types\/page"}],"author":[{"embeddable":true,"href":"https:\/\/spielhalle.casino\/fr\/wp-json\/wp\/v2\/users\/1"}],"replies":[{"embeddable":true,"href":"https:\/\/spielhalle.casino\/fr\/wp-json\/wp\/v2\/comments?post=1323"}],"version-history":[{"count":1,"href":"https:\/\/spielhalle.casino\/fr\/wp-json\/wp\/v2\/pages\/1323\/revisions"}],"predecessor-version":[{"id":1326,"href":"https:\/\/spielhalle.casino\/fr\/wp-json\/wp\/v2\/pages\/1323\/revisions\/1326"}],"wp:attachment":[{"href":"https:\/\/spielhalle.casino\/fr\/wp-json\/wp\/v2\/media?parent=1323"}],"curies":[{"name":"wp","href":"https:\/\/api.w.org\/{rel}","templated":true}]}}