{"id":1395,"date":"2025-12-17T17:27:15","date_gmt":"2025-12-17T16:27:15","guid":{"rendered":"https:\/\/spielhalle.casino\/mentions-legales\/"},"modified":"2026-04-09T20:14:41","modified_gmt":"2026-04-09T18:14:41","slug":"mentions-legales","status":"publish","type":"page","link":"https:\/\/spielhalle.casino\/fr\/mentions-legales\/","title":{"rendered":"Mentions l\u00e9gales"},"content":{"rendered":"\t\t<div data-elementor-type=\"wp-page\" data-elementor-id=\"1395\" class=\"elementor elementor-1395 elementor-73\" data-elementor-post-type=\"page\">\n\t\t\t\t<div class=\"elementor-element elementor-element-a89d4c7 e-flex e-con-boxed e-con e-parent\" data-id=\"a89d4c7\" data-element_type=\"container\" data-e-type=\"container\">\n\t\t\t\t\t<div class=\"e-con-inner\">\n\t\t<div class=\"elementor-element elementor-element-80f6bf3 e-con-full e-flex e-con e-child\" data-id=\"80f6bf3\" data-element_type=\"container\" data-e-type=\"container\">\n\t\t\t\t<div class=\"elementor-element elementor-element-2a41e6f elementor-widget elementor-widget-heading\" data-id=\"2a41e6f\" data-element_type=\"widget\" data-e-type=\"widget\" data-widget_type=\"heading.default\">\n\t\t\t\t\t<h2 class=\"elementor-heading-title elementor-size-default\">Informations importantes dans les mentions l\u00e9gales<\/h2>\t\t\t\t<\/div>\n\t\t\t\t<div class=\"elementor-element elementor-element-8df3aae elementor-widget elementor-widget-text-editor\" data-id=\"8df3aae\" data-element_type=\"widget\" data-e-type=\"widget\" data-widget_type=\"text-editor.default\">\n\t\t\t\t\t\t\t\t\t<h1 data-section-id=\"wqzoil\" data-start=\"103\" data-end=\"114\">Mentions l\u00e9gales<\/h1><p data-start=\"116\" data-end=\"141\"><strong data-start=\"116\" data-end=\"141\">Informations conform\u00e9ment au \u00a7 5 TMG<\/strong><\/p><p data-start=\"143\" data-end=\"221\"><strong data-start=\"143\" data-end=\"167\">Trinacria Gioco GmbH<\/strong><br data-start=\"167\" data-end=\"170\">Kaiserstra\u00dfe 28<br data-start=\"185\" data-end=\"188\">66386 St. Ingbert<br data-start=\"205\" data-end=\"208\">Allemagne<\/p><p data-start=\"223\" data-end=\"293\"><strong data-start=\"223\" data-end=\"242\">Registre du commerce<\/strong><br data-start=\"268\" data-end=\"271\">Tribunal d\u2019instance de Sarrebruck HRB 104724<\/p><p data-start=\"295\" data-end=\"342\"><strong data-start=\"295\" data-end=\"314\">N\u00b0 de TVA intracommunautaire<\/strong><br data-start=\"314\" data-end=\"317\">N\u00b0 de TVA :  <\/p><p data-start=\"344\" data-end=\"409\"><strong data-start=\"344\" data-end=\"384\">Repr\u00e9sent\u00e9 par la direction<\/strong><br data-start=\"384\" data-end=\"387\">G.D.S.<\/p><p data-start=\"411\" data-end=\"457\"><strong data-start=\"411\" data-end=\"422\">Contact<\/strong><br data-start=\"422\" data-end=\"425\">E-mail : <a class=\"decorated-link cursor-pointer\" rel=\"noopener\" data-start=\"433\" data-end=\"455\">info@spielhalle.casino<\/a><\/p><hr data-start=\"459\" data-end=\"462\"><h2 data-section-id=\"1l9iabo\" data-start=\"464\" data-end=\"518\">Responsable du contenu conform\u00e9ment au \u00a7 18, al. 2 MStV <\/h2><p data-start=\"520\" data-end=\"580\">Trinacria Gioco GmbH<br data-start=\"540\" data-end=\"543\">Kaiserstra\u00dfe 28<br data-start=\"558\" data-end=\"561\">66386 St. Ingbert<\/p><hr data-start=\"582\" data-end=\"585\"><h2 data-section-id=\"1yifl89\" data-start=\"587\" data-end=\"609\">Responsabilit\u00e9 relative aux contenus<\/h2><p data-start=\"611\" data-end=\"914\">Les contenus de nos pages ont \u00e9t\u00e9 \u00e9labor\u00e9s avec le plus grand soin. Toutefois, nous ne pouvons garantir l\u2019exactitude, l\u2019exhaustivit\u00e9 et l\u2019actualit\u00e9 des contenus. En tant que prestataire de services, nous sommes responsables de nos propres contenus sur ces pages conform\u00e9ment au \u00a7 7, al. 1 TMG, selon les lois g\u00e9n\u00e9rales.   <\/p><hr data-start=\"916\" data-end=\"919\"><h2 data-section-id=\"18g7ogp\" data-start=\"921\" data-end=\"941\">Responsabilit\u00e9 relative aux liens<\/h2><p data-start=\"943\" data-end=\"1120\">Notre offre contient des liens vers des sites web externes de tiers, sur le contenu desquels nous n\u2019avons aucune influence. Par cons\u00e9quent, nous ne pouvons assumer aucune garantie pour ces contenus externes. <\/p><hr data-start=\"1122\" data-end=\"1125\"><h2 data-section-id=\"4scjf6\" data-start=\"1127\" data-end=\"1142\">Droit d\u2019auteur<\/h2><p data-start=\"1144\" data-end=\"1260\">Les contenus et \u0153uvres cr\u00e9\u00e9s par l\u2019exploitant du site sur ces pages sont soumis au droit d\u2019auteur allemand.<\/p>\t\t\t\t\t\t\t\t<\/div>\n\t\t\t\t<\/div>\n\t\t\t\t\t<\/div>\n\t\t\t\t<\/div>\n\t\t\t\t<\/div>\n\t\t","protected":false},"excerpt":{"rendered":"<p>Informations importantes dans les mentions l\u00e9gales Mentions l\u00e9gales Informations conform\u00e9ment au \u00a7 5 TMG Trinacria Gioco GmbHKaiserstra\u00dfe 2866386 St. IngbertAllemagne Registre du commerceTribunal d\u2019instance de Sarrebruck HRB 104724 N\u00b0 de TVA intracommunautaireN\u00b0 de TVA : Repr\u00e9sent\u00e9 par la directionG.D.S. ContactE-mail : info@spielhalle.casino Responsable du contenu conform\u00e9ment au \u00a7 18, al. 2 MStV Trinacria Gioco GmbHKaiserstra\u00dfe [&hellip;]<\/p>\n","protected":false},"author":1,"featured_media":0,"parent":0,"menu_order":0,"comment_status":"closed","ping_status":"closed","template":"","meta":{"footnotes":""},"class_list":["post-1395","page","type-page","status-publish","hentry"],"_links":{"self":[{"href":"https:\/\/spielhalle.casino\/fr\/wp-json\/wp\/v2\/pages\/1395","targetHints":{"allow":["GET"]}}],"collection":[{"href":"https:\/\/spielhalle.casino\/fr\/wp-json\/wp\/v2\/pages"}],"about":[{"href":"https:\/\/spielhalle.casino\/fr\/wp-json\/wp\/v2\/types\/page"}],"author":[{"embeddable":true,"href":"https:\/\/spielhalle.casino\/fr\/wp-json\/wp\/v2\/users\/1"}],"replies":[{"embeddable":true,"href":"https:\/\/spielhalle.casino\/fr\/wp-json\/wp\/v2\/comments?post=1395"}],"version-history":[{"count":3,"href":"https:\/\/spielhalle.casino\/fr\/wp-json\/wp\/v2\/pages\/1395\/revisions"}],"predecessor-version":[{"id":2024,"href":"https:\/\/spielhalle.casino\/fr\/wp-json\/wp\/v2\/pages\/1395\/revisions\/2024"}],"wp:attachment":[{"href":"https:\/\/spielhalle.casino\/fr\/wp-json\/wp\/v2\/media?parent=1395"}],"curies":[{"name":"wp","href":"https:\/\/api.w.org\/{rel}","templated":true}]}}