{"id":1969,"date":"2025-12-17T17:27:15","date_gmt":"2025-12-17T16:27:15","guid":{"rendered":"https:\/\/spielhalle.casino\/note-legali\/"},"modified":"2026-04-09T20:14:47","modified_gmt":"2026-04-09T18:14:47","slug":"note-legali","status":"publish","type":"page","link":"https:\/\/spielhalle.casino\/it\/note-legali\/","title":{"rendered":"Note legali"},"content":{"rendered":"\t\t<div data-elementor-type=\"wp-page\" data-elementor-id=\"1969\" class=\"elementor elementor-1969 elementor-73\" data-elementor-post-type=\"page\">\n\t\t\t\t<div class=\"elementor-element elementor-element-a89d4c7 e-flex e-con-boxed e-con e-parent\" data-id=\"a89d4c7\" data-element_type=\"container\" data-e-type=\"container\">\n\t\t\t\t\t<div class=\"e-con-inner\">\n\t\t<div class=\"elementor-element elementor-element-80f6bf3 e-con-full e-flex e-con e-child\" data-id=\"80f6bf3\" data-element_type=\"container\" data-e-type=\"container\">\n\t\t\t\t<div class=\"elementor-element elementor-element-2a41e6f elementor-widget elementor-widget-heading\" data-id=\"2a41e6f\" data-element_type=\"widget\" data-e-type=\"widget\" data-widget_type=\"heading.default\">\n\t\t\t\t\t<h2 class=\"elementor-heading-title elementor-size-default\">Informazioni importanti nelle note legali<\/h2>\t\t\t\t<\/div>\n\t\t\t\t<div class=\"elementor-element elementor-element-8df3aae elementor-widget elementor-widget-text-editor\" data-id=\"8df3aae\" data-element_type=\"widget\" data-e-type=\"widget\" data-widget_type=\"text-editor.default\">\n\t\t\t\t\t\t\t\t\t<h1 data-section-id=\"wqzoil\" data-start=\"103\" data-end=\"114\">Note legali<\/h1><p data-start=\"116\" data-end=\"141\"><strong data-start=\"116\" data-end=\"141\">Dati ai sensi del \u00a7 5 TMG<\/strong><\/p><p data-start=\"143\" data-end=\"221\"><strong data-start=\"143\" data-end=\"167\">Trinacria Gioco GmbH<\/strong><br data-start=\"167\" data-end=\"170\">Kaiserstra\u00dfe 28<br data-start=\"185\" data-end=\"188\">66386 St. Ingbert<br data-start=\"205\" data-end=\"208\">Germania<\/p><p data-start=\"223\" data-end=\"293\"><strong data-start=\"223\" data-end=\"242\">Registro delle imprese<\/strong><br data-start=\"268\" data-end=\"271\">Tribunale di Saarbr\u00fccken HRB 104724<\/p><p data-start=\"295\" data-end=\"342\"><strong data-start=\"295\" data-end=\"314\">Partita IVA<\/strong><br data-start=\"314\" data-end=\"317\">P. IVA:  <\/p><p data-start=\"344\" data-end=\"409\"><strong data-start=\"344\" data-end=\"384\">Rappresentata dalla direzione<\/strong><br data-start=\"384\" data-end=\"387\">G.D.S.<\/p><p data-start=\"411\" data-end=\"457\"><strong data-start=\"411\" data-end=\"422\">Contatto<\/strong><br data-start=\"422\" data-end=\"425\">E-mail: <a class=\"decorated-link cursor-pointer\" rel=\"noopener\" data-start=\"433\" data-end=\"455\">info@spielhalle.casino<\/a><\/p><hr data-start=\"459\" data-end=\"462\"><h2 data-section-id=\"1l9iabo\" data-start=\"464\" data-end=\"518\">Responsabile dei contenuti ai sensi del \u00a7 18 comma 2 MStV <\/h2><p data-start=\"520\" data-end=\"580\">Trinacria Gioco GmbH<br data-start=\"540\" data-end=\"543\">Kaiserstra\u00dfe 28<br data-start=\"558\" data-end=\"561\">66386 St. Ingbert<\/p><hr data-start=\"582\" data-end=\"585\"><h2 data-section-id=\"1yifl89\" data-start=\"587\" data-end=\"609\">Responsabilit\u00e0 per i contenuti<\/h2><p data-start=\"611\" data-end=\"914\">I contenuti delle nostre pagine sono stati creati con la massima cura. Tuttavia, non possiamo assumerci alcuna responsabilit\u00e0 per la correttezza, la completezza e l&#8217;attualit\u00e0 dei contenuti. In qualit\u00e0 di fornitore di servizi, siamo responsabili dei nostri contenuti su queste pagine ai sensi del \u00a7 7 comma 1 TMG in conformit\u00e0 con le leggi generali.   <\/p><hr data-start=\"916\" data-end=\"919\"><h2 data-section-id=\"18g7ogp\" data-start=\"921\" data-end=\"941\">Responsabilit\u00e0 per i link<\/h2><p data-start=\"943\" data-end=\"1120\">La nostra offerta contiene link a siti web esterni di terzi, sui cui contenuti non abbiamo alcuna influenza. Pertanto, non possiamo assumerci alcuna responsabilit\u00e0 per questi contenuti esterni. <\/p><hr data-start=\"1122\" data-end=\"1125\"><h2 data-section-id=\"4scjf6\" data-start=\"1127\" data-end=\"1142\">Diritto d&#8217;autore<\/h2><p data-start=\"1144\" data-end=\"1260\">I contenuti e le opere creati dai gestori del sito su queste pagine sono soggetti al diritto d&#8217;autore tedesco.<\/p>\t\t\t\t\t\t\t\t<\/div>\n\t\t\t\t<\/div>\n\t\t\t\t\t<\/div>\n\t\t\t\t<\/div>\n\t\t\t\t<\/div>\n\t\t","protected":false},"excerpt":{"rendered":"<p>Informazioni importanti nelle note legali Note legali Dati ai sensi del \u00a7 5 TMG Trinacria Gioco GmbHKaiserstra\u00dfe 2866386 St. IngbertGermania Registro delle impreseTribunale di Saarbr\u00fccken HRB 104724 Partita IVAP. IVA: Rappresentata dalla direzioneG.D.S. ContattoE-mail: info@spielhalle.casino Responsabile dei contenuti ai sensi del \u00a7 18 comma 2 MStV Trinacria Gioco GmbHKaiserstra\u00dfe 2866386 St. Ingbert Responsabilit\u00e0 per i [&hellip;]<\/p>\n","protected":false},"author":1,"featured_media":0,"parent":0,"menu_order":0,"comment_status":"closed","ping_status":"closed","template":"","meta":{"footnotes":""},"class_list":["post-1969","page","type-page","status-publish","hentry"],"_links":{"self":[{"href":"https:\/\/spielhalle.casino\/it\/wp-json\/wp\/v2\/pages\/1969","targetHints":{"allow":["GET"]}}],"collection":[{"href":"https:\/\/spielhalle.casino\/it\/wp-json\/wp\/v2\/pages"}],"about":[{"href":"https:\/\/spielhalle.casino\/it\/wp-json\/wp\/v2\/types\/page"}],"author":[{"embeddable":true,"href":"https:\/\/spielhalle.casino\/it\/wp-json\/wp\/v2\/users\/1"}],"replies":[{"embeddable":true,"href":"https:\/\/spielhalle.casino\/it\/wp-json\/wp\/v2\/comments?post=1969"}],"version-history":[{"count":5,"href":"https:\/\/spielhalle.casino\/it\/wp-json\/wp\/v2\/pages\/1969\/revisions"}],"predecessor-version":[{"id":2030,"href":"https:\/\/spielhalle.casino\/it\/wp-json\/wp\/v2\/pages\/1969\/revisions\/2030"}],"wp:attachment":[{"href":"https:\/\/spielhalle.casino\/it\/wp-json\/wp\/v2\/media?parent=1969"}],"curies":[{"name":"wp","href":"https:\/\/api.w.org\/{rel}","templated":true}]}}