{"id":1999,"date":"2025-12-17T17:27:15","date_gmt":"2025-12-17T16:27:15","guid":{"rendered":"https:\/\/spielhalle.casino\/tutela-dei-giocatori\/"},"modified":"2026-04-02T14:16:45","modified_gmt":"2026-04-02T12:16:45","slug":"tutela-dei-giocatori","status":"publish","type":"page","link":"https:\/\/spielhalle.casino\/it\/tutela-dei-giocatori\/","title":{"rendered":"Tutela dei giocatori"},"content":{"rendered":"\t\t<div data-elementor-type=\"wp-page\" data-elementor-id=\"1999\" class=\"elementor elementor-1999 elementor-71\" data-elementor-post-type=\"page\">\n\t\t\t\t<div class=\"elementor-element elementor-element-9fc3676 e-flex e-con-boxed e-con e-parent\" data-id=\"9fc3676\" data-element_type=\"container\" data-e-type=\"container\" data-settings=\"{&quot;background_background&quot;:&quot;classic&quot;}\">\n\t\t\t\t\t<div class=\"e-con-inner\">\n\t\t<div class=\"elementor-element elementor-element-569a268 e-con-full e-flex e-con e-child\" data-id=\"569a268\" data-element_type=\"container\" data-e-type=\"container\">\n\t\t\t\t<div class=\"elementor-element elementor-element-d0720a3 elementor-widget elementor-widget-heading\" data-id=\"d0720a3\" data-element_type=\"widget\" data-e-type=\"widget\" data-widget_type=\"heading.default\">\n\t\t\t\t\t<h2 class=\"elementor-heading-title elementor-size-default\">Protezione per i giocatori<\/h2>\t\t\t\t<\/div>\n\t\t\t\t<div class=\"elementor-element elementor-element-0b27f51 elementor-widget elementor-widget-text-editor\" data-id=\"0b27f51\" data-element_type=\"widget\" data-e-type=\"widget\" data-widget_type=\"text-editor.default\">\n\t\t\t\t\t\t\t\t\t<p>Il nostro obiettivo \u00e8 sensibilizzare il giocatore sulla propria responsabilit\u00e0 e creare un ambiente sicuro. Ci impegniamo per il gioco responsabile e offriamo informazioni che aiutano a mantenere il controllo. Informati e gioca in modo responsabile!  <\/p>\t\t\t\t\t\t\t\t<\/div>\n\t\t\t\t<\/div>\n\t\t\t\t\t<\/div>\n\t\t\t\t<\/div>\n\t\t<div class=\"elementor-element elementor-element-9189574 e-con-full e-flex e-con e-parent\" data-id=\"9189574\" data-element_type=\"container\" data-e-type=\"container\">\n\t\t<div class=\"elementor-element elementor-element-835bdca e-con-full e-flex e-con e-child\" data-id=\"835bdca\" data-element_type=\"container\" data-e-type=\"container\">\n\t\t\t\t<div class=\"elementor-element elementor-element-e1d959e elementor-widget elementor-widget-heading\" data-id=\"e1d959e\" data-element_type=\"widget\" data-e-type=\"widget\" data-widget_type=\"heading.default\">\n\t\t\t\t\t<h1 class=\"elementor-heading-title elementor-size-default\">La nostra filosofia<\/h1>\t\t\t\t<\/div>\n\t\t\t\t<div class=\"elementor-element elementor-element-b0181da elementor-widget__width-initial elementor-widget-mobile__width-inherit elementor-widget elementor-widget-text-editor\" data-id=\"b0181da\" data-element_type=\"widget\" data-e-type=\"widget\" data-widget_type=\"text-editor.default\">\n\t\t\t\t\t\t\t\t\t<p>Per noi la tutela dei giocatori \u00e8 al primo posto. Ci impegniamo affinch\u00e9 tutti i giocatori nei nostri casin\u00f2 possano giocare in modo sicuro e responsabile. Il nostro obiettivo \u00e8 creare un ambiente in cui i giocatori mantengano il controllo sul proprio comportamento di gioco e siano sempre ben informati. Vogliamo che ogni ospite si senta a proprio agio nelle nostre sale e viva le migliori esperienze possibili.   <\/p>\t\t\t\t\t\t\t\t<\/div>\n\t\t\t\t<\/div>\n\t\t<div class=\"elementor-element elementor-element-55a9fe0 e-con-full e-flex e-con e-child\" data-id=\"55a9fe0\" data-element_type=\"container\" data-e-type=\"container\" data-settings=\"{&quot;background_background&quot;:&quot;classic&quot;}\">\n\t\t\t\t<\/div>\n\t\t\t\t<\/div>\n\t\t<div class=\"elementor-element elementor-element-141cdd8 e-flex e-con-boxed e-con e-parent\" data-id=\"141cdd8\" data-element_type=\"container\" data-e-type=\"container\">\n\t\t\t\t\t<div class=\"e-con-inner\">\n\t\t\t\t<div class=\"elementor-element elementor-element-64fd8c9 elementor-widget elementor-widget-text-editor\" data-id=\"64fd8c9\" data-element_type=\"widget\" data-e-type=\"widget\" data-widget_type=\"text-editor.default\">\n\t\t\t\t\t\t\t\t\t<h1 data-start=\"145\" data-end=\"385\">Tutela dei minori<\/h1><p data-start=\"145\" data-end=\"385\">La tutela dei minori per noi non \u00e8 un obbligo, ma una posizione chiara. L&#8217;approccio responsabile al gioco d&#8217;azzardo e la protezione dei giovani sono al centro del nostro operato e sono saldamente ancorati nel nostro concetto sociale. <\/p><p data-start=\"387\" data-end=\"642\">Puntiamo consapevolmente su misure preventive, personale addestrato e processi chiari per identificare precocemente i rischi e agire con coerenza. La nostra ambizione \u00e8 creare un ambiente che unisca responsabilit\u00e0, sicurezza e trasparenza. <\/p>\t\t\t\t\t\t\t\t<\/div>\n\t\t\t\t\t<\/div>\n\t\t\t\t<\/div>\n\t\t<div class=\"elementor-element elementor-element-62b60df e-flex e-con-boxed e-con e-parent\" data-id=\"62b60df\" data-element_type=\"container\" data-e-type=\"container\" data-settings=\"{&quot;background_background&quot;:&quot;classic&quot;}\">\n\t\t\t\t\t<div class=\"e-con-inner\">\n\t\t<div class=\"elementor-element elementor-element-98db577 e-con-full e-flex e-con e-child\" data-id=\"98db577\" data-element_type=\"container\" data-e-type=\"container\">\n\t\t\t\t<div class=\"elementor-element elementor-element-86af386 elementor-widget elementor-widget-text-editor\" data-id=\"86af386\" data-element_type=\"widget\" data-e-type=\"widget\" data-widget_type=\"text-editor.default\">\n\t\t\t\t\t\t\t\t\t<h1>Giochi per divertimento: mantieni il controllo. Se ti accorgi che il tuo comportamento di gioco sta cambiando, approfitta tempestivamente delle seguenti offerte. <\/h1>\t\t\t\t\t\t\t\t<\/div>\n\t\t\t\t<div class=\"elementor-element elementor-element-56fbc3a elementor-widget__width-auto elementor-align-right elementor-widget elementor-widget-button\" data-id=\"56fbc3a\" data-element_type=\"widget\" data-e-type=\"widget\" data-widget_type=\"button.default\">\n\t\t\t\t\t\t\t\t\t\t<a class=\"elementor-button elementor-button-link elementor-size-sm\" href=\"https:\/\/www.check-dein-spiel.de\/tests\/selbsttest\/\" target=\"_blank\" rel=\"noopener\">\n\t\t\t\t\t\t<span class=\"elementor-button-content-wrapper\">\n\t\t\t\t\t\t\t\t\t<span class=\"elementor-button-text\">Autovalutazione<\/span>\n\t\t\t\t\t<\/span>\n\t\t\t\t\t<\/a>\n\t\t\t\t\t\t\t\t<\/div>\n\t\t\t\t<\/div>\n\t\t<div class=\"elementor-element elementor-element-8a884cf e-con-full e-flex e-con e-child\" data-id=\"8a884cf\" data-element_type=\"container\" data-e-type=\"container\">\n\t\t\t\t<div class=\"elementor-element elementor-element-69b265d elementor-widget elementor-widget-n-accordion\" data-id=\"69b265d\" data-element_type=\"widget\" data-e-type=\"widget\" data-settings=\"{&quot;default_state&quot;:&quot;expanded&quot;,&quot;max_items_expended&quot;:&quot;one&quot;,&quot;n_accordion_animation_duration&quot;:{&quot;unit&quot;:&quot;ms&quot;,&quot;size&quot;:400,&quot;sizes&quot;:[]}}\" data-widget_type=\"nested-accordion.default\">\n\t\t\t\t\t\t\t<div class=\"e-n-accordion\" aria-label=\"Accordion. Open links with Enter or Space, close with Escape, and navigate with Arrow Keys\">\n\t\t\t\t\t\t<details id=\"e-n-accordion-item-1100\" class=\"e-n-accordion-item\" open>\n\t\t\t\t<summary class=\"e-n-accordion-item-title\" data-accordion-index=\"1\" tabindex=\"0\" aria-expanded=\"true\" aria-controls=\"e-n-accordion-item-1100\" >\n\t\t\t\t\t<span class='e-n-accordion-item-title-header'><div class=\"e-n-accordion-item-title-text\"> Autovalutazione <\/div><\/span>\n\t\t\t\t\t\t\t<span class='e-n-accordion-item-title-icon'>\n\t\t\t<span class='e-opened' ><svg aria-hidden=\"true\" class=\"e-font-icon-svg e-fas-minus\" viewBox=\"0 0 448 512\" xmlns=\"http:\/\/www.w3.org\/2000\/svg\"><path d=\"M416 208H32c-17.67 0-32 14.33-32 32v32c0 17.67 14.33 32 32 32h384c17.67 0 32-14.33 32-32v-32c0-17.67-14.33-32-32-32z\"><\/path><\/svg><\/span>\n\t\t\t<span class='e-closed'><svg aria-hidden=\"true\" class=\"e-font-icon-svg e-fas-plus\" viewBox=\"0 0 448 512\" xmlns=\"http:\/\/www.w3.org\/2000\/svg\"><path d=\"M416 208H272V64c0-17.67-14.33-32-32-32h-32c-17.67 0-32 14.33-32 32v144H32c-17.67 0-32 14.33-32 32v32c0 17.67 14.33 32 32 32h144v144c0 17.67 14.33 32 32 32h32c17.67 0 32-14.33 32-32V304h144c17.67 0 32-14.33 32-32v-32c0-17.67-14.33-32-32-32z\"><\/path><\/svg><\/span>\n\t\t<\/span>\n\n\t\t\t\t\t\t<\/summary>\n\t\t\t\t<div role=\"region\" aria-labelledby=\"e-n-accordion-item-1100\" class=\"elementor-element elementor-element-b01efc9 e-con-full e-flex e-con e-child\" data-id=\"b01efc9\" data-element_type=\"container\" data-e-type=\"container\">\n\t\t\t\t<div class=\"elementor-element elementor-element-3680935 elementor-widget elementor-widget-text-editor\" data-id=\"3680935\" data-element_type=\"widget\" data-e-type=\"widget\" data-widget_type=\"text-editor.default\">\n\t\t\t\t\t\t\t\t\t<p data-start=\"249\" data-end=\"372\">Utilizza i seguenti test di autovalutazione gratuiti e anonimi per valutare meglio il tuo comportamento di gioco personale:<\/p><ul><li data-section-id=\"jxi6cv\" data-start=\"480\" data-end=\"558\"><span class=\"hover:entity-accent entity-underline inline cursor-pointer align-baseline\"><span class=\"whitespace-normal\">Check dein Spiel<\/span><\/span><br data-start=\"519\" data-end=\"522\">\ud83d\udc49 <a class=\"decorated-link\" href=\"https:\/\/www.check-dein-spiel.de\" target=\"_new\" rel=\"noopener\" data-start=\"527\" data-end=\"558\">https:\/\/www.check-dein-spiel.de<\/a><\/li><li data-section-id=\"bq4ip8\" data-start=\"560\" data-end=\"647\"><span class=\"hover:entity-accent entity-underline inline cursor-pointer align-baseline\"><span class=\"whitespace-normal\">Spielen mit Verantwortung<\/span><\/span><br data-start=\"599\" data-end=\"602\">\ud83d\udc49 <a href=\"https:\/\/www.bioeg.de\/service\/infotelefone\/gluecksspielsucht\/\" target=\"_blank\" rel=\"noopener\">https:\/\/www.bioeg.de\/service\/infotelefone\/gluecksspielsucht<\/a><\/li><\/ul>\t\t\t\t\t\t\t\t<\/div>\n\t\t\t\t<\/div>\n\t\t\t\t\t<\/details>\n\t\t\t\t\t\t<details id=\"e-n-accordion-item-1101\" class=\"e-n-accordion-item\" >\n\t\t\t\t<summary class=\"e-n-accordion-item-title\" data-accordion-index=\"2\" tabindex=\"-1\" aria-expanded=\"false\" aria-controls=\"e-n-accordion-item-1101\" >\n\t\t\t\t\t<span class='e-n-accordion-item-title-header'><div class=\"e-n-accordion-item-title-text\"> Consulenza e aiuto online <\/div><\/span>\n\t\t\t\t\t\t\t<span class='e-n-accordion-item-title-icon'>\n\t\t\t<span class='e-opened' ><svg aria-hidden=\"true\" class=\"e-font-icon-svg e-fas-minus\" viewBox=\"0 0 448 512\" xmlns=\"http:\/\/www.w3.org\/2000\/svg\"><path d=\"M416 208H32c-17.67 0-32 14.33-32 32v32c0 17.67 14.33 32 32 32h384c17.67 0 32-14.33 32-32v-32c0-17.67-14.33-32-32-32z\"><\/path><\/svg><\/span>\n\t\t\t<span class='e-closed'><svg aria-hidden=\"true\" class=\"e-font-icon-svg e-fas-plus\" viewBox=\"0 0 448 512\" xmlns=\"http:\/\/www.w3.org\/2000\/svg\"><path d=\"M416 208H272V64c0-17.67-14.33-32-32-32h-32c-17.67 0-32 14.33-32 32v144H32c-17.67 0-32 14.33-32 32v32c0 17.67 14.33 32 32 32h144v144c0 17.67 14.33 32 32 32h32c17.67 0 32-14.33 32-32V304h144c17.67 0 32-14.33 32-32v-32c0-17.67-14.33-32-32-32z\"><\/path><\/svg><\/span>\n\t\t<\/span>\n\n\t\t\t\t\t\t<\/summary>\n\t\t\t\t<div role=\"region\" aria-labelledby=\"e-n-accordion-item-1101\" class=\"elementor-element elementor-element-2f11641 e-con-full e-flex e-con e-child\" data-id=\"2f11641\" data-element_type=\"container\" data-e-type=\"container\">\n\t\t\t\t<div class=\"elementor-element elementor-element-089c79d elementor-widget elementor-widget-text-editor\" data-id=\"089c79d\" data-element_type=\"widget\" data-e-type=\"widget\" data-widget_type=\"text-editor.default\">\n\t\t\t\t\t\t\t\t\t<p data-start=\"685\" data-end=\"938\">Se desideri riflettere sul tuo comportamento di gioco o cerchi supporto, sono a tua disposizione numerose offerte online professionali e anonime. Queste si rivolgono sia ai giocatori a rischio che a quelli gi\u00e0 dipendenti. <\/p><p data-start=\"685\" data-end=\"938\"><span class=\"hover:entity-accent entity-underline inline cursor-pointer align-baseline\"><span class=\"whitespace-normal\">Gl\u00fccksspielsucht.de<\/span><\/span><br data-start=\"1119\" data-end=\"1122\">\ud83d\udc49 <a class=\"decorated-link\" href=\"https:\/\/www.gluecksspielsucht.de\" target=\"_new\" rel=\"noopener\" data-start=\"1127\" data-end=\"1159\">https:\/\/www.gluecksspielsucht.de<\/a><\/p><p data-start=\"685\" data-end=\"938\"><span class=\"hover:entity-accent entity-underline inline cursor-pointer align-baseline\"><span class=\"whitespace-normal\">Anonyme Spieler<\/span><\/span><br data-start=\"1402\" data-end=\"1405\">\ud83d\udc49 <a class=\"decorated-link\" href=\"https:\/\/www.anonyme-spieler.org\" target=\"_new\" rel=\"noopener\" data-start=\"1410\" data-end=\"1441\">https:\/\/www.anonyme-spieler.org<\/a><\/p><p data-start=\"685\" data-end=\"938\"><span class=\"hover:entity-accent entity-underline inline cursor-pointer align-baseline\"><span class=\"whitespace-normal\">Spielen mit Verantwortung<\/span><\/span><br data-start=\"1313\" data-end=\"1316\">\ud83d\udc49 <a class=\"decorated-link\" href=\"https:\/\/www.spielen-mit-verantwortung.de\" target=\"_new\" rel=\"noopener\" data-start=\"1321\" data-end=\"1361\">https:\/\/www.spielen-mit-verantwortung.de<\/a><\/p><p data-start=\"685\" data-end=\"938\"> <\/p>\t\t\t\t\t\t\t\t<\/div>\n\t\t\t\t<\/div>\n\t\t\t\t\t<\/details>\n\t\t\t\t\t\t<details id=\"e-n-accordion-item-1102\" class=\"e-n-accordion-item\" >\n\t\t\t\t<summary class=\"e-n-accordion-item-title\" data-accordion-index=\"3\" tabindex=\"-1\" aria-expanded=\"false\" aria-controls=\"e-n-accordion-item-1102\" >\n\t\t\t\t\t<span class='e-n-accordion-item-title-header'><div class=\"e-n-accordion-item-title-text\"> Servizi di consulenza in loco <\/div><\/span>\n\t\t\t\t\t\t\t<span class='e-n-accordion-item-title-icon'>\n\t\t\t<span class='e-opened' ><svg aria-hidden=\"true\" class=\"e-font-icon-svg e-fas-minus\" viewBox=\"0 0 448 512\" xmlns=\"http:\/\/www.w3.org\/2000\/svg\"><path d=\"M416 208H32c-17.67 0-32 14.33-32 32v32c0 17.67 14.33 32 32 32h384c17.67 0 32-14.33 32-32v-32c0-17.67-14.33-32-32-32z\"><\/path><\/svg><\/span>\n\t\t\t<span class='e-closed'><svg aria-hidden=\"true\" class=\"e-font-icon-svg e-fas-plus\" viewBox=\"0 0 448 512\" xmlns=\"http:\/\/www.w3.org\/2000\/svg\"><path d=\"M416 208H272V64c0-17.67-14.33-32-32-32h-32c-17.67 0-32 14.33-32 32v144H32c-17.67 0-32 14.33-32 32v32c0 17.67 14.33 32 32 32h144v144c0 17.67 14.33 32 32 32h32c17.67 0 32-14.33 32-32V304h144c17.67 0 32-14.33 32-32v-32c0-17.67-14.33-32-32-32z\"><\/path><\/svg><\/span>\n\t\t<\/span>\n\n\t\t\t\t\t\t<\/summary>\n\t\t\t\t<div role=\"region\" aria-labelledby=\"e-n-accordion-item-1102\" class=\"elementor-element elementor-element-d73964d e-con-full e-flex e-con e-child\" data-id=\"d73964d\" data-element_type=\"container\" data-e-type=\"container\">\n\t\t\t\t<div class=\"elementor-element elementor-element-eeb20d0 elementor-widget elementor-widget-text-editor\" data-id=\"eeb20d0\" data-element_type=\"widget\" data-e-type=\"widget\" data-widget_type=\"text-editor.default\">\n\t\t\t\t\t\t\t\t\t<p data-start=\"1557\" data-end=\"1712\">Una consulenza personale pu\u00f2 essere spesso particolarmente utile. Nelle tue vicinanze trovi numerosi centri di consulenza per le dipendenze che ti supporteranno in modo riservato. <\/p><ul data-start=\"1714\" data-end=\"1916\"><li data-section-id=\"1iuxogb\" data-start=\"1714\" data-end=\"1813\"><span class=\"hover:entity-accent entity-underline inline cursor-pointer align-baseline\"><span class=\"whitespace-normal\">Spielsucht-Therapie.de<\/span><\/span><br data-start=\"1753\" data-end=\"1756\">\ud83d\udc49 <a class=\"decorated-link\" href=\"https:\/\/www.spielsucht-therapie.de\/beratungsstellen\/\" target=\"_new\" rel=\"noopener\" data-start=\"1761\" data-end=\"1813\">https:\/\/www.spielsucht-therapie.de\/beratungsstellen\/<\/a><\/li><li data-section-id=\"1w1s5j6\" data-start=\"1815\" data-end=\"1916\"><span class=\"hover:entity-accent entity-underline inline cursor-pointer align-baseline\"><span class=\"whitespace-normal\">Check dein Spiel<\/span><\/span><br data-start=\"1856\" data-end=\"1859\">\ud83d\udc49 <a class=\"decorated-link\" href=\"https:\/\/www.check-dein-spiel.de\/hilfe\/hilfe-vor-ort\/\" target=\"_new\" rel=\"noopener\" data-start=\"1864\" data-end=\"1916\">https:\/\/www.check-dein-spiel.de\/hilfe\/hilfe-vor-ort\/<\/a><\/li><\/ul>\t\t\t\t\t\t\t\t<\/div>\n\t\t\t\t<\/div>\n\t\t\t\t\t<\/details>\n\t\t\t\t\t\t<details id=\"e-n-accordion-item-1103\" class=\"e-n-accordion-item\" >\n\t\t\t\t<summary class=\"e-n-accordion-item-title\" data-accordion-index=\"4\" tabindex=\"-1\" aria-expanded=\"false\" aria-controls=\"e-n-accordion-item-1103\" >\n\t\t\t\t\t<span class='e-n-accordion-item-title-header'><div class=\"e-n-accordion-item-title-text\"> Esclusione dal gioco <\/div><\/span>\n\t\t\t\t\t\t\t<span class='e-n-accordion-item-title-icon'>\n\t\t\t<span class='e-opened' ><svg aria-hidden=\"true\" class=\"e-font-icon-svg e-fas-minus\" viewBox=\"0 0 448 512\" xmlns=\"http:\/\/www.w3.org\/2000\/svg\"><path d=\"M416 208H32c-17.67 0-32 14.33-32 32v32c0 17.67 14.33 32 32 32h384c17.67 0 32-14.33 32-32v-32c0-17.67-14.33-32-32-32z\"><\/path><\/svg><\/span>\n\t\t\t<span class='e-closed'><svg aria-hidden=\"true\" class=\"e-font-icon-svg e-fas-plus\" viewBox=\"0 0 448 512\" xmlns=\"http:\/\/www.w3.org\/2000\/svg\"><path d=\"M416 208H272V64c0-17.67-14.33-32-32-32h-32c-17.67 0-32 14.33-32 32v144H32c-17.67 0-32 14.33-32 32v32c0 17.67 14.33 32 32 32h144v144c0 17.67 14.33 32 32 32h32c17.67 0 32-14.33 32-32V304h144c17.67 0 32-14.33 32-32v-32c0-17.67-14.33-32-32-32z\"><\/path><\/svg><\/span>\n\t\t<\/span>\n\n\t\t\t\t\t\t<\/summary>\n\t\t\t\t<div role=\"region\" aria-labelledby=\"e-n-accordion-item-1103\" class=\"elementor-element elementor-element-30670d2 e-flex e-con-boxed e-con e-child\" data-id=\"30670d2\" data-element_type=\"container\" data-e-type=\"container\">\n\t\t\t\t\t<div class=\"e-con-inner\">\n\t\t\t\t<div class=\"elementor-element elementor-element-a4266cf elementor-widget elementor-widget-text-editor\" data-id=\"a4266cf\" data-element_type=\"widget\" data-e-type=\"widget\" data-widget_type=\"text-editor.default\">\n\t\t\t\t\t\t\t\t\t<p data-start=\"148\" data-end=\"335\">Il gioco responsabile ha per noi la massima priorit\u00e0. Se gli ospiti si accorgono di voler limitare il proprio comportamento di gioco, offriamo un supporto chiaro e semplice. <\/p><p data-start=\"337\" data-end=\"672\">L&#8217;esclusione dal gioco pu\u00f2 essere impostata direttamente in loco presso le nostre strutture. Questa avviene tramite l&#8217;<strong data-start=\"464\" data-end=\"487\">OASIS-Spielersperre<\/strong> prevista dalla legge, un sistema di esclusione nazionale per la tutela dei giocatori. Il nostro personale addestrato ti supporter\u00e0 in modo discreto e semplice in tutti i passaggi necessari.  <\/p><p data-start=\"674\" data-end=\"808\">Durante un&#8217;esclusione attiva, l&#8217;accesso alle nostre sale da gioco \u00e8 precluso: applichiamo questa regola in modo coerente e affidabile.<\/p><p data-start=\"810\" data-end=\"959\">Il nostro obiettivo \u00e8 fornire supporto tempestivo e creare un quadro sicuro in cui il gioco responsabile rimanga sempre possibile.<\/p>\t\t\t\t\t\t\t\t<\/div>\n\t\t\t\t\t<\/div>\n\t\t\t\t<\/div>\n\t\t\t\t\t<\/details>\n\t\t\t\t\t<\/div>\n\t\t\t\t\t\t<\/div>\n\t\t\t\t<\/div>\n\t\t\t\t\t<\/div>\n\t\t\t\t<\/div>\n\t\t\t\t<\/div>\n\t\t","protected":false},"excerpt":{"rendered":"<p>Protezione per i giocatori Il nostro obiettivo \u00e8 sensibilizzare il giocatore sulla propria responsabilit\u00e0 e creare un ambiente sicuro. Ci impegniamo per il gioco responsabile e offriamo informazioni che aiutano a mantenere il controllo. Informati e gioca in modo responsabile! La nostra filosofia Per noi la tutela dei giocatori \u00e8 al primo posto. Ci impegniamo [&hellip;]<\/p>\n","protected":false},"author":1,"featured_media":0,"parent":0,"menu_order":0,"comment_status":"closed","ping_status":"closed","template":"","meta":{"footnotes":""},"class_list":["post-1999","page","type-page","status-publish","hentry"],"_links":{"self":[{"href":"https:\/\/spielhalle.casino\/it\/wp-json\/wp\/v2\/pages\/1999","targetHints":{"allow":["GET"]}}],"collection":[{"href":"https:\/\/spielhalle.casino\/it\/wp-json\/wp\/v2\/pages"}],"about":[{"href":"https:\/\/spielhalle.casino\/it\/wp-json\/wp\/v2\/types\/page"}],"author":[{"embeddable":true,"href":"https:\/\/spielhalle.casino\/it\/wp-json\/wp\/v2\/users\/1"}],"replies":[{"embeddable":true,"href":"https:\/\/spielhalle.casino\/it\/wp-json\/wp\/v2\/comments?post=1999"}],"version-history":[{"count":1,"href":"https:\/\/spielhalle.casino\/it\/wp-json\/wp\/v2\/pages\/1999\/revisions"}],"predecessor-version":[{"id":2002,"href":"https:\/\/spielhalle.casino\/it\/wp-json\/wp\/v2\/pages\/1999\/revisions\/2002"}],"wp:attachment":[{"href":"https:\/\/spielhalle.casino\/it\/wp-json\/wp\/v2\/media?parent=1999"}],"curies":[{"name":"wp","href":"https:\/\/api.w.org\/{rel}","templated":true}]}}