{"id":1287,"date":"2025-12-17T17:27:16","date_gmt":"2025-12-17T16:27:16","guid":{"rendered":"https:\/\/spielhalle.casino\/politica-de-confidentialitate\/"},"modified":"2026-03-30T19:53:49","modified_gmt":"2026-03-30T17:53:49","slug":"politica-de-confidentialitate","status":"publish","type":"page","link":"https:\/\/spielhalle.casino\/ro\/politica-de-confidentialitate\/","title":{"rendered":"Politic\u0103 de confiden\u021bialitate"},"content":{"rendered":"\t\t<div data-elementor-type=\"wp-page\" data-elementor-id=\"1287\" class=\"elementor elementor-1287 elementor-85\" data-elementor-post-type=\"page\">\n\t\t\t\t<div class=\"elementor-element elementor-element-5714582 e-flex e-con-boxed e-con e-parent\" data-id=\"5714582\" data-element_type=\"container\" data-e-type=\"container\" data-settings=\"{&quot;background_background&quot;:&quot;classic&quot;}\">\n\t\t\t\t\t<div class=\"e-con-inner\">\n\t\t<div class=\"elementor-element elementor-element-65d544a e-con-full e-flex e-con e-child\" data-id=\"65d544a\" data-element_type=\"container\" data-e-type=\"container\">\n\t\t\t\t<div class=\"elementor-element elementor-element-d60a9fc elementor-widget elementor-widget-heading\" data-id=\"d60a9fc\" data-element_type=\"widget\" data-e-type=\"widget\" data-widget_type=\"heading.default\">\n\t\t\t\t\t<h2 class=\"elementor-heading-title elementor-size-default\">Protec\u021bia datelor este important\u0103!<\/h2>\t\t\t\t<\/div>\n\t\t\t\t<div class=\"elementor-element elementor-element-11f5f94 elementor-widget elementor-widget-text-editor\" data-id=\"11f5f94\" data-element_type=\"widget\" data-e-type=\"widget\" data-widget_type=\"text-editor.default\">\n\t\t\t\t\t\t\t\t\t<p>V\u0103 protej\u0103m datele personale cu maxim\u0103 siguran\u021b\u0103.<\/p>\t\t\t\t\t\t\t\t<\/div>\n\t\t\t\t<\/div>\n\t\t\t\t\t<\/div>\n\t\t\t\t<\/div>\n\t\t<div class=\"elementor-element elementor-element-b648e4e e-flex e-con-boxed e-con e-parent\" data-id=\"b648e4e\" data-element_type=\"container\" data-e-type=\"container\">\n\t\t\t\t\t<div class=\"e-con-inner\">\n\t\t\t\t<div class=\"elementor-element elementor-element-d990230 elementor-widget elementor-widget-text-editor\" data-id=\"d990230\" data-element_type=\"widget\" data-e-type=\"widget\" data-widget_type=\"text-editor.default\">\n\t\t\t\t\t\t\t\t\t<h1 data-section-id=\"1oymf5x\" data-start=\"148\" data-end=\"170\">Politic\u0103 de confiden\u021bialitate<\/h1><h2 data-section-id=\"1fec0qf\" data-start=\"172\" data-end=\"205\">1. Protec\u021bia datelor pe scurt<\/h2><p data-start=\"207\" data-end=\"423\">Protec\u021bia datelor dumneavoastr\u0103 cu caracter personal este o preocupare deosebit\u0103 pentru noi. Trat\u0103m datele dumneavoastr\u0103 cu caracter personal \u00een mod confiden\u021bial \u0219i \u00een conformitate cu prevederile legale privind protec\u021bia datelor, precum \u0219i cu aceast\u0103 politic\u0103 de confiden\u021bialitate. <\/p><hr data-start=\"425\" data-end=\"428\"><h2 data-section-id=\"1co7opw\" data-start=\"430\" data-end=\"452\">2. Operatorul de date<\/h2><p data-start=\"454\" data-end=\"532\"><strong data-start=\"454\" data-end=\"478\">Trinacria Gioco GmbH<\/strong><br data-start=\"478\" data-end=\"481\">Kaiserstra\u00dfe 28<br data-start=\"496\" data-end=\"499\">66386 St. Ingbert<br data-start=\"516\" data-end=\"519\">Germania<\/p><p data-start=\"534\" data-end=\"566\">E-mail: <a class=\"decorated-link cursor-pointer\" rel=\"noopener\" data-start=\"542\" data-end=\"564\">info@spielhalle.casino<\/a><\/p><hr data-start=\"568\" data-end=\"571\"><h2 data-section-id=\"9qig9k\" data-start=\"573\" data-end=\"586\">3. G\u0103zduire<\/h2><p data-start=\"588\" data-end=\"662\">Acest site web este g\u0103zduit de <span class=\"hover:entity-accent entity-underline inline cursor-pointer align-baseline\"><span class=\"whitespace-normal\">STRATO AG<\/span><\/span>.<\/p><p data-start=\"664\" data-end=\"759\">La accesarea site-ului nostru web, STRATO colecteaz\u0103 automat date \u00een a\u0219a-numitele fi\u0219iere jurnal ale serverului (server log files):<\/p><ul data-start=\"761\" data-end=\"873\"><li data-section-id=\"1h0uk97\" data-start=\"761\" data-end=\"775\">Adresa IP<\/li><li data-section-id=\"wzs3a0\" data-start=\"776\" data-end=\"809\">Data \u0219i ora solicit\u0103rii<\/li><li data-section-id=\"78ua8h\" data-start=\"810\" data-end=\"837\">Tipul \u0219i versiunea browserului<\/li><li data-section-id=\"kiy1ht\" data-start=\"838\" data-end=\"856\">Sistemul de operare<\/li><li data-section-id=\"anwpz4\" data-start=\"857\" data-end=\"873\">URL-ul de referin\u021b\u0103<\/li><\/ul><p data-start=\"875\" data-end=\"961\">Prelucrarea are loc pentru a asigura func\u021bionarea f\u0103r\u0103 probleme a site-ului web.<\/p><hr data-start=\"963\" data-end=\"966\"><h2 data-section-id=\"18z8pb0\" data-start=\"968\" data-end=\"1008\">4. Utilizarea modulelor cookie \u0219i a instrumentului de consim\u021b\u0103m\u00e2nt<\/h2><p data-start=\"1010\" data-end=\"1209\">Site-ul nostru web utilizeaz\u0103 instrumentul de gestionare a consim\u021b\u0103m\u00e2ntului <strong data-start=\"1059\" data-end=\"1100\"><span class=\"hover:entity-accent entity-underline inline cursor-pointer align-baseline\"><span class=\"whitespace-normal\">Borlabs Cookie<\/span><\/span><\/strong> pentru a ob\u021bine consim\u021b\u0103m\u00e2ntul dumneavoastr\u0103 pentru stocarea anumitor module cookie \u0219i pentru a-l documenta \u00een conformitate cu normele de protec\u021bie a datelor.<\/p><p data-start=\"1211\" data-end=\"1304\">La prima vizit\u0103 pe site-ul nostru web, pute\u021bi selecta ce module cookie dori\u021bi s\u0103 permite\u021bi.<\/p><p data-start=\"1306\" data-end=\"1346\">Urm\u0103toarele date sunt prelucrate \u00een acest proces:<\/p><ul data-start=\"1348\" data-end=\"1452\"><li data-section-id=\"gxxp96\" data-start=\"1348\" data-end=\"1373\">Consim\u021b\u0103m\u00e2ntul (consim\u021b\u0103mintele) dumneavoastr\u0103<\/li><li data-section-id=\"1md74qr\" data-start=\"1374\" data-end=\"1398\">Adresa IP (anonimizat\u0103)<\/li><li data-section-id=\"lvilf4\" data-start=\"1399\" data-end=\"1427\">Momentul acord\u0103rii consim\u021b\u0103m\u00e2ntului<\/li><li data-section-id=\"1b60mir\" data-start=\"1428\" data-end=\"1452\">Informa\u021bii despre browser<\/li><\/ul><p data-start=\"1454\" data-end=\"1539\">Stocarea are loc pentru asigurarea securit\u0103\u021bii juridice conform Art. 6 alin. 1 lit. c GDPR.  <\/p><hr data-start=\"1541\" data-end=\"1544\"><h2 data-section-id=\"1v4e69t\" data-start=\"1546\" data-end=\"1568\">5. Google Analytics<\/h2><p data-start=\"1570\" data-end=\"1653\">Acest site web utilizeaz\u0103 serviciul de analiz\u0103 web <span class=\"hover:entity-accent entity-underline inline cursor-pointer align-baseline\"><span class=\"whitespace-normal\">Google LLC<\/span><\/span>.<\/p><p data-start=\"1655\" data-end=\"1752\">Google Analytics este activat <strong data-start=\"1677\" data-end=\"1741\">numai dup\u0103 acordarea consim\u021b\u0103m\u00e2ntului dumneavoastr\u0103 prin intermediul bannerului de cookie-uri (Borlabs)<\/strong>.<\/p><p data-start=\"1754\" data-end=\"1845\">Google Analytics utilizeaz\u0103 module cookie care permit o analiz\u0103 a utiliz\u0103rii site-ului web.<\/p><p data-start=\"1847\" data-end=\"1870\"><strong data-start=\"1847\" data-end=\"1870\">Date prelucrate:<\/strong><\/p><ul data-start=\"1871\" data-end=\"1955\"><li data-section-id=\"1r59xfi\" data-start=\"1871\" data-end=\"1888\">Vizualiz\u0103ri de pagin\u0103<\/li><li data-section-id=\"1qngrll\" data-start=\"1889\" data-end=\"1905\">Durata vizitei<\/li><li data-section-id=\"aoijgb\" data-start=\"1906\" data-end=\"1931\">Originea vizitatorilor<\/li><li data-section-id=\"vz2isq\" data-start=\"1932\" data-end=\"1955\">Informa\u021bii despre dispozitiv<\/li><\/ul><p data-start=\"1957\" data-end=\"2084\"><strong data-start=\"1957\" data-end=\"1979\">Anonimizarea IP:<\/strong><br data-start=\"1979\" data-end=\"1982\">Utiliz\u0103m func\u021bia \u201eAnonimizare IP\u201d, prin care adresa dumneavoastr\u0103 IP este scurtat\u0103 \u00een cadrul UE.<\/p><p data-start=\"2086\" data-end=\"2150\"><strong data-start=\"2086\" data-end=\"2106\">Temei juridic:<\/strong><br data-start=\"2106\" data-end=\"2109\">Art. 6 alin. 1 lit. a GDPR (Consim\u021b\u0103m\u00e2nt)  <\/p><p data-start=\"2152\" data-end=\"2241\"><strong data-start=\"2152\" data-end=\"2165\">Revocare:<\/strong><br data-start=\"2165\" data-end=\"2168\">V\u0103 pute\u021bi revoca consim\u021b\u0103m\u00e2ntul \u00een orice moment prin intermediul bannerului de cookie-uri.<\/p><hr data-start=\"2243\" data-end=\"2246\"><h2 data-section-id=\"1uaxta3\" data-start=\"2248\" data-end=\"2265\">6. Google Maps<\/h2><p data-start=\"2267\" data-end=\"2342\">Acest site web utilizeaz\u0103 serviciul de h\u0103r\u021bi <span class=\"hover:entity-accent entity-underline inline cursor-pointer align-baseline\"><span class=\"whitespace-normal\">Google Maps<\/span><\/span>.<\/p><p data-start=\"2344\" data-end=\"2432\">Integrarea are loc <strong data-start=\"2367\" data-end=\"2431\">numai dup\u0103 acordarea consim\u021b\u0103m\u00e2ntului dumneavoastr\u0103 prin intermediul instrumentului de consim\u021b\u0103m\u00e2nt (Borlabs)<\/strong>.<\/p><p data-start=\"2434\" data-end=\"2504\">La \u00eenc\u0103rcarea Google Maps, adresa dumneavoastr\u0103 IP este transmis\u0103 c\u0103tre Google.<\/p><p data-start=\"2506\" data-end=\"2595\"><strong data-start=\"2506\" data-end=\"2516\">Scop:<\/strong><br data-start=\"2516\" data-end=\"2519\">Afi\u0219area loca\u021biilor noastre \u0219i furnizarea instruc\u021biunilor de deplasare.<\/p><p data-start=\"2597\" data-end=\"2661\"><strong data-start=\"2597\" data-end=\"2617\">Temei juridic:<\/strong><br data-start=\"2617\" data-end=\"2620\">Art. 6 alin. 1 lit. a GDPR (Consim\u021b\u0103m\u00e2nt)  <\/p><hr data-start=\"2663\" data-end=\"2666\"><h2 data-section-id=\"1l3x092\" data-start=\"2668\" data-end=\"2703\">7. Criptare SSL, respectiv TLS<\/h2><p data-start=\"2705\" data-end=\"2781\">Din motive de securitate, acest site utilizeaz\u0103 o criptare SSL, respectiv TLS.<\/p><hr data-start=\"2783\" data-end=\"2786\"><h2 data-section-id=\"1c7cx60\" data-start=\"2788\" data-end=\"2805\">8. Drepturile dumneavoastr\u0103<\/h2><p data-start=\"2807\" data-end=\"2841\">Ave\u021bi \u00een orice moment dreptul la:<\/p><ul data-start=\"2843\" data-end=\"3007\"><li data-section-id=\"f9qm1y\" data-start=\"2843\" data-end=\"2885\">Informa\u021bii despre datele dumneavoastr\u0103 stocate<\/li><li data-section-id=\"g9sr6h\" data-start=\"2886\" data-end=\"2902\">Rectificare<\/li><li data-section-id=\"77egm\" data-start=\"2903\" data-end=\"2915\">\u0218tergere<\/li><li data-section-id=\"9enzfe\" data-start=\"2916\" data-end=\"2950\">Restric\u021bionarea prelucr\u0103rii<\/li><li data-section-id=\"1wshal5\" data-start=\"2951\" data-end=\"2975\">Portabilitatea datelor<\/li><li data-section-id=\"1bust7y\" data-start=\"2976\" data-end=\"3007\">Revocarea consim\u021b\u0103m\u00e2ntului dumneavoastr\u0103<\/li><\/ul><hr data-start=\"3009\" data-end=\"3012\"><h2 data-section-id=\"1rxp5ms\" data-start=\"3014\" data-end=\"3035\">9. Dreptul de a depune o pl\u00e2ngere<\/h2><p data-start=\"3037\" data-end=\"3116\">Ave\u021bi dreptul de a depune o pl\u00e2ngere la o autoritate de supraveghere a protec\u021biei datelor.<\/p><hr data-start=\"3118\" data-end=\"3121\"><h2 data-section-id=\"gi1qip\" data-start=\"3123\" data-end=\"3140\">10. Actualitate<\/h2><p data-start=\"3142\" data-end=\"3158\">Ultima actualizare: Martie 2026<\/p>\t\t\t\t\t\t\t\t<\/div>\n\t\t\t\t\t<\/div>\n\t\t\t\t<\/div>\n\t\t\t\t<\/div>\n\t\t","protected":false},"excerpt":{"rendered":"<p>Protec\u021bia datelor este important\u0103! V\u0103 protej\u0103m datele personale cu maxim\u0103 siguran\u021b\u0103. Politic\u0103 de confiden\u021bialitate 1. Protec\u021bia datelor pe scurt Protec\u021bia datelor dumneavoastr\u0103 cu caracter personal este o preocupare deosebit\u0103 pentru noi. Trat\u0103m datele dumneavoastr\u0103 cu caracter personal \u00een mod confiden\u021bial \u0219i \u00een conformitate cu prevederile legale privind protec\u021bia datelor, precum \u0219i cu aceast\u0103 politic\u0103 de [&hellip;]<\/p>\n","protected":false},"author":1,"featured_media":0,"parent":0,"menu_order":0,"comment_status":"closed","ping_status":"closed","template":"","meta":{"footnotes":""},"class_list":["post-1287","page","type-page","status-publish","hentry"],"_links":{"self":[{"href":"https:\/\/spielhalle.casino\/ro\/wp-json\/wp\/v2\/pages\/1287","targetHints":{"allow":["GET"]}}],"collection":[{"href":"https:\/\/spielhalle.casino\/ro\/wp-json\/wp\/v2\/pages"}],"about":[{"href":"https:\/\/spielhalle.casino\/ro\/wp-json\/wp\/v2\/types\/page"}],"author":[{"embeddable":true,"href":"https:\/\/spielhalle.casino\/ro\/wp-json\/wp\/v2\/users\/1"}],"replies":[{"embeddable":true,"href":"https:\/\/spielhalle.casino\/ro\/wp-json\/wp\/v2\/comments?post=1287"}],"version-history":[{"count":1,"href":"https:\/\/spielhalle.casino\/ro\/wp-json\/wp\/v2\/pages\/1287\/revisions"}],"predecessor-version":[{"id":1288,"href":"https:\/\/spielhalle.casino\/ro\/wp-json\/wp\/v2\/pages\/1287\/revisions\/1288"}],"wp:attachment":[{"href":"https:\/\/spielhalle.casino\/ro\/wp-json\/wp\/v2\/media?parent=1287"}],"curies":[{"name":"wp","href":"https:\/\/api.w.org\/{rel}","templated":true}]}}