{"id":1337,"date":"2025-12-17T17:27:15","date_gmt":"2025-12-17T16:27:15","guid":{"rendered":"https:\/\/spielhalle.casino\/protectia-jucatorilor\/"},"modified":"2026-03-30T19:54:50","modified_gmt":"2026-03-30T17:54:50","slug":"protectia-jucatorilor","status":"publish","type":"page","link":"https:\/\/spielhalle.casino\/ro\/protectia-jucatorilor\/","title":{"rendered":"Protec\u021bia juc\u0103torilor"},"content":{"rendered":"\t\t<div data-elementor-type=\"wp-page\" data-elementor-id=\"1337\" class=\"elementor elementor-1337 elementor-71\" data-elementor-post-type=\"page\">\n\t\t\t\t<div class=\"elementor-element elementor-element-9fc3676 e-flex e-con-boxed e-con e-parent\" data-id=\"9fc3676\" data-element_type=\"container\" data-e-type=\"container\" data-settings=\"{&quot;background_background&quot;:&quot;classic&quot;}\">\n\t\t\t\t\t<div class=\"e-con-inner\">\n\t\t<div class=\"elementor-element elementor-element-569a268 e-con-full e-flex e-con e-child\" data-id=\"569a268\" data-element_type=\"container\" data-e-type=\"container\">\n\t\t\t\t<div class=\"elementor-element elementor-element-d0720a3 elementor-widget elementor-widget-heading\" data-id=\"d0720a3\" data-element_type=\"widget\" data-e-type=\"widget\" data-widget_type=\"heading.default\">\n\t\t\t\t\t<h2 class=\"elementor-heading-title elementor-size-default\">Protec\u021bie pentru juc\u0103tori<\/h2>\t\t\t\t<\/div>\n\t\t\t\t<div class=\"elementor-element elementor-element-0b27f51 elementor-widget elementor-widget-text-editor\" data-id=\"0b27f51\" data-element_type=\"widget\" data-e-type=\"widget\" data-widget_type=\"text-editor.default\">\n\t\t\t\t\t\t\t\t\t<p>Obiectivul nostru este s\u0103 atragem aten\u021bia juc\u0103torului asupra responsabilit\u0103\u021bii sale \u0219i s\u0103 cre\u0103m un mediu sigur. Ne angaj\u0103m pentru jocul responsabil \u0219i oferim informa\u021bii care ajut\u0103 la men\u021binerea controlului. Informa\u021bi-v\u0103 \u0219i juca\u021bi responsabil!  <\/p>\t\t\t\t\t\t\t\t<\/div>\n\t\t\t\t<\/div>\n\t\t\t\t\t<\/div>\n\t\t\t\t<\/div>\n\t\t<div class=\"elementor-element elementor-element-9189574 e-con-full e-flex e-con e-parent\" data-id=\"9189574\" data-element_type=\"container\" data-e-type=\"container\">\n\t\t<div class=\"elementor-element elementor-element-835bdca e-con-full e-flex e-con e-child\" data-id=\"835bdca\" data-element_type=\"container\" data-e-type=\"container\">\n\t\t\t\t<div class=\"elementor-element elementor-element-e1d959e elementor-widget elementor-widget-heading\" data-id=\"e1d959e\" data-element_type=\"widget\" data-e-type=\"widget\" data-widget_type=\"heading.default\">\n\t\t\t\t\t<h1 class=\"elementor-heading-title elementor-size-default\">Viziunea noastr\u0103<\/h1>\t\t\t\t<\/div>\n\t\t\t\t<div class=\"elementor-element elementor-element-b0181da elementor-widget__width-initial elementor-widget-mobile__width-inherit elementor-widget elementor-widget-text-editor\" data-id=\"b0181da\" data-element_type=\"widget\" data-e-type=\"widget\" data-widget_type=\"text-editor.default\">\n\t\t\t\t\t\t\t\t\t<p>La noi, protec\u021bia juc\u0103torilor este pe primul loc. Ne asigur\u0103m c\u0103 to\u021bi juc\u0103torii pot juca \u00een cazinourile noastre \u00een siguran\u021b\u0103 \u0219i \u00een mod responsabil. Scopul nostru este s\u0103 cre\u0103m un mediu \u00een care juc\u0103torii \u00ee\u0219i p\u0103streaz\u0103 controlul asupra comportamentului de joc \u0219i sunt bine informa\u021bi \u00een orice moment. Ne dorim ca fiecare oaspete s\u0103 se simt\u0103 bine \u00een s\u0103lile noastre \u0219i s\u0103 aib\u0103 cele mai bune experien\u021be.   <\/p>\t\t\t\t\t\t\t\t<\/div>\n\t\t\t\t<\/div>\n\t\t<div class=\"elementor-element elementor-element-55a9fe0 e-con-full e-flex e-con e-child\" data-id=\"55a9fe0\" data-element_type=\"container\" data-e-type=\"container\" data-settings=\"{&quot;background_background&quot;:&quot;classic&quot;}\">\n\t\t\t\t<\/div>\n\t\t\t\t<\/div>\n\t\t<div class=\"elementor-element elementor-element-141cdd8 e-flex e-con-boxed e-con e-parent\" data-id=\"141cdd8\" data-element_type=\"container\" data-e-type=\"container\">\n\t\t\t\t\t<div class=\"e-con-inner\">\n\t\t\t\t<div class=\"elementor-element elementor-element-64fd8c9 elementor-widget elementor-widget-text-editor\" data-id=\"64fd8c9\" data-element_type=\"widget\" data-e-type=\"widget\" data-widget_type=\"text-editor.default\">\n\t\t\t\t\t\t\t\t\t<h1 data-start=\"145\" data-end=\"385\">Protec\u021bia minorilor<\/h1><p data-start=\"145\" data-end=\"385\">Protec\u021bia minorilor nu este pentru noi o simpl\u0103 obliga\u021bie, ci o pozi\u021bie ferm\u0103. Gestionarea responsabil\u0103 a jocurilor de noroc \u0219i protejarea tinerilor se afl\u0103 \u00een centrul ac\u021biunilor noastre \u2013 \u0219i sunt ferm ancorate \u00een conceptul nostru social. <\/p><p data-start=\"387\" data-end=\"642\">Ne baz\u0103m \u00een mod con\u0219tient pe m\u0103suri preventive, personal instruit \u0219i procese clare, pentru a identifica din timp riscurile \u0219i a ac\u021biona consecvent. Obiectivul nostru este s\u0103 cre\u0103m un mediu care \u00eembin\u0103 responsabilitatea, siguran\u021ba \u0219i transparen\u021ba. <\/p>\t\t\t\t\t\t\t\t<\/div>\n\t\t\t\t\t<\/div>\n\t\t\t\t<\/div>\n\t\t<div class=\"elementor-element elementor-element-62b60df e-flex e-con-boxed e-con e-parent\" data-id=\"62b60df\" data-element_type=\"container\" data-e-type=\"container\" data-settings=\"{&quot;background_background&quot;:&quot;classic&quot;}\">\n\t\t\t\t\t<div class=\"e-con-inner\">\n\t\t<div class=\"elementor-element elementor-element-98db577 e-con-full e-flex e-con e-child\" data-id=\"98db577\" data-element_type=\"container\" data-e-type=\"container\">\n\t\t\t\t<div class=\"elementor-element elementor-element-86af386 elementor-widget elementor-widget-text-editor\" data-id=\"86af386\" data-element_type=\"widget\" data-e-type=\"widget\" data-widget_type=\"text-editor.default\">\n\t\t\t\t\t\t\t\t\t<h1>Juca\u021bi pentru divertisment \u2013 p\u0103stra\u021bi controlul. Dac\u0103 observa\u021bi c\u0103 vi se schimb\u0103 comportamentul de joc, folosi\u021bi din timp urm\u0103toarele op\u021biuni. <\/h1>\t\t\t\t\t\t\t\t<\/div>\n\t\t\t\t<div class=\"elementor-element elementor-element-56fbc3a elementor-widget__width-auto elementor-align-right elementor-widget elementor-widget-button\" data-id=\"56fbc3a\" data-element_type=\"widget\" data-e-type=\"widget\" data-widget_type=\"button.default\">\n\t\t\t\t\t\t\t\t\t\t<a class=\"elementor-button elementor-button-link elementor-size-sm\" href=\"https:\/\/www.check-dein-spiel.de\/tests\/selbsttest\/\" target=\"_blank\" rel=\"noopener\">\n\t\t\t\t\t\t<span class=\"elementor-button-content-wrapper\">\n\t\t\t\t\t\t\t\t\t<span class=\"elementor-button-text\">Autoevaluare<\/span>\n\t\t\t\t\t<\/span>\n\t\t\t\t\t<\/a>\n\t\t\t\t\t\t\t\t<\/div>\n\t\t\t\t<\/div>\n\t\t<div class=\"elementor-element elementor-element-8a884cf e-con-full e-flex e-con e-child\" data-id=\"8a884cf\" data-element_type=\"container\" data-e-type=\"container\">\n\t\t\t\t<div class=\"elementor-element elementor-element-69b265d elementor-widget elementor-widget-n-accordion\" data-id=\"69b265d\" data-element_type=\"widget\" data-e-type=\"widget\" data-settings=\"{&quot;default_state&quot;:&quot;expanded&quot;,&quot;max_items_expended&quot;:&quot;one&quot;,&quot;n_accordion_animation_duration&quot;:{&quot;unit&quot;:&quot;ms&quot;,&quot;size&quot;:400,&quot;sizes&quot;:[]}}\" data-widget_type=\"nested-accordion.default\">\n\t\t\t\t\t\t\t<div class=\"e-n-accordion\" aria-label=\"Accordion. Open links with Enter or Space, close with Escape, and navigate with Arrow Keys\">\n\t\t\t\t\t\t<details id=\"e-n-accordion-item-1100\" class=\"e-n-accordion-item\" open>\n\t\t\t\t<summary class=\"e-n-accordion-item-title\" data-accordion-index=\"1\" tabindex=\"0\" aria-expanded=\"true\" aria-controls=\"e-n-accordion-item-1100\" >\n\t\t\t\t\t<span class='e-n-accordion-item-title-header'><div class=\"e-n-accordion-item-title-text\"> Autoevaluare <\/div><\/span>\n\t\t\t\t\t\t\t<span class='e-n-accordion-item-title-icon'>\n\t\t\t<span class='e-opened' ><svg aria-hidden=\"true\" class=\"e-font-icon-svg e-fas-minus\" viewBox=\"0 0 448 512\" xmlns=\"http:\/\/www.w3.org\/2000\/svg\"><path d=\"M416 208H32c-17.67 0-32 14.33-32 32v32c0 17.67 14.33 32 32 32h384c17.67 0 32-14.33 32-32v-32c0-17.67-14.33-32-32-32z\"><\/path><\/svg><\/span>\n\t\t\t<span class='e-closed'><svg aria-hidden=\"true\" class=\"e-font-icon-svg e-fas-plus\" viewBox=\"0 0 448 512\" xmlns=\"http:\/\/www.w3.org\/2000\/svg\"><path d=\"M416 208H272V64c0-17.67-14.33-32-32-32h-32c-17.67 0-32 14.33-32 32v144H32c-17.67 0-32 14.33-32 32v32c0 17.67 14.33 32 32 32h144v144c0 17.67 14.33 32 32 32h32c17.67 0 32-14.33 32-32V304h144c17.67 0 32-14.33 32-32v-32c0-17.67-14.33-32-32-32z\"><\/path><\/svg><\/span>\n\t\t<\/span>\n\n\t\t\t\t\t\t<\/summary>\n\t\t\t\t<div role=\"region\" aria-labelledby=\"e-n-accordion-item-1100\" class=\"elementor-element elementor-element-b01efc9 e-con-full e-flex e-con e-child\" data-id=\"b01efc9\" data-element_type=\"container\" data-e-type=\"container\">\n\t\t\t\t<div class=\"elementor-element elementor-element-3680935 elementor-widget elementor-widget-text-editor\" data-id=\"3680935\" data-element_type=\"widget\" data-e-type=\"widget\" data-widget_type=\"text-editor.default\">\n\t\t\t\t\t\t\t\t\t<p data-start=\"249\" data-end=\"372\">Folosi\u021bi urm\u0103toarele teste de autoevaluare gratuite \u0219i anonime pentru a v\u0103 putea aprecia mai bine comportamentul personal de joc:<\/p><ul><li data-section-id=\"jxi6cv\" data-start=\"480\" data-end=\"558\"><span class=\"hover:entity-accent entity-underline inline cursor-pointer align-baseline\"><span class=\"whitespace-normal\">Verifica\u021bi-v\u0103 jocul<\/span><\/span><br data-start=\"519\" data-end=\"522\">\ud83d\udc49 <a class=\"decorated-link\" href=\"https:\/\/www.check-dein-spiel.de\" target=\"_new\" rel=\"noopener\" data-start=\"527\" data-end=\"558\">https:\/\/www.check-dein-spiel.de<\/a><\/li><li data-section-id=\"bq4ip8\" data-start=\"560\" data-end=\"647\"><span class=\"hover:entity-accent entity-underline inline cursor-pointer align-baseline\"><span class=\"whitespace-normal\">Joc cu responsabilitate<\/span><\/span><br data-start=\"599\" data-end=\"602\">\ud83d\udc49 <a href=\"https:\/\/www.bioeg.de\/service\/infotelefone\/gluecksspielsucht\/\" target=\"_blank\" rel=\"noopener\">https:\/\/www.bioeg.de\/service\/infotelefone\/gluecksspielsucht<\/a><\/li><\/ul>\t\t\t\t\t\t\t\t<\/div>\n\t\t\t\t<\/div>\n\t\t\t\t\t<\/details>\n\t\t\t\t\t\t<details id=\"e-n-accordion-item-1101\" class=\"e-n-accordion-item\" >\n\t\t\t\t<summary class=\"e-n-accordion-item-title\" data-accordion-index=\"2\" tabindex=\"-1\" aria-expanded=\"false\" aria-controls=\"e-n-accordion-item-1101\" >\n\t\t\t\t\t<span class='e-n-accordion-item-title-header'><div class=\"e-n-accordion-item-title-text\"> Consiliere online &amp; ajutor <\/div><\/span>\n\t\t\t\t\t\t\t<span class='e-n-accordion-item-title-icon'>\n\t\t\t<span class='e-opened' ><svg aria-hidden=\"true\" class=\"e-font-icon-svg e-fas-minus\" viewBox=\"0 0 448 512\" xmlns=\"http:\/\/www.w3.org\/2000\/svg\"><path d=\"M416 208H32c-17.67 0-32 14.33-32 32v32c0 17.67 14.33 32 32 32h384c17.67 0 32-14.33 32-32v-32c0-17.67-14.33-32-32-32z\"><\/path><\/svg><\/span>\n\t\t\t<span class='e-closed'><svg aria-hidden=\"true\" class=\"e-font-icon-svg e-fas-plus\" viewBox=\"0 0 448 512\" xmlns=\"http:\/\/www.w3.org\/2000\/svg\"><path d=\"M416 208H272V64c0-17.67-14.33-32-32-32h-32c-17.67 0-32 14.33-32 32v144H32c-17.67 0-32 14.33-32 32v32c0 17.67 14.33 32 32 32h144v144c0 17.67 14.33 32 32 32h32c17.67 0 32-14.33 32-32V304h144c17.67 0 32-14.33 32-32v-32c0-17.67-14.33-32-32-32z\"><\/path><\/svg><\/span>\n\t\t<\/span>\n\n\t\t\t\t\t\t<\/summary>\n\t\t\t\t<div role=\"region\" aria-labelledby=\"e-n-accordion-item-1101\" class=\"elementor-element elementor-element-2f11641 e-con-full e-flex e-con e-child\" data-id=\"2f11641\" data-element_type=\"container\" data-e-type=\"container\">\n\t\t\t\t<div class=\"elementor-element elementor-element-089c79d elementor-widget elementor-widget-text-editor\" data-id=\"089c79d\" data-element_type=\"widget\" data-e-type=\"widget\" data-widget_type=\"text-editor.default\">\n\t\t\t\t\t\t\t\t\t<p data-start=\"685\" data-end=\"938\">Dac\u0103 dori\u021bi s\u0103 v\u0103 analiza\u021bi comportamentul de joc sau c\u0103uta\u021bi sprijin, ave\u021bi la dispozi\u021bie numeroase oferte online profesionale \u0219i anonime. Acestea se adreseaz\u0103 at\u00e2t juc\u0103toarelor \u0219i juc\u0103torilor afla\u021bi la risc, c\u00e2t \u0219i celor deja afecta\u021bi. <\/p><p data-start=\"685\" data-end=\"938\"><span class=\"hover:entity-accent entity-underline inline cursor-pointer align-baseline\"><span class=\"whitespace-normal\">Gl\u00fccksspielsucht.de<\/span><\/span><br data-start=\"1119\" data-end=\"1122\">\ud83d\udc49 <a class=\"decorated-link\" href=\"https:\/\/www.gluecksspielsucht.de\" target=\"_new\" rel=\"noopener\" data-start=\"1127\" data-end=\"1159\">https:\/\/www.gluecksspielsucht.de<\/a><\/p><p data-start=\"685\" data-end=\"938\"><span class=\"hover:entity-accent entity-underline inline cursor-pointer align-baseline\"><span class=\"whitespace-normal\">Juc\u0103tori anonimi<\/span><\/span><br data-start=\"1402\" data-end=\"1405\">\ud83d\udc49 <a class=\"decorated-link\" href=\"https:\/\/www.anonyme-spieler.org\" target=\"_new\" rel=\"noopener\" data-start=\"1410\" data-end=\"1441\">https:\/\/www.anonyme-spieler.org<\/a><\/p><p data-start=\"685\" data-end=\"938\"><span class=\"hover:entity-accent entity-underline inline cursor-pointer align-baseline\"><span class=\"whitespace-normal\">Joc cu responsabilitate<\/span><\/span><br data-start=\"1313\" data-end=\"1316\">\ud83d\udc49 <a class=\"decorated-link\" href=\"https:\/\/www.spielen-mit-verantwortung.de\" target=\"_new\" rel=\"noopener\" data-start=\"1321\" data-end=\"1361\">https:\/\/www.spielen-mit-verantwortung.de<\/a><\/p><p data-start=\"685\" data-end=\"938\"> <\/p>\t\t\t\t\t\t\t\t<\/div>\n\t\t\t\t<\/div>\n\t\t\t\t\t<\/details>\n\t\t\t\t\t\t<details id=\"e-n-accordion-item-1102\" class=\"e-n-accordion-item\" >\n\t\t\t\t<summary class=\"e-n-accordion-item-title\" data-accordion-index=\"3\" tabindex=\"-1\" aria-expanded=\"false\" aria-controls=\"e-n-accordion-item-1102\" >\n\t\t\t\t\t<span class='e-n-accordion-item-title-header'><div class=\"e-n-accordion-item-title-text\"> Servicii de consiliere la fa\u021ba locului <\/div><\/span>\n\t\t\t\t\t\t\t<span class='e-n-accordion-item-title-icon'>\n\t\t\t<span class='e-opened' ><svg aria-hidden=\"true\" class=\"e-font-icon-svg e-fas-minus\" viewBox=\"0 0 448 512\" xmlns=\"http:\/\/www.w3.org\/2000\/svg\"><path d=\"M416 208H32c-17.67 0-32 14.33-32 32v32c0 17.67 14.33 32 32 32h384c17.67 0 32-14.33 32-32v-32c0-17.67-14.33-32-32-32z\"><\/path><\/svg><\/span>\n\t\t\t<span class='e-closed'><svg aria-hidden=\"true\" class=\"e-font-icon-svg e-fas-plus\" viewBox=\"0 0 448 512\" xmlns=\"http:\/\/www.w3.org\/2000\/svg\"><path d=\"M416 208H272V64c0-17.67-14.33-32-32-32h-32c-17.67 0-32 14.33-32 32v144H32c-17.67 0-32 14.33-32 32v32c0 17.67 14.33 32 32 32h144v144c0 17.67 14.33 32 32 32h32c17.67 0 32-14.33 32-32V304h144c17.67 0 32-14.33 32-32v-32c0-17.67-14.33-32-32-32z\"><\/path><\/svg><\/span>\n\t\t<\/span>\n\n\t\t\t\t\t\t<\/summary>\n\t\t\t\t<div role=\"region\" aria-labelledby=\"e-n-accordion-item-1102\" class=\"elementor-element elementor-element-d73964d e-con-full e-flex e-con e-child\" data-id=\"d73964d\" data-element_type=\"container\" data-e-type=\"container\">\n\t\t\t\t<div class=\"elementor-element elementor-element-eeb20d0 elementor-widget elementor-widget-text-editor\" data-id=\"eeb20d0\" data-element_type=\"widget\" data-e-type=\"widget\" data-widget_type=\"text-editor.default\">\n\t\t\t\t\t\t\t\t\t<p data-start=\"1557\" data-end=\"1712\">Consilierea personal\u0103 poate fi adesea deosebit de util\u0103. \u00cen apropierea dumneavoastr\u0103 g\u0103si\u021bi numeroase centre de consiliere pentru dependen\u021be, care v\u0103 sprijin\u0103 confiden\u021bial. <\/p><ul data-start=\"1714\" data-end=\"1916\"><li data-section-id=\"1iuxogb\" data-start=\"1714\" data-end=\"1813\"><span class=\"hover:entity-accent entity-underline inline cursor-pointer align-baseline\"><span class=\"whitespace-normal\">Spielsucht-Therapie.de<\/span><\/span><br data-start=\"1753\" data-end=\"1756\">\ud83d\udc49 <a class=\"decorated-link\" href=\"https:\/\/www.spielsucht-therapie.de\/beratungsstellen\/\" target=\"_new\" rel=\"noopener\" data-start=\"1761\" data-end=\"1813\">https:\/\/www.spielsucht-therapie.de\/beratungsstellen\/<\/a><\/li><li data-section-id=\"1w1s5j6\" data-start=\"1815\" data-end=\"1916\"><span class=\"hover:entity-accent entity-underline inline cursor-pointer align-baseline\"><span class=\"whitespace-normal\">Verifica\u021bi-v\u0103 jocul<\/span><\/span><br data-start=\"1856\" data-end=\"1859\">\ud83d\udc49 <a class=\"decorated-link\" href=\"https:\/\/www.check-dein-spiel.de\/hilfe\/hilfe-vor-ort\/\" target=\"_new\" rel=\"noopener\" data-start=\"1864\" data-end=\"1916\">https:\/\/www.check-dein-spiel.de\/hilfe\/hilfe-vor-ort\/<\/a><\/li><\/ul>\t\t\t\t\t\t\t\t<\/div>\n\t\t\t\t<\/div>\n\t\t\t\t\t<\/details>\n\t\t\t\t\t\t<details id=\"e-n-accordion-item-1103\" class=\"e-n-accordion-item\" >\n\t\t\t\t<summary class=\"e-n-accordion-item-title\" data-accordion-index=\"4\" tabindex=\"-1\" aria-expanded=\"false\" aria-controls=\"e-n-accordion-item-1103\" >\n\t\t\t\t\t<span class='e-n-accordion-item-title-header'><div class=\"e-n-accordion-item-title-text\"> Autoexcludere <\/div><\/span>\n\t\t\t\t\t\t\t<span class='e-n-accordion-item-title-icon'>\n\t\t\t<span class='e-opened' ><svg aria-hidden=\"true\" class=\"e-font-icon-svg e-fas-minus\" viewBox=\"0 0 448 512\" xmlns=\"http:\/\/www.w3.org\/2000\/svg\"><path d=\"M416 208H32c-17.67 0-32 14.33-32 32v32c0 17.67 14.33 32 32 32h384c17.67 0 32-14.33 32-32v-32c0-17.67-14.33-32-32-32z\"><\/path><\/svg><\/span>\n\t\t\t<span class='e-closed'><svg aria-hidden=\"true\" class=\"e-font-icon-svg e-fas-plus\" viewBox=\"0 0 448 512\" xmlns=\"http:\/\/www.w3.org\/2000\/svg\"><path d=\"M416 208H272V64c0-17.67-14.33-32-32-32h-32c-17.67 0-32 14.33-32 32v144H32c-17.67 0-32 14.33-32 32v32c0 17.67 14.33 32 32 32h144v144c0 17.67 14.33 32 32 32h32c17.67 0 32-14.33 32-32V304h144c17.67 0 32-14.33 32-32v-32c0-17.67-14.33-32-32-32z\"><\/path><\/svg><\/span>\n\t\t<\/span>\n\n\t\t\t\t\t\t<\/summary>\n\t\t\t\t<div role=\"region\" aria-labelledby=\"e-n-accordion-item-1103\" class=\"elementor-element elementor-element-30670d2 e-flex e-con-boxed e-con e-child\" data-id=\"30670d2\" data-element_type=\"container\" data-e-type=\"container\">\n\t\t\t\t\t<div class=\"e-con-inner\">\n\t\t\t\t<div class=\"elementor-element elementor-element-a4266cf elementor-widget elementor-widget-text-editor\" data-id=\"a4266cf\" data-element_type=\"widget\" data-e-type=\"widget\" data-widget_type=\"text-editor.default\">\n\t\t\t\t\t\t\t\t\t<p data-start=\"148\" data-end=\"335\">Jocul responsabil are pentru noi prioritate absolut\u0103. Dac\u0103 oaspe\u021bii observ\u0103 c\u0103 doresc s\u0103 \u00ee\u0219i limiteze comportamentul de joc, le oferim sprijin clar \u0219i necomplicat. <\/p><p data-start=\"337\" data-end=\"672\">O autoexcludere poate fi instituit\u0103 direct la fa\u021ba locului, \u00een unit\u0103\u021bile noastre. Aceasta se realizeaz\u0103 prin <strong data-start=\"464\" data-end=\"487\">autoexcluderea OASIS<\/strong>, un sistem na\u021bional de excludere pentru protec\u021bia juc\u0103toarelor \u0219i juc\u0103torilor. Personalul nostru instruit v\u0103 sprijin\u0103 discret \u0219i f\u0103r\u0103 complica\u021bii \u00een to\u021bi pa\u0219ii necesari.  <\/p><p data-start=\"674\" data-end=\"808\">Pe durata unei excluderi active, accesul \u00een unit\u0103\u021bile noastre de joc este interzis \u2013 aplic\u0103m acest lucru consecvent \u0219i cu fiabilitate.<\/p><p data-start=\"810\" data-end=\"959\">Scopul nostru este s\u0103 oferim sprijin din timp \u0219i s\u0103 cre\u0103m un cadru sigur, \u00een care jocul responsabil s\u0103 r\u0103m\u00e2n\u0103 posibil \u00een orice moment.<\/p>\t\t\t\t\t\t\t\t<\/div>\n\t\t\t\t\t<\/div>\n\t\t\t\t<\/div>\n\t\t\t\t\t<\/details>\n\t\t\t\t\t<\/div>\n\t\t\t\t\t\t<\/div>\n\t\t\t\t<\/div>\n\t\t\t\t\t<\/div>\n\t\t\t\t<\/div>\n\t\t\t\t<\/div>\n\t\t","protected":false},"excerpt":{"rendered":"<p>Protec\u021bie pentru juc\u0103tori Obiectivul nostru este s\u0103 atragem aten\u021bia juc\u0103torului asupra responsabilit\u0103\u021bii sale \u0219i s\u0103 cre\u0103m un mediu sigur. Ne angaj\u0103m pentru jocul responsabil \u0219i oferim informa\u021bii care ajut\u0103 la men\u021binerea controlului. Informa\u021bi-v\u0103 \u0219i juca\u021bi responsabil! Viziunea noastr\u0103 La noi, protec\u021bia juc\u0103torilor este pe primul loc. Ne asigur\u0103m c\u0103 to\u021bi juc\u0103torii pot juca \u00een cazinourile [&hellip;]<\/p>\n","protected":false},"author":1,"featured_media":0,"parent":0,"menu_order":0,"comment_status":"closed","ping_status":"closed","template":"","meta":{"footnotes":""},"class_list":["post-1337","page","type-page","status-publish","hentry"],"_links":{"self":[{"href":"https:\/\/spielhalle.casino\/ro\/wp-json\/wp\/v2\/pages\/1337","targetHints":{"allow":["GET"]}}],"collection":[{"href":"https:\/\/spielhalle.casino\/ro\/wp-json\/wp\/v2\/pages"}],"about":[{"href":"https:\/\/spielhalle.casino\/ro\/wp-json\/wp\/v2\/types\/page"}],"author":[{"embeddable":true,"href":"https:\/\/spielhalle.casino\/ro\/wp-json\/wp\/v2\/users\/1"}],"replies":[{"embeddable":true,"href":"https:\/\/spielhalle.casino\/ro\/wp-json\/wp\/v2\/comments?post=1337"}],"version-history":[{"count":1,"href":"https:\/\/spielhalle.casino\/ro\/wp-json\/wp\/v2\/pages\/1337\/revisions"}],"predecessor-version":[{"id":1340,"href":"https:\/\/spielhalle.casino\/ro\/wp-json\/wp\/v2\/pages\/1337\/revisions\/1340"}],"wp:attachment":[{"href":"https:\/\/spielhalle.casino\/ro\/wp-json\/wp\/v2\/media?parent=1337"}],"curies":[{"name":"wp","href":"https:\/\/api.w.org\/{rel}","templated":true}]}}