{"id":1393,"date":"2025-12-17T17:27:15","date_gmt":"2025-12-17T16:27:15","guid":{"rendered":"https:\/\/spielhalle.casino\/impresum\/"},"modified":"2026-04-09T20:14:44","modified_gmt":"2026-04-09T18:14:44","slug":"impresum","status":"publish","type":"page","link":"https:\/\/spielhalle.casino\/ro\/impresum\/","title":{"rendered":"Impresum"},"content":{"rendered":"\t\t<div data-elementor-type=\"wp-page\" data-elementor-id=\"1393\" class=\"elementor elementor-1393 elementor-73\" data-elementor-post-type=\"page\">\n\t\t\t\t<div class=\"elementor-element elementor-element-a89d4c7 e-flex e-con-boxed e-con e-parent\" data-id=\"a89d4c7\" data-element_type=\"container\" data-e-type=\"container\">\n\t\t\t\t\t<div class=\"e-con-inner\">\n\t\t<div class=\"elementor-element elementor-element-80f6bf3 e-con-full e-flex e-con e-child\" data-id=\"80f6bf3\" data-element_type=\"container\" data-e-type=\"container\">\n\t\t\t\t<div class=\"elementor-element elementor-element-2a41e6f elementor-widget elementor-widget-heading\" data-id=\"2a41e6f\" data-element_type=\"widget\" data-e-type=\"widget\" data-widget_type=\"heading.default\">\n\t\t\t\t\t<h2 class=\"elementor-heading-title elementor-size-default\">Informa\u021bii importante \u00een impresum<\/h2>\t\t\t\t<\/div>\n\t\t\t\t<div class=\"elementor-element elementor-element-8df3aae elementor-widget elementor-widget-text-editor\" data-id=\"8df3aae\" data-element_type=\"widget\" data-e-type=\"widget\" data-widget_type=\"text-editor.default\">\n\t\t\t\t\t\t\t\t\t<h1 data-section-id=\"wqzoil\" data-start=\"103\" data-end=\"114\">Impresum<\/h1><p data-start=\"116\" data-end=\"141\"><strong data-start=\"116\" data-end=\"141\">Informa\u021bii conform \u00a7 5 TMG<\/strong><\/p><p data-start=\"143\" data-end=\"221\"><strong data-start=\"143\" data-end=\"167\">Trinacria Gioco GmbH<\/strong><br data-start=\"167\" data-end=\"170\">Kaiserstra\u00dfe 28<br data-start=\"185\" data-end=\"188\">66386 St. Ingbert<br data-start=\"205\" data-end=\"208\">Germania<\/p><p data-start=\"223\" data-end=\"293\"><strong data-start=\"223\" data-end=\"242\">Registrul Comer\u021bului<\/strong><br data-start=\"268\" data-end=\"271\">Tribunalul Districtual Saarbr\u00fccken HRB 104724<\/p><p data-start=\"295\" data-end=\"342\"><strong data-start=\"295\" data-end=\"314\">Cod de identificare fiscal\u0103 TVA<\/strong><br data-start=\"314\" data-end=\"317\">Cod TVA:  <\/p><p data-start=\"344\" data-end=\"409\"><strong data-start=\"344\" data-end=\"384\">Reprezentat\u0103 prin conducere<\/strong><br data-start=\"384\" data-end=\"387\">G.D.S.<\/p><p data-start=\"411\" data-end=\"457\"><strong data-start=\"411\" data-end=\"422\">Contact<\/strong><br data-start=\"422\" data-end=\"425\">E-mail: <a class=\"decorated-link cursor-pointer\" rel=\"noopener\" data-start=\"433\" data-end=\"455\">info@spielhalle.casino<\/a><\/p><hr data-start=\"459\" data-end=\"462\"><h2 data-section-id=\"1l9iabo\" data-start=\"464\" data-end=\"518\">Responsabil pentru con\u021binut conform \u00a7 18 alin. 2 MStV <\/h2><p data-start=\"520\" data-end=\"580\">Trinacria Gioco GmbH<br data-start=\"540\" data-end=\"543\">Kaiserstra\u00dfe 28<br data-start=\"558\" data-end=\"561\">66386 St. Ingbert<\/p><hr data-start=\"582\" data-end=\"585\"><h2 data-section-id=\"1yifl89\" data-start=\"587\" data-end=\"609\">R\u0103spundere pentru con\u021binut<\/h2><p data-start=\"611\" data-end=\"914\">Con\u021binutul paginilor noastre a fost creat cu cea mai mare aten\u021bie. Cu toate acestea, nu putem garanta exactitatea, caracterul complet \u0219i actualitatea con\u021binutului. \u00cen calitate de furnizor de servicii, suntem responsabili conform \u00a7 7 alin. 1 TMG pentru propriul con\u021binut de pe aceste pagini, \u00een conformitate cu legile generale.   <\/p><hr data-start=\"916\" data-end=\"919\"><h2 data-section-id=\"18g7ogp\" data-start=\"921\" data-end=\"941\">R\u0103spundere pentru link-uri<\/h2><p data-start=\"943\" data-end=\"1120\">Oferta noastr\u0103 con\u021bine link-uri c\u0103tre site-uri externe ale ter\u021bilor, asupra c\u0103rora nu avem nicio influen\u021b\u0103. Prin urmare, nu putem garanta pentru aceste con\u021binuturi externe. <\/p><hr data-start=\"1122\" data-end=\"1125\"><h2 data-section-id=\"4scjf6\" data-start=\"1127\" data-end=\"1142\">Drepturi de autor<\/h2><p data-start=\"1144\" data-end=\"1260\">Con\u021binutul \u0219i lucr\u0103rile create de operatorii site-ului pe aceste pagini sunt supuse legisla\u021biei germane privind drepturile de autor.<\/p>\t\t\t\t\t\t\t\t<\/div>\n\t\t\t\t<\/div>\n\t\t\t\t\t<\/div>\n\t\t\t\t<\/div>\n\t\t\t\t<\/div>\n\t\t","protected":false},"excerpt":{"rendered":"<p>Informa\u021bii importante \u00een impresum Impresum Informa\u021bii conform \u00a7 5 TMG Trinacria Gioco GmbHKaiserstra\u00dfe 2866386 St. IngbertGermania Registrul Comer\u021buluiTribunalul Districtual Saarbr\u00fccken HRB 104724 Cod TVACod fiscal: [CODUL DUMNEAVOASTR\u0102 FISCAL] Reprezentat\u0103 prin conducereG.D.S. ContactE-mail: info@spielhalle.casino Responsabil pentru con\u021binut conform \u00a7 18 alin. 2 MStV Trinacria Gioco GmbHKaiserstra\u00dfe 2866386 St. Ingbert R\u0103spundere pentru con\u021binut Con\u021binutul paginilor noastre a [&hellip;]<\/p>\n","protected":false},"author":1,"featured_media":0,"parent":0,"menu_order":0,"comment_status":"closed","ping_status":"closed","template":"","meta":{"footnotes":""},"class_list":["post-1393","page","type-page","status-publish","hentry"],"_links":{"self":[{"href":"https:\/\/spielhalle.casino\/ro\/wp-json\/wp\/v2\/pages\/1393","targetHints":{"allow":["GET"]}}],"collection":[{"href":"https:\/\/spielhalle.casino\/ro\/wp-json\/wp\/v2\/pages"}],"about":[{"href":"https:\/\/spielhalle.casino\/ro\/wp-json\/wp\/v2\/types\/page"}],"author":[{"embeddable":true,"href":"https:\/\/spielhalle.casino\/ro\/wp-json\/wp\/v2\/users\/1"}],"replies":[{"embeddable":true,"href":"https:\/\/spielhalle.casino\/ro\/wp-json\/wp\/v2\/comments?post=1393"}],"version-history":[{"count":6,"href":"https:\/\/spielhalle.casino\/ro\/wp-json\/wp\/v2\/pages\/1393\/revisions"}],"predecessor-version":[{"id":2027,"href":"https:\/\/spielhalle.casino\/ro\/wp-json\/wp\/v2\/pages\/1393\/revisions\/2027"}],"wp:attachment":[{"href":"https:\/\/spielhalle.casino\/ro\/wp-json\/wp\/v2\/media?parent=1393"}],"curies":[{"name":"wp","href":"https:\/\/api.w.org\/{rel}","templated":true}]}}