{"id":1291,"date":"2025-12-17T17:27:15","date_gmt":"2025-12-17T16:27:15","guid":{"rendered":"https:\/\/spielhalle.casino\/subeler\/"},"modified":"2026-04-12T22:28:02","modified_gmt":"2026-04-12T20:28:02","slug":"subeler","status":"publish","type":"page","link":"https:\/\/spielhalle.casino\/tr\/subeler\/","title":{"rendered":"\u015eubeler"},"content":{"rendered":"\t\t<div data-elementor-type=\"wp-page\" data-elementor-id=\"1291\" class=\"elementor elementor-1291 elementor-69\" data-elementor-post-type=\"page\">\n\t\t\t\t<div class=\"elementor-element elementor-element-a7744ef e-flex e-con-boxed e-con e-parent\" data-id=\"a7744ef\" data-element_type=\"container\" data-e-type=\"container\" data-settings=\"{&quot;background_background&quot;:&quot;classic&quot;}\">\n\t\t\t\t\t<div class=\"e-con-inner\">\n\t\t<div class=\"elementor-element elementor-element-0035bd5 e-con-full e-flex e-con e-child\" data-id=\"0035bd5\" data-element_type=\"container\" data-e-type=\"container\">\n\t\t\t\t<div class=\"elementor-element elementor-element-0a3702a elementor-widget elementor-widget-heading\" data-id=\"0a3702a\" data-element_type=\"widget\" data-e-type=\"widget\" data-widget_type=\"heading.default\">\n\t\t\t\t\t<h2 class=\"elementor-heading-title elementor-size-default\">Oyun salonlar\u0131m\u0131z\u0131 ke\u015ffet!<\/h2>\t\t\t\t<\/div>\n\t\t\t\t<div class=\"elementor-element elementor-element-ed61117 elementor-widget elementor-widget-text-editor\" data-id=\"ed61117\" data-element_type=\"widget\" data-e-type=\"widget\" data-widget_type=\"text-editor.default\">\n\t\t\t\t\t\t\t\t\t<p>Heyecan dolu d\u00fcnyam\u0131za ho\u015f geldin! Bir sonraki maceray\u0131 merak ediyor musun? 10 modern \u015fubemiz hakk\u0131nda daha fazla bilgi al ve favorini bul!  <\/p>\t\t\t\t\t\t\t\t<\/div>\n\t\t\t\t<\/div>\n\t\t\t\t\t<\/div>\n\t\t\t\t<\/div>\n\t\t<div class=\"elementor-element elementor-element-15ba7c3 e-flex e-con-boxed e-con e-parent\" data-id=\"15ba7c3\" data-element_type=\"container\" data-e-type=\"container\">\n\t\t\t\t\t<div class=\"e-con-inner\">\n\t\t\t\t<div class=\"elementor-element elementor-element-2f3e91e elementor-widget elementor-widget-text-editor\" data-id=\"2f3e91e\" data-element_type=\"widget\" data-e-type=\"widget\" data-widget_type=\"text-editor.default\">\n\t\t\t\t\t\t\t\t\t<style>\r\n\t#wpsl-stores .wpsl-store-thumb {height:45px !important; width:45px !important;}\r\n\t#wpsl-stores, #wpsl-direction-details, #wpsl-gmap {height:350px !important;}\r\n\t#wpsl-gmap .wpsl-info-window {max-width:225px !important;}\r\n\t.wpsl-input label, #wpsl-radius label, #wpsl-category label {width:95px;}\r\n\t#wpsl-search-input  {width:179px;}\r\n<\/style>\r\n<div id=\"wpsl-wrap\">\r\n\t<div class=\"wpsl-search wpsl-clearfix wpsl-no-filters\">\r\n\t\t<div id=\"wpsl-search-wrap\">\r\n\t\t\t<form autocomplete=\"off\">\r\n\t\t\t<div class=\"wpsl-input\">\r\n\t\t\t\t<div><label for=\"wpsl-search-input\">Your location<\/label><\/div>\r\n\t\t\t\t<input id=\"wpsl-search-input\" type=\"text\" value=\"\" name=\"wpsl-search-input\" placeholder=\"\" aria-required=\"true\" \/>\r\n\t\t\t<\/div>\r\n\t\t\t\t<div class=\"wpsl-search-btn-wrap\"><input id=\"wpsl-search-btn\" type=\"submit\" value=\"Search\"><\/div>\r\n\t\t<\/form>\r\n\t\t<\/div>\r\n\t<\/div>\r\n\t<div id=\"wpsl-gmap\" class=\"wpsl-gmap-canvas\"><\/div>\r\n\t<div id=\"wpsl-result-list\">\r\n\t\t<div id=\"wpsl-stores\" >\r\n\t\t\t<ul><\/ul>\r\n\t\t<\/div>\r\n\t\t<div id=\"wpsl-direction-details\">\r\n\t\t\t<ul><\/ul>\r\n\t\t<\/div>\r\n\t<\/div>\r\n<\/div>\r\n\t\t\t\t\t\t\t\t<\/div>\n\t\t\t\t\t<\/div>\n\t\t\t\t<\/div>\n\t\t<div class=\"elementor-element elementor-element-29de699 e-flex e-con-boxed e-con e-parent\" data-id=\"29de699\" data-element_type=\"container\" data-e-type=\"container\">\n\t\t\t\t\t<div class=\"e-con-inner\">\n\t\t\t\t<div class=\"elementor-element elementor-element-ba3fc15 elementor-widget elementor-widget-heading\" data-id=\"ba3fc15\" data-element_type=\"widget\" data-e-type=\"widget\" data-widget_type=\"heading.default\">\n\t\t\t\t\t<h2 class=\"elementor-heading-title elementor-size-default\">\u015eubelerimizi ke\u015ffet<\/h2>\t\t\t\t<\/div>\n\t\t\t\t<div class=\"elementor-element elementor-element-3627f14 elementor-widget elementor-widget-heading\" data-id=\"3627f14\" data-element_type=\"widget\" data-e-type=\"widget\" data-widget_type=\"heading.default\">\n\t\t\t\t\t<h5 class=\"elementor-heading-title elementor-size-default\">\u0130\u015fte en pop\u00fcler \u015fubelerimiz. Her bir casinoda heyecan verici deneyimlere ve en yeni oyunlara haz\u0131r ol. <\/h5>\t\t\t\t<\/div>\n\t\t<div class=\"elementor-element elementor-element-0367a2a e-flex e-con-boxed e-con e-child\" data-id=\"0367a2a\" data-element_type=\"container\" data-e-type=\"container\">\n\t\t\t\t\t<div class=\"e-con-inner\">\n\t\t<div class=\"elementor-element elementor-element-4cbf8dd e-con-full e-flex e-con e-child\" data-id=\"4cbf8dd\" data-element_type=\"container\" data-e-type=\"container\">\n\t\t\t\t<div class=\"elementor-element elementor-element-a7a5e43 elementor-widget elementor-widget-image\" data-id=\"a7a5e43\" data-element_type=\"widget\" data-e-type=\"widget\" data-widget_type=\"image.default\">\n\t\t\t\t\t\t\t\t\t\t\t\t<figure class=\"wp-caption\">\n\t\t\t\t\t\t\t\t\t\t\t<a href=\"https:\/\/spielhalle.casino\/tr\/saarbruecken-oyun-salonu\/\">\n\t\t\t\t\t\t\t<img fetchpriority=\"high\" decoding=\"async\" width=\"768\" height=\"1024\" src=\"https:\/\/spielhalle.casino\/wp-content\/uploads\/2026\/03\/vorne_rechts_ergebnis-2-768x1024.webp\" class=\"attachment-large size-large wp-image-1191\" alt=\"\" srcset=\"https:\/\/spielhalle.casino\/wp-content\/uploads\/2026\/03\/vorne_rechts_ergebnis-2-768x1024.webp 768w, https:\/\/spielhalle.casino\/wp-content\/uploads\/2026\/03\/vorne_rechts_ergebnis-2-225x300.webp 225w, https:\/\/spielhalle.casino\/wp-content\/uploads\/2026\/03\/vorne_rechts_ergebnis-2.webp 810w\" sizes=\"(max-width: 768px) 100vw, 768px\" \/>\t\t\t\t\t\t\t\t<\/a>\n\t\t\t\t\t\t\t\t\t\t\t<figcaption class=\"widget-image-caption wp-caption-text\">Spielhalle Saarbr\u00fccken, Untert\u00fcrkheimerstr. 27, 66117 Saarbr\u00fccken <\/figcaption>\n\t\t\t\t\t\t\t\t\t\t<\/figure>\n\t\t\t\t\t\t\t\t\t<\/div>\n\t\t\t\t<div class=\"elementor-element elementor-element-ee75930 elementor-widget elementor-widget-image\" data-id=\"ee75930\" data-element_type=\"widget\" data-e-type=\"widget\" data-widget_type=\"image.default\">\n\t\t\t\t\t\t\t\t\t\t\t\t<figure class=\"wp-caption\">\n\t\t\t\t\t\t\t\t\t\t\t<a href=\"https:\/\/spielhalle.casino\/tr\/voelklingen-oyun-salonu\/\">\n\t\t\t\t\t\t\t<img decoding=\"async\" width=\"794\" height=\"1024\" src=\"https:\/\/spielhalle.casino\/wp-content\/uploads\/2026\/03\/front_ergebnis-794x1024.webp\" class=\"attachment-large size-large wp-image-960\" alt=\"\" srcset=\"https:\/\/spielhalle.casino\/wp-content\/uploads\/2026\/03\/front_ergebnis-794x1024.webp 794w, https:\/\/spielhalle.casino\/wp-content\/uploads\/2026\/03\/front_ergebnis-233x300.webp 233w, https:\/\/spielhalle.casino\/wp-content\/uploads\/2026\/03\/front_ergebnis-768x991.webp 768w, https:\/\/spielhalle.casino\/wp-content\/uploads\/2026\/03\/front_ergebnis.webp 837w\" sizes=\"(max-width: 794px) 100vw, 794px\" \/>\t\t\t\t\t\t\t\t<\/a>\n\t\t\t\t\t\t\t\t\t\t\t<figcaption class=\"widget-image-caption wp-caption-text\">V\u00f6lklingen Oyun Salonu, Bismarckstra\u00dfe 250, 66333 V\u00f6lklingen<\/figcaption>\n\t\t\t\t\t\t\t\t\t\t<\/figure>\n\t\t\t\t\t\t\t\t\t<\/div>\n\t\t\t\t<div class=\"elementor-element elementor-element-6afea28 elementor-widget elementor-widget-image\" data-id=\"6afea28\" data-element_type=\"widget\" data-e-type=\"widget\" data-widget_type=\"image.default\">\n\t\t\t\t\t\t\t\t\t\t\t\t<figure class=\"wp-caption\">\n\t\t\t\t\t\t\t\t\t\t\t<a href=\"https:\/\/spielhalle.casino\/tr\/spielhalle-wiebelskirchen\/\">\n\t\t\t\t\t\t\t<img decoding=\"async\" width=\"768\" height=\"1024\" src=\"https:\/\/spielhalle.casino\/wp-content\/uploads\/2026\/04\/front1_ergebnis-1-768x1024.webp\" class=\"attachment-large size-large wp-image-2214\" alt=\"\" srcset=\"https:\/\/spielhalle.casino\/wp-content\/uploads\/2026\/04\/front1_ergebnis-1-768x1024.webp 768w, https:\/\/spielhalle.casino\/wp-content\/uploads\/2026\/04\/front1_ergebnis-1-225x300.webp 225w, https:\/\/spielhalle.casino\/wp-content\/uploads\/2026\/04\/front1_ergebnis-1.webp 810w\" sizes=\"(max-width: 768px) 100vw, 768px\" \/>\t\t\t\t\t\t\t\t<\/a>\n\t\t\t\t\t\t\t\t\t\t\t<figcaption class=\"widget-image-caption wp-caption-text\">Wiebelskirchen Oyun Salonu, Kuchenbergstra\u00dfe 1, 66540 Neunkirchen<\/figcaption>\n\t\t\t\t\t\t\t\t\t\t<\/figure>\n\t\t\t\t\t\t\t\t\t<\/div>\n\t\t\t\t<\/div>\n\t\t<div class=\"elementor-element elementor-element-5eec20e e-con-full e-flex e-con e-child\" data-id=\"5eec20e\" data-element_type=\"container\" data-e-type=\"container\">\n\t\t\t\t<div class=\"elementor-element elementor-element-644ff4e elementor-widget elementor-widget-image\" data-id=\"644ff4e\" data-element_type=\"widget\" data-e-type=\"widget\" data-widget_type=\"image.default\">\n\t\t\t\t\t\t\t\t\t\t\t\t<figure class=\"wp-caption\">\n\t\t\t\t\t\t\t\t\t\t\t<a href=\"https:\/\/spielhalle.casino\/tr\/rohrbach-oyun-salonu\/\">\n\t\t\t\t\t\t\t<img loading=\"lazy\" decoding=\"async\" width=\"768\" height=\"1024\" src=\"https:\/\/spielhalle.casino\/wp-content\/uploads\/2026\/03\/front_ergebnis-2-768x1024.webp\" class=\"attachment-large size-large wp-image-1074\" alt=\"\" srcset=\"https:\/\/spielhalle.casino\/wp-content\/uploads\/2026\/03\/front_ergebnis-2-768x1024.webp 768w, https:\/\/spielhalle.casino\/wp-content\/uploads\/2026\/03\/front_ergebnis-2-225x300.webp 225w, https:\/\/spielhalle.casino\/wp-content\/uploads\/2026\/03\/front_ergebnis-2.webp 810w\" sizes=\"(max-width: 768px) 100vw, 768px\" \/>\t\t\t\t\t\t\t\t<\/a>\n\t\t\t\t\t\t\t\t\t\t\t<figcaption class=\"widget-image-caption wp-caption-text\">Rohrbach Oyun Salonu, Geistkircherstr. 12, 66386 St. Ingbert<\/figcaption>\n\t\t\t\t\t\t\t\t\t\t<\/figure>\n\t\t\t\t\t\t\t\t\t<\/div>\n\t\t\t\t<div class=\"elementor-element elementor-element-39fabdd elementor-widget elementor-widget-image\" data-id=\"39fabdd\" data-element_type=\"widget\" data-e-type=\"widget\" data-widget_type=\"image.default\">\n\t\t\t\t\t\t\t\t\t\t\t\t<figure class=\"wp-caption\">\n\t\t\t\t\t\t\t\t\t\t\t<a href=\"https:\/\/spielhalle.casino\/tr\/beckingen-oyun-salonu\/\">\n\t\t\t\t\t\t\t<img loading=\"lazy\" decoding=\"async\" width=\"768\" height=\"1024\" src=\"https:\/\/spielhalle.casino\/wp-content\/uploads\/2026\/03\/front1_ergebnis-768x1024.webp\" class=\"attachment-large size-large wp-image-1194\" alt=\"\" srcset=\"https:\/\/spielhalle.casino\/wp-content\/uploads\/2026\/03\/front1_ergebnis-768x1024.webp 768w, https:\/\/spielhalle.casino\/wp-content\/uploads\/2026\/03\/front1_ergebnis-225x300.webp 225w, https:\/\/spielhalle.casino\/wp-content\/uploads\/2026\/03\/front1_ergebnis.webp 810w\" sizes=\"(max-width: 768px) 100vw, 768px\" \/>\t\t\t\t\t\t\t\t<\/a>\n\t\t\t\t\t\t\t\t\t\t\t<figcaption class=\"widget-image-caption wp-caption-text\">Beckingen Oyun Salonu, Bahnhofstra\u00dfe 11, 66701 Beckingen <\/figcaption>\n\t\t\t\t\t\t\t\t\t\t<\/figure>\n\t\t\t\t\t\t\t\t\t<\/div>\n\t\t\t\t<div class=\"elementor-element elementor-element-c8bde53 elementor-widget elementor-widget-image\" data-id=\"c8bde53\" data-element_type=\"widget\" data-e-type=\"widget\" data-widget_type=\"image.default\">\n\t\t\t\t\t\t\t\t\t\t\t\t<figure class=\"wp-caption\">\n\t\t\t\t\t\t\t\t\t\t\t<a href=\"https:\/\/spielhalle.casino\/tr\/zweibruecken-oyun-salonu\/\">\n\t\t\t\t\t\t\t<img loading=\"lazy\" decoding=\"async\" width=\"797\" height=\"1024\" src=\"https:\/\/spielhalle.casino\/wp-content\/uploads\/2026\/03\/vorne_rechts_ergebnis-797x1024.webp\" class=\"attachment-large size-large wp-image-1192\" alt=\"\" srcset=\"https:\/\/spielhalle.casino\/wp-content\/uploads\/2026\/03\/vorne_rechts_ergebnis-797x1024.webp 797w, https:\/\/spielhalle.casino\/wp-content\/uploads\/2026\/03\/vorne_rechts_ergebnis-234x300.webp 234w, https:\/\/spielhalle.casino\/wp-content\/uploads\/2026\/03\/vorne_rechts_ergebnis-768x986.webp 768w, https:\/\/spielhalle.casino\/wp-content\/uploads\/2026\/03\/vorne_rechts_ergebnis.webp 841w\" sizes=\"(max-width: 797px) 100vw, 797px\" \/>\t\t\t\t\t\t\t\t<\/a>\n\t\t\t\t\t\t\t\t\t\t\t<figcaption class=\"widget-image-caption wp-caption-text\">Zweibr\u00fccken Oyun Salonu, Mail\u00e4nder Ring 23, 66482 Zweibr\u00fccken<\/figcaption>\n\t\t\t\t\t\t\t\t\t\t<\/figure>\n\t\t\t\t\t\t\t\t\t<\/div>\n\t\t\t\t<\/div>\n\t\t<div class=\"elementor-element elementor-element-57c3575 e-con-full e-flex e-con e-child\" data-id=\"57c3575\" data-element_type=\"container\" data-e-type=\"container\">\n\t\t\t\t<div class=\"elementor-element elementor-element-278794c elementor-widget elementor-widget-image\" data-id=\"278794c\" data-element_type=\"widget\" data-e-type=\"widget\" data-widget_type=\"image.default\">\n\t\t\t\t\t\t\t\t\t\t\t\t<figure class=\"wp-caption\">\n\t\t\t\t\t\t\t\t\t\t\t<a href=\"https:\/\/spielhalle.casino\/tr\/spielhalle-merzig\/\">\n\t\t\t\t\t\t\t<img loading=\"lazy\" decoding=\"async\" width=\"768\" height=\"1024\" src=\"https:\/\/spielhalle.casino\/wp-content\/uploads\/2026\/03\/front2_ergebnis-1-768x1024.webp\" class=\"attachment-large size-large wp-image-1193\" alt=\"\" srcset=\"https:\/\/spielhalle.casino\/wp-content\/uploads\/2026\/03\/front2_ergebnis-1-768x1024.webp 768w, https:\/\/spielhalle.casino\/wp-content\/uploads\/2026\/03\/front2_ergebnis-1-225x300.webp 225w, https:\/\/spielhalle.casino\/wp-content\/uploads\/2026\/03\/front2_ergebnis-1.webp 810w\" sizes=\"(max-width: 768px) 100vw, 768px\" \/>\t\t\t\t\t\t\t\t<\/a>\n\t\t\t\t\t\t\t\t\t\t\t<figcaption class=\"widget-image-caption wp-caption-text\">Merzig Oyun Salonu, Im W\u00e4ldchen 2, 66663 Merzig<\/figcaption>\n\t\t\t\t\t\t\t\t\t\t<\/figure>\n\t\t\t\t\t\t\t\t\t<\/div>\n\t\t\t\t<div class=\"elementor-element elementor-element-684dfc3 elementor-widget elementor-widget-image\" data-id=\"684dfc3\" data-element_type=\"widget\" data-e-type=\"widget\" data-widget_type=\"image.default\">\n\t\t\t\t\t\t\t\t\t\t\t\t<figure class=\"wp-caption\">\n\t\t\t\t\t\t\t\t\t\t\t<a href=\"https:\/\/spielhalle.casino\/tr\/st-ingbert-oyun-salonu-ernst-heckel-str\/\">\n\t\t\t\t\t\t\t<img loading=\"lazy\" decoding=\"async\" width=\"768\" height=\"1024\" src=\"https:\/\/spielhalle.casino\/wp-content\/uploads\/2026\/03\/vorne_rechts_ergebnis-1-768x1024.webp\" class=\"attachment-large size-large wp-image-931\" alt=\"\" srcset=\"https:\/\/spielhalle.casino\/wp-content\/uploads\/2026\/03\/vorne_rechts_ergebnis-1-768x1024.webp 768w, https:\/\/spielhalle.casino\/wp-content\/uploads\/2026\/03\/vorne_rechts_ergebnis-1-225x300.webp 225w, https:\/\/spielhalle.casino\/wp-content\/uploads\/2026\/03\/vorne_rechts_ergebnis-1.webp 810w\" sizes=\"(max-width: 768px) 100vw, 768px\" \/>\t\t\t\t\t\t\t\t<\/a>\n\t\t\t\t\t\t\t\t\t\t\t<figcaption class=\"widget-image-caption wp-caption-text\">St. Ingbert 2 Oyun Salonu, Ernst Heckel Stra\u00dfe 6, 66386 St. Ingbert<\/figcaption>\n\t\t\t\t\t\t\t\t\t\t<\/figure>\n\t\t\t\t\t\t\t\t\t<\/div>\n\t\t\t\t<div class=\"elementor-element elementor-element-ec60a28 elementor-widget elementor-widget-image\" data-id=\"ec60a28\" data-element_type=\"widget\" data-e-type=\"widget\" data-widget_type=\"image.default\">\n\t\t\t\t\t\t\t\t\t\t\t\t<figure class=\"wp-caption\">\n\t\t\t\t\t\t\t\t\t\t\t<a href=\"https:\/\/spielhalle.casino\/tr\/lebach-oyun-salonu\/\">\n\t\t\t\t\t\t\t<img loading=\"lazy\" decoding=\"async\" width=\"768\" height=\"1024\" src=\"https:\/\/spielhalle.casino\/wp-content\/uploads\/2026\/04\/front1_ergebnis.webp\" class=\"attachment-large size-large wp-image-2117\" alt=\"\" \/>\t\t\t\t\t\t\t\t<\/a>\n\t\t\t\t\t\t\t\t\t\t\t<figcaption class=\"widget-image-caption wp-caption-text\">Lebach Oyun Salonu, Saarbr\u00fccker Str. 47, 66822 Lebach<\/figcaption>\n\t\t\t\t\t\t\t\t\t\t<\/figure>\n\t\t\t\t\t\t\t\t\t<\/div>\n\t\t\t\t<\/div>\n\t\t\t\t\t<\/div>\n\t\t\t\t<\/div>\n\t\t\t\t\t<\/div>\n\t\t\t\t<\/div>\n\t\t\t\t<\/div>\n\t\t","protected":false},"excerpt":{"rendered":"<p>Oyun salonlar\u0131m\u0131z\u0131 ke\u015ffet! Heyecan dolu d\u00fcnyam\u0131za ho\u015f geldin! Bir sonraki maceray\u0131 merak ediyor musun? 10 modern \u015fubemiz hakk\u0131nda daha fazla bilgi al ve favorini bul! \u015eubelerimizi ke\u015ffet \u0130\u015fte en pop\u00fcler \u015fubelerimiz. Her bir casinoda heyecan verici deneyimlere ve en yeni oyunlara haz\u0131r ol. Spielhalle Saarbr\u00fccken, Untert\u00fcrkheimerstr. 27, 66117 Saarbr\u00fccken V\u00f6lklingen Oyun Salonu, Bismarckstra\u00dfe 250, 66333 [&hellip;]<\/p>\n","protected":false},"author":1,"featured_media":0,"parent":0,"menu_order":0,"comment_status":"closed","ping_status":"closed","template":"","meta":{"footnotes":""},"class_list":["post-1291","page","type-page","status-publish","hentry"],"_links":{"self":[{"href":"https:\/\/spielhalle.casino\/tr\/wp-json\/wp\/v2\/pages\/1291","targetHints":{"allow":["GET"]}}],"collection":[{"href":"https:\/\/spielhalle.casino\/tr\/wp-json\/wp\/v2\/pages"}],"about":[{"href":"https:\/\/spielhalle.casino\/tr\/wp-json\/wp\/v2\/types\/page"}],"author":[{"embeddable":true,"href":"https:\/\/spielhalle.casino\/tr\/wp-json\/wp\/v2\/users\/1"}],"replies":[{"embeddable":true,"href":"https:\/\/spielhalle.casino\/tr\/wp-json\/wp\/v2\/comments?post=1291"}],"version-history":[{"count":10,"href":"https:\/\/spielhalle.casino\/tr\/wp-json\/wp\/v2\/pages\/1291\/revisions"}],"predecessor-version":[{"id":2334,"href":"https:\/\/spielhalle.casino\/tr\/wp-json\/wp\/v2\/pages\/1291\/revisions\/2334"}],"wp:attachment":[{"href":"https:\/\/spielhalle.casino\/tr\/wp-json\/wp\/v2\/media?parent=1291"}],"curies":[{"name":"wp","href":"https:\/\/api.w.org\/{rel}","templated":true}]}}