{"id":1298,"date":"2025-12-17T17:27:16","date_gmt":"2025-12-17T16:27:16","guid":{"rendered":"https:\/\/spielhalle.casino\/gizlilik-politikasi\/"},"modified":"2026-03-30T19:54:05","modified_gmt":"2026-03-30T17:54:05","slug":"gizlilik-politikasi","status":"publish","type":"page","link":"https:\/\/spielhalle.casino\/tr\/gizlilik-politikasi\/","title":{"rendered":"Gizlilik Politikas\u0131"},"content":{"rendered":"\t\t<div data-elementor-type=\"wp-page\" data-elementor-id=\"1298\" class=\"elementor elementor-1298 elementor-85\" data-elementor-post-type=\"page\">\n\t\t\t\t<div class=\"elementor-element elementor-element-5714582 e-flex e-con-boxed e-con e-parent\" data-id=\"5714582\" data-element_type=\"container\" data-e-type=\"container\" data-settings=\"{&quot;background_background&quot;:&quot;classic&quot;}\">\n\t\t\t\t\t<div class=\"e-con-inner\">\n\t\t<div class=\"elementor-element elementor-element-65d544a e-con-full e-flex e-con e-child\" data-id=\"65d544a\" data-element_type=\"container\" data-e-type=\"container\">\n\t\t\t\t<div class=\"elementor-element elementor-element-d60a9fc elementor-widget elementor-widget-heading\" data-id=\"d60a9fc\" data-element_type=\"widget\" data-e-type=\"widget\" data-widget_type=\"heading.default\">\n\t\t\t\t\t<h2 class=\"elementor-heading-title elementor-size-default\">Gizlilik \u00f6nemli!<\/h2>\t\t\t\t<\/div>\n\t\t\t\t<div class=\"elementor-element elementor-element-11f5f94 elementor-widget elementor-widget-text-editor\" data-id=\"11f5f94\" data-element_type=\"widget\" data-e-type=\"widget\" data-widget_type=\"text-editor.default\">\n\t\t\t\t\t\t\t\t\t<p>Ki\u015fisel verilerini g\u00fcvenle koruyoruz.<\/p>\t\t\t\t\t\t\t\t<\/div>\n\t\t\t\t<\/div>\n\t\t\t\t\t<\/div>\n\t\t\t\t<\/div>\n\t\t<div class=\"elementor-element elementor-element-b648e4e e-flex e-con-boxed e-con e-parent\" data-id=\"b648e4e\" data-element_type=\"container\" data-e-type=\"container\">\n\t\t\t\t\t<div class=\"e-con-inner\">\n\t\t\t\t<div class=\"elementor-element elementor-element-d990230 elementor-widget elementor-widget-text-editor\" data-id=\"d990230\" data-element_type=\"widget\" data-e-type=\"widget\" data-widget_type=\"text-editor.default\">\n\t\t\t\t\t\t\t\t\t<h1 data-section-id=\"1oymf5x\" data-start=\"148\" data-end=\"170\">Gizlilik Politikas\u0131<\/h1><h2 data-section-id=\"1fec0qf\" data-start=\"172\" data-end=\"205\">1. K\u0131saca veri koruma<\/h2><p data-start=\"207\" data-end=\"423\">Ki\u015fisel verilerinin korunmas\u0131 bizim i\u00e7in \u00f6zellikle \u00f6nemlidir. Ki\u015fisel verilerini gizli tutar ve yasal veri koruma h\u00fck\u00fcmlerine ve bu gizlilik politikas\u0131na uygun \u015fekilde i\u015fleriz. <\/p><hr data-start=\"425\" data-end=\"428\"><h2 data-section-id=\"1co7opw\" data-start=\"430\" data-end=\"452\">2. Sorumlu<\/h2><p data-start=\"454\" data-end=\"532\"><strong data-start=\"454\" data-end=\"478\">Trinacria Gioco GmbH<\/strong><br data-start=\"478\" data-end=\"481\">Kaiserstra\u00dfe 28<br data-start=\"496\" data-end=\"499\">66386 St. Ingbert<br data-start=\"516\" data-end=\"519\">Almanya<\/p><p data-start=\"534\" data-end=\"566\">E-posta: <a class=\"decorated-link cursor-pointer\" rel=\"noopener\" data-start=\"542\" data-end=\"564\">info@spielhalle.casino<\/a><\/p><hr data-start=\"568\" data-end=\"571\"><h2 data-section-id=\"9qig9k\" data-start=\"573\" data-end=\"586\">3. Hosting<\/h2><p data-start=\"588\" data-end=\"662\">Bu web sitesi <span class=\"hover:entity-accent entity-underline inline cursor-pointer align-baseline\"><span class=\"whitespace-normal\">STRATO AG<\/span><\/span> taraf\u0131ndan bar\u0131nd\u0131r\u0131lmaktad\u0131r.<\/p><p data-start=\"664\" data-end=\"759\">Web sitemizi ziyaret etti\u011finde STRATO, \u201csunucu g\u00fcnl\u00fck dosyalar\u0131\u201d (server log files) olarak adland\u0131r\u0131lan dosyalarda otomatik olarak veri toplar:<\/p><ul data-start=\"761\" data-end=\"873\"><li data-section-id=\"1h0uk97\" data-start=\"761\" data-end=\"775\">IP adresi<\/li><li data-section-id=\"wzs3a0\" data-start=\"776\" data-end=\"809\">\u0130ste\u011fin tarihi ve saati<\/li><li data-section-id=\"78ua8h\" data-start=\"810\" data-end=\"837\">Taray\u0131c\u0131 t\u00fcr\u00fc ve s\u00fcr\u00fcm\u00fc<\/li><li data-section-id=\"kiy1ht\" data-start=\"838\" data-end=\"856\">\u0130\u015fletim sistemi<\/li><li data-section-id=\"anwpz4\" data-start=\"857\" data-end=\"873\">Y\u00f6nlendiren URL (Referrer URL)<\/li><\/ul><p data-start=\"875\" data-end=\"961\">\u0130\u015fleme, web sitesinin sorunsuz \u00e7al\u0131\u015fmas\u0131n\u0131 sa\u011flamak amac\u0131yla yap\u0131l\u0131r.<\/p><hr data-start=\"963\" data-end=\"966\"><h2 data-section-id=\"18z8pb0\" data-start=\"968\" data-end=\"1008\">4. \u00c7erezler &amp; Onay Arac\u0131 kullan\u0131m\u0131<\/h2><p data-start=\"1010\" data-end=\"1209\">Web sitemiz, belirli \u00e7erezlerin kaydedilmesi i\u00e7in onay\u0131n\u0131 almak ve bunu veri korumaya uygun \u015fekilde belgelemek amac\u0131yla <strong data-start=\"1059\" data-end=\"1100\"><span class=\"hover:entity-accent entity-underline inline cursor-pointer align-baseline\"><span class=\"whitespace-normal\">Borlabs Cookie<\/span><\/span><\/strong> onay y\u00f6netim arac\u0131n\u0131 kullan\u0131r.<\/p><p data-start=\"1211\" data-end=\"1304\">Web sitemizi ilk ziyaretinde hangi \u00e7erezlere izin vermek istedi\u011fini se\u00e7ebilirsin.<\/p><p data-start=\"1306\" data-end=\"1346\">Bu s\u0131rada a\u015fa\u011f\u0131daki veriler i\u015flenir:<\/p><ul data-start=\"1348\" data-end=\"1452\"><li data-section-id=\"gxxp96\" data-start=\"1348\" data-end=\"1373\">Onay(lar)\u0131n<\/li><li data-section-id=\"1md74qr\" data-start=\"1374\" data-end=\"1398\">IP adresi (k\u0131salt\u0131lm\u0131\u015f)<\/li><li data-section-id=\"lvilf4\" data-start=\"1399\" data-end=\"1427\">Onay zaman\u0131<\/li><li data-section-id=\"1b60mir\" data-start=\"1428\" data-end=\"1452\">Taray\u0131c\u0131 bilgileri<\/li><\/ul><p data-start=\"1454\" data-end=\"1539\">Saklama, GDPR Madde 6(1) bent c uyar\u0131nca hukuki g\u00fcvence amac\u0131yla yap\u0131l\u0131r.  <\/p><hr data-start=\"1541\" data-end=\"1544\"><h2 data-section-id=\"1v4e69t\" data-start=\"1546\" data-end=\"1568\">5. Google Analytics<\/h2><p data-start=\"1570\" data-end=\"1653\">Bu web sitesi, <span class=\"hover:entity-accent entity-underline inline cursor-pointer align-baseline\"><span class=\"whitespace-normal\">Google LLC<\/span><\/span> web analiz hizmetini kullan\u0131r.<\/p><p data-start=\"1655\" data-end=\"1752\">Google Analytics, <strong data-start=\"1677\" data-end=\"1741\">yaln\u0131zca \u00e7erez banner\u2019\u0131 (Borlabs) \u00fczerinden onay verdikten sonra<\/strong> etkinle\u015ftirilir.<\/p><p data-start=\"1754\" data-end=\"1845\">Google Analytics, web sitesinin kullan\u0131m\u0131n\u0131n analiz edilmesini sa\u011flayan \u00e7erezler kullan\u0131r.<\/p><p data-start=\"1847\" data-end=\"1870\"><strong data-start=\"1847\" data-end=\"1870\">\u0130\u015flenen veriler:<\/strong><\/p><ul data-start=\"1871\" data-end=\"1955\"><li data-section-id=\"1r59xfi\" data-start=\"1871\" data-end=\"1888\">Sayfa g\u00f6r\u00fcnt\u00fclemeleri<\/li><li data-section-id=\"1qngrll\" data-start=\"1889\" data-end=\"1905\">Sitede kalma s\u00fcresi<\/li><li data-section-id=\"aoijgb\" data-start=\"1906\" data-end=\"1931\">Ziyaret\u00e7ilerin kayna\u011f\u0131<\/li><li data-section-id=\"vz2isq\" data-start=\"1932\" data-end=\"1955\">Cihaz bilgileri<\/li><\/ul><p data-start=\"1957\" data-end=\"2084\"><strong data-start=\"1957\" data-end=\"1979\">IP anonimle\u015ftirme:<\/strong><br data-start=\"1979\" data-end=\"1982\">\u201cIP anonimle\u015ftirme\u201d i\u015flevini kullan\u0131yoruz; b\u00f6ylece IP adresin AB i\u00e7inde k\u0131salt\u0131l\u0131r.<\/p><p data-start=\"2086\" data-end=\"2150\"><strong data-start=\"2086\" data-end=\"2106\">Hukuki dayanak:<\/strong><br data-start=\"2106\" data-end=\"2109\">GDPR Madde 6(1) bent a (onay)  <\/p><p data-start=\"2152\" data-end=\"2241\"><strong data-start=\"2152\" data-end=\"2165\">Geri alma:<\/strong><br data-start=\"2165\" data-end=\"2168\">Onay\u0131n\u0131 istedi\u011fin zaman \u00e7erez banner\u2019\u0131 \u00fczerinden geri alabilirsin.<\/p><hr data-start=\"2243\" data-end=\"2246\"><h2 data-section-id=\"1uaxta3\" data-start=\"2248\" data-end=\"2265\">6. Google Maps<\/h2><p data-start=\"2267\" data-end=\"2342\">Bu web sitesi, <span class=\"hover:entity-accent entity-underline inline cursor-pointer align-baseline\"><span class=\"whitespace-normal\">Google Maps<\/span><\/span> harita hizmetini kullan\u0131r.<\/p><p data-start=\"2344\" data-end=\"2432\">Entegrasyon, <strong data-start=\"2367\" data-end=\"2431\">yaln\u0131zca onay arac\u0131 (Borlabs) \u00fczerinden onay verdikten sonra<\/strong> yap\u0131l\u0131r.<\/p><p data-start=\"2434\" data-end=\"2504\">Google Maps y\u00fcklendi\u011finde IP adresin Google\u2019a iletilir.<\/p><p data-start=\"2506\" data-end=\"2595\"><strong data-start=\"2506\" data-end=\"2516\">Ama\u00e7:<\/strong><br data-start=\"2516\" data-end=\"2519\">Lokasyonlar\u0131m\u0131z\u0131n g\u00f6sterilmesi ve yol tarifi sa\u011flanmas\u0131.<\/p><p data-start=\"2597\" data-end=\"2661\"><strong data-start=\"2597\" data-end=\"2617\">Hukuki dayanak:<\/strong><br data-start=\"2617\" data-end=\"2620\">GDPR Madde 6(1) bent a (onay)  <\/p><hr data-start=\"2663\" data-end=\"2666\"><h2 data-section-id=\"1l3x092\" data-start=\"2668\" data-end=\"2703\">7. SSL\/TLS \u015fifrelemesi<\/h2><p data-start=\"2705\" data-end=\"2781\">Bu sayfa, g\u00fcvenlik nedeniyle SSL\/TLS \u015fifrelemesi kullan\u0131r.<\/p><hr data-start=\"2783\" data-end=\"2786\"><h2 data-section-id=\"1c7cx60\" data-start=\"2788\" data-end=\"2805\">8. Haklar\u0131n<\/h2><p data-start=\"2807\" data-end=\"2841\">Her zaman \u015fu haklara sahipsin:<\/p><ul data-start=\"2843\" data-end=\"3007\"><li data-section-id=\"f9qm1y\" data-start=\"2843\" data-end=\"2885\">Kay\u0131tl\u0131 verilerin hakk\u0131nda bilgi alma<\/li><li data-section-id=\"g9sr6h\" data-start=\"2886\" data-end=\"2902\">D\u00fczeltme<\/li><li data-section-id=\"77egm\" data-start=\"2903\" data-end=\"2915\">Silme<\/li><li data-section-id=\"9enzfe\" data-start=\"2916\" data-end=\"2950\">\u0130\u015flemenin k\u0131s\u0131tlanmas\u0131<\/li><li data-section-id=\"1wshal5\" data-start=\"2951\" data-end=\"2975\">Veri ta\u015f\u0131nabilirli\u011fi<\/li><li data-section-id=\"1bust7y\" data-start=\"2976\" data-end=\"3007\">Onay\u0131n\u0131 geri alma<\/li><\/ul><hr data-start=\"3009\" data-end=\"3012\"><h2 data-section-id=\"1rxp5ms\" data-start=\"3014\" data-end=\"3035\">9. \u015eik\u00e2yet hakk\u0131<\/h2><p data-start=\"3037\" data-end=\"3116\">Bir veri koruma denetim makam\u0131na \u015fik\u00e2yette bulunma hakk\u0131n vard\u0131r.<\/p><hr data-start=\"3118\" data-end=\"3121\"><h2 data-section-id=\"gi1qip\" data-start=\"3123\" data-end=\"3140\">10. G\u00fcncellik<\/h2><p data-start=\"3142\" data-end=\"3158\">G\u00fcncelleme: Mart 2026<\/p>\t\t\t\t\t\t\t\t<\/div>\n\t\t\t\t\t<\/div>\n\t\t\t\t<\/div>\n\t\t\t\t<\/div>\n\t\t","protected":false},"excerpt":{"rendered":"<p>Gizlilik \u00f6nemli! Ki\u015fisel verilerini g\u00fcvenle koruyoruz. Gizlilik Politikas\u0131 1. K\u0131saca veri koruma Ki\u015fisel verilerinin korunmas\u0131 bizim i\u00e7in \u00f6zellikle \u00f6nemlidir. Ki\u015fisel verilerini gizli tutar ve yasal veri koruma h\u00fck\u00fcmlerine ve bu gizlilik politikas\u0131na uygun \u015fekilde i\u015fleriz. 2. Sorumlu Trinacria Gioco GmbHKaiserstra\u00dfe 2866386 St. IngbertAlmanya E-posta: info@spielhalle.casino 3. Hosting Bu web sitesi STRATO AG taraf\u0131ndan bar\u0131nd\u0131r\u0131lmaktad\u0131r. Web [&hellip;]<\/p>\n","protected":false},"author":1,"featured_media":0,"parent":0,"menu_order":0,"comment_status":"closed","ping_status":"closed","template":"","meta":{"footnotes":""},"class_list":["post-1298","page","type-page","status-publish","hentry"],"_links":{"self":[{"href":"https:\/\/spielhalle.casino\/tr\/wp-json\/wp\/v2\/pages\/1298","targetHints":{"allow":["GET"]}}],"collection":[{"href":"https:\/\/spielhalle.casino\/tr\/wp-json\/wp\/v2\/pages"}],"about":[{"href":"https:\/\/spielhalle.casino\/tr\/wp-json\/wp\/v2\/types\/page"}],"author":[{"embeddable":true,"href":"https:\/\/spielhalle.casino\/tr\/wp-json\/wp\/v2\/users\/1"}],"replies":[{"embeddable":true,"href":"https:\/\/spielhalle.casino\/tr\/wp-json\/wp\/v2\/comments?post=1298"}],"version-history":[{"count":1,"href":"https:\/\/spielhalle.casino\/tr\/wp-json\/wp\/v2\/pages\/1298\/revisions"}],"predecessor-version":[{"id":1299,"href":"https:\/\/spielhalle.casino\/tr\/wp-json\/wp\/v2\/pages\/1298\/revisions\/1299"}],"wp:attachment":[{"href":"https:\/\/spielhalle.casino\/tr\/wp-json\/wp\/v2\/media?parent=1298"}],"curies":[{"name":"wp","href":"https:\/\/api.w.org\/{rel}","templated":true}]}}