{"id":1333,"date":"2025-12-17T17:27:15","date_gmt":"2025-12-17T16:27:15","guid":{"rendered":"https:\/\/spielhalle.casino\/oyuncu-korumasi\/"},"modified":"2026-03-30T19:54:50","modified_gmt":"2026-03-30T17:54:50","slug":"oyuncu-korumasi","status":"publish","type":"page","link":"https:\/\/spielhalle.casino\/tr\/oyuncu-korumasi\/","title":{"rendered":"Oyuncu Korumas\u0131"},"content":{"rendered":"\t\t<div data-elementor-type=\"wp-page\" data-elementor-id=\"1333\" class=\"elementor elementor-1333 elementor-71\" data-elementor-post-type=\"page\">\n\t\t\t\t<div class=\"elementor-element elementor-element-9fc3676 e-flex e-con-boxed e-con e-parent\" data-id=\"9fc3676\" data-element_type=\"container\" data-e-type=\"container\" data-settings=\"{&quot;background_background&quot;:&quot;classic&quot;}\">\n\t\t\t\t\t<div class=\"e-con-inner\">\n\t\t<div class=\"elementor-element elementor-element-569a268 e-con-full e-flex e-con e-child\" data-id=\"569a268\" data-element_type=\"container\" data-e-type=\"container\">\n\t\t\t\t<div class=\"elementor-element elementor-element-d0720a3 elementor-widget elementor-widget-heading\" data-id=\"d0720a3\" data-element_type=\"widget\" data-e-type=\"widget\" data-widget_type=\"heading.default\">\n\t\t\t\t\t<h2 class=\"elementor-heading-title elementor-size-default\">Oyuncular i\u00e7in Koruma<\/h2>\t\t\t\t<\/div>\n\t\t\t\t<div class=\"elementor-element elementor-element-0b27f51 elementor-widget elementor-widget-text-editor\" data-id=\"0b27f51\" data-element_type=\"widget\" data-e-type=\"widget\" data-widget_type=\"text-editor.default\">\n\t\t\t\t\t\t\t\t\t<p>Amac\u0131m\u0131z, oyuncunun sorumlulu\u011funa dikkat \u00e7ekmek ve g\u00fcvenli bir ortam yaratmakt\u0131r. Sorumlu oyun oynamay\u0131 destekliyor ve kontrol\u00fc elinde tutmana yard\u0131mc\u0131 olacak bilgiler sunuyoruz. Bilgi edin ve sorumlu bir \u015fekilde oyna!  <\/p>\t\t\t\t\t\t\t\t<\/div>\n\t\t\t\t<\/div>\n\t\t\t\t\t<\/div>\n\t\t\t\t<\/div>\n\t\t<div class=\"elementor-element elementor-element-9189574 e-con-full e-flex e-con e-parent\" data-id=\"9189574\" data-element_type=\"container\" data-e-type=\"container\">\n\t\t<div class=\"elementor-element elementor-element-835bdca e-con-full e-flex e-con e-child\" data-id=\"835bdca\" data-element_type=\"container\" data-e-type=\"container\">\n\t\t\t\t<div class=\"elementor-element elementor-element-e1d959e elementor-widget elementor-widget-heading\" data-id=\"e1d959e\" data-element_type=\"widget\" data-e-type=\"widget\" data-widget_type=\"heading.default\">\n\t\t\t\t\t<h1 class=\"elementor-heading-title elementor-size-default\">Misyonumuz<\/h1>\t\t\t\t<\/div>\n\t\t\t\t<div class=\"elementor-element elementor-element-b0181da elementor-widget__width-initial elementor-widget-mobile__width-inherit elementor-widget elementor-widget-text-editor\" data-id=\"b0181da\" data-element_type=\"widget\" data-e-type=\"widget\" data-widget_type=\"text-editor.default\">\n\t\t\t\t\t\t\t\t\t<p>Bizim i\u00e7in oyuncu korumas\u0131 her \u015feyden \u00f6nce gelir. T\u00fcm oyuncular\u0131n casinolar\u0131m\u0131zda g\u00fcvenli ve sorumlu bir \u015fekilde oynamas\u0131n\u0131 sa\u011flamak i\u00e7in \u00e7al\u0131\u015f\u0131yoruz. Amac\u0131m\u0131z, oyuncular\u0131n oyun davran\u0131\u015flar\u0131 \u00fczerinde kontrol sahibi olduklar\u0131 ve her zaman iyi bilgilendirildikleri bir ortam yaratmakt\u0131r. Her misafirimizin salonlar\u0131m\u0131zda kendini iyi hissetmesini ve en iyi deneyimi ya\u015famas\u0131n\u0131 istiyoruz.   <\/p>\t\t\t\t\t\t\t\t<\/div>\n\t\t\t\t<\/div>\n\t\t<div class=\"elementor-element elementor-element-55a9fe0 e-con-full e-flex e-con e-child\" data-id=\"55a9fe0\" data-element_type=\"container\" data-e-type=\"container\" data-settings=\"{&quot;background_background&quot;:&quot;classic&quot;}\">\n\t\t\t\t<\/div>\n\t\t\t\t<\/div>\n\t\t<div class=\"elementor-element elementor-element-141cdd8 e-flex e-con-boxed e-con e-parent\" data-id=\"141cdd8\" data-element_type=\"container\" data-e-type=\"container\">\n\t\t\t\t\t<div class=\"e-con-inner\">\n\t\t\t\t<div class=\"elementor-element elementor-element-64fd8c9 elementor-widget elementor-widget-text-editor\" data-id=\"64fd8c9\" data-element_type=\"widget\" data-e-type=\"widget\" data-widget_type=\"text-editor.default\">\n\t\t\t\t\t\t\t\t\t<h1 data-start=\"145\" data-end=\"385\">Gen\u00e7lerin Korunmas\u0131<\/h1><p data-start=\"145\" data-end=\"385\">Gen\u00e7lerin korunmas\u0131 bizim i\u00e7in sadece bir zorunluluk de\u011fil, net bir duru\u015ftur. \u015eans oyunlar\u0131na sorumlu yakla\u015f\u0131m ve gen\u00e7lerin korunmas\u0131, faaliyetlerimizin merkezinde yer al\u0131r ve sosyal konseptimize s\u0131k\u0131 s\u0131k\u0131ya ba\u011fl\u0131d\u0131r. <\/p><p data-start=\"387\" data-end=\"642\">Riskleri erkenden fark etmek ve kararl\u0131 bir \u015fekilde hareket etmek i\u00e7in bilin\u00e7li olarak \u00f6nleyici tedbirlere, e\u011fitimli personele ve net s\u00fcre\u00e7lere odaklan\u0131yoruz. Hedefimiz sorumluluk, g\u00fcvenlik ve \u015feffafl\u0131\u011f\u0131 birle\u015ftiren bir ortam yaratmakt\u0131r. <\/p>\t\t\t\t\t\t\t\t<\/div>\n\t\t\t\t\t<\/div>\n\t\t\t\t<\/div>\n\t\t<div class=\"elementor-element elementor-element-62b60df e-flex e-con-boxed e-con e-parent\" data-id=\"62b60df\" data-element_type=\"container\" data-e-type=\"container\" data-settings=\"{&quot;background_background&quot;:&quot;classic&quot;}\">\n\t\t\t\t\t<div class=\"e-con-inner\">\n\t\t<div class=\"elementor-element elementor-element-98db577 e-con-full e-flex e-con e-child\" data-id=\"98db577\" data-element_type=\"container\" data-e-type=\"container\">\n\t\t\t\t<div class=\"elementor-element elementor-element-86af386 elementor-widget elementor-widget-text-editor\" data-id=\"86af386\" data-element_type=\"widget\" data-e-type=\"widget\" data-widget_type=\"text-editor.default\">\n\t\t\t\t\t\t\t\t\t<h1>E\u011flence i\u00e7in oynuyorsun; kontrol\u00fc elinde tut. Oyun davran\u0131\u015f\u0131n\u0131n de\u011fi\u015fti\u011fini fark edersen, a\u015fa\u011f\u0131daki tekliflerden erkenden yararlan. <\/h1>\t\t\t\t\t\t\t\t<\/div>\n\t\t\t\t<div class=\"elementor-element elementor-element-56fbc3a elementor-widget__width-auto elementor-align-right elementor-widget elementor-widget-button\" data-id=\"56fbc3a\" data-element_type=\"widget\" data-e-type=\"widget\" data-widget_type=\"button.default\">\n\t\t\t\t\t\t\t\t\t\t<a class=\"elementor-button elementor-button-link elementor-size-sm\" href=\"https:\/\/www.check-dein-spiel.de\/tests\/selbsttest\/\" target=\"_blank\" rel=\"noopener\">\n\t\t\t\t\t\t<span class=\"elementor-button-content-wrapper\">\n\t\t\t\t\t\t\t\t\t<span class=\"elementor-button-text\">Kendi Kendine Test<\/span>\n\t\t\t\t\t<\/span>\n\t\t\t\t\t<\/a>\n\t\t\t\t\t\t\t\t<\/div>\n\t\t\t\t<\/div>\n\t\t<div class=\"elementor-element elementor-element-8a884cf e-con-full e-flex e-con e-child\" data-id=\"8a884cf\" data-element_type=\"container\" data-e-type=\"container\">\n\t\t\t\t<div class=\"elementor-element elementor-element-69b265d elementor-widget elementor-widget-n-accordion\" data-id=\"69b265d\" data-element_type=\"widget\" data-e-type=\"widget\" data-settings=\"{&quot;default_state&quot;:&quot;expanded&quot;,&quot;max_items_expended&quot;:&quot;one&quot;,&quot;n_accordion_animation_duration&quot;:{&quot;unit&quot;:&quot;ms&quot;,&quot;size&quot;:400,&quot;sizes&quot;:[]}}\" data-widget_type=\"nested-accordion.default\">\n\t\t\t\t\t\t\t<div class=\"e-n-accordion\" aria-label=\"Accordion. Open links with Enter or Space, close with Escape, and navigate with Arrow Keys\">\n\t\t\t\t\t\t<details id=\"e-n-accordion-item-1100\" class=\"e-n-accordion-item\" open>\n\t\t\t\t<summary class=\"e-n-accordion-item-title\" data-accordion-index=\"1\" tabindex=\"0\" aria-expanded=\"true\" aria-controls=\"e-n-accordion-item-1100\" >\n\t\t\t\t\t<span class='e-n-accordion-item-title-header'><div class=\"e-n-accordion-item-title-text\"> Kendi Kendine Test <\/div><\/span>\n\t\t\t\t\t\t\t<span class='e-n-accordion-item-title-icon'>\n\t\t\t<span class='e-opened' ><svg aria-hidden=\"true\" class=\"e-font-icon-svg e-fas-minus\" viewBox=\"0 0 448 512\" xmlns=\"http:\/\/www.w3.org\/2000\/svg\"><path d=\"M416 208H32c-17.67 0-32 14.33-32 32v32c0 17.67 14.33 32 32 32h384c17.67 0 32-14.33 32-32v-32c0-17.67-14.33-32-32-32z\"><\/path><\/svg><\/span>\n\t\t\t<span class='e-closed'><svg aria-hidden=\"true\" class=\"e-font-icon-svg e-fas-plus\" viewBox=\"0 0 448 512\" xmlns=\"http:\/\/www.w3.org\/2000\/svg\"><path d=\"M416 208H272V64c0-17.67-14.33-32-32-32h-32c-17.67 0-32 14.33-32 32v144H32c-17.67 0-32 14.33-32 32v32c0 17.67 14.33 32 32 32h144v144c0 17.67 14.33 32 32 32h32c17.67 0 32-14.33 32-32V304h144c17.67 0 32-14.33 32-32v-32c0-17.67-14.33-32-32-32z\"><\/path><\/svg><\/span>\n\t\t<\/span>\n\n\t\t\t\t\t\t<\/summary>\n\t\t\t\t<div role=\"region\" aria-labelledby=\"e-n-accordion-item-1100\" class=\"elementor-element elementor-element-b01efc9 e-con-full e-flex e-con e-child\" data-id=\"b01efc9\" data-element_type=\"container\" data-e-type=\"container\">\n\t\t\t\t<div class=\"elementor-element elementor-element-3680935 elementor-widget elementor-widget-text-editor\" data-id=\"3680935\" data-element_type=\"widget\" data-e-type=\"widget\" data-widget_type=\"text-editor.default\">\n\t\t\t\t\t\t\t\t\t<p data-start=\"249\" data-end=\"372\">Ki\u015fisel oyun davran\u0131\u015f\u0131n\u0131 daha iyi de\u011ferlendirebilmek i\u00e7in a\u015fa\u011f\u0131daki \u00fccretsiz ve anonim kendi kendine testleri kullan:<\/p><ul><li data-section-id=\"jxi6cv\" data-start=\"480\" data-end=\"558\"><span class=\"hover:entity-accent entity-underline inline cursor-pointer align-baseline\"><span class=\"whitespace-normal\">Check dein Spiel<\/span><\/span><br data-start=\"519\" data-end=\"522\">\ud83d\udc49 <a class=\"decorated-link\" href=\"https:\/\/www.check-dein-spiel.de\" target=\"_new\" rel=\"noopener\" data-start=\"527\" data-end=\"558\">https:\/\/www.check-dein-spiel.de<\/a><\/li><li data-section-id=\"bq4ip8\" data-start=\"560\" data-end=\"647\"><span class=\"hover:entity-accent entity-underline inline cursor-pointer align-baseline\"><span class=\"whitespace-normal\">Spielen mit Verantwortung<\/span><\/span><br data-start=\"599\" data-end=\"602\">\ud83d\udc49 <a href=\"https:\/\/www.bioeg.de\/service\/infotelefone\/gluecksspielsucht\/\" target=\"_blank\" rel=\"noopener\">https:\/\/www.bioeg.de\/service\/infotelefone\/gluecksspielsucht<\/a><\/li><\/ul>\t\t\t\t\t\t\t\t<\/div>\n\t\t\t\t<\/div>\n\t\t\t\t\t<\/details>\n\t\t\t\t\t\t<details id=\"e-n-accordion-item-1101\" class=\"e-n-accordion-item\" >\n\t\t\t\t<summary class=\"e-n-accordion-item-title\" data-accordion-index=\"2\" tabindex=\"-1\" aria-expanded=\"false\" aria-controls=\"e-n-accordion-item-1101\" >\n\t\t\t\t\t<span class='e-n-accordion-item-title-header'><div class=\"e-n-accordion-item-title-text\"> \u00c7evrimi\u00e7i Dan\u0131\u015fmanl\u0131k ve Yard\u0131m <\/div><\/span>\n\t\t\t\t\t\t\t<span class='e-n-accordion-item-title-icon'>\n\t\t\t<span class='e-opened' ><svg aria-hidden=\"true\" class=\"e-font-icon-svg e-fas-minus\" viewBox=\"0 0 448 512\" xmlns=\"http:\/\/www.w3.org\/2000\/svg\"><path d=\"M416 208H32c-17.67 0-32 14.33-32 32v32c0 17.67 14.33 32 32 32h384c17.67 0 32-14.33 32-32v-32c0-17.67-14.33-32-32-32z\"><\/path><\/svg><\/span>\n\t\t\t<span class='e-closed'><svg aria-hidden=\"true\" class=\"e-font-icon-svg e-fas-plus\" viewBox=\"0 0 448 512\" xmlns=\"http:\/\/www.w3.org\/2000\/svg\"><path d=\"M416 208H272V64c0-17.67-14.33-32-32-32h-32c-17.67 0-32 14.33-32 32v144H32c-17.67 0-32 14.33-32 32v32c0 17.67 14.33 32 32 32h144v144c0 17.67 14.33 32 32 32h32c17.67 0 32-14.33 32-32V304h144c17.67 0 32-14.33 32-32v-32c0-17.67-14.33-32-32-32z\"><\/path><\/svg><\/span>\n\t\t<\/span>\n\n\t\t\t\t\t\t<\/summary>\n\t\t\t\t<div role=\"region\" aria-labelledby=\"e-n-accordion-item-1101\" class=\"elementor-element elementor-element-2f11641 e-con-full e-flex e-con e-child\" data-id=\"2f11641\" data-element_type=\"container\" data-e-type=\"container\">\n\t\t\t\t<div class=\"elementor-element elementor-element-089c79d elementor-widget elementor-widget-text-editor\" data-id=\"089c79d\" data-element_type=\"widget\" data-e-type=\"widget\" data-widget_type=\"text-editor.default\">\n\t\t\t\t\t\t\t\t\t<p data-start=\"685\" data-end=\"938\">Oyun davran\u0131\u015f\u0131n \u00fczerine d\u00fc\u015f\u00fcnmek istiyorsan veya destek ar\u0131yorsan, \u00e7ok say\u0131da profesyonel ve anonim \u00e7evrimi\u00e7i teklif mevcuttur. Bunlar hem risk alt\u0131ndaki hem de halihaz\u0131rda etkilenmi\u015f olan oyunculara y\u00f6neliktir. <\/p><p data-start=\"685\" data-end=\"938\"><span class=\"hover:entity-accent entity-underline inline cursor-pointer align-baseline\"><span class=\"whitespace-normal\">Gl\u00fccksspielsucht.de<\/span><\/span><br data-start=\"1119\" data-end=\"1122\">\ud83d\udc49 <a class=\"decorated-link\" href=\"https:\/\/www.gluecksspielsucht.de\" target=\"_new\" rel=\"noopener\" data-start=\"1127\" data-end=\"1159\">https:\/\/www.gluecksspielsucht.de<\/a><\/p><p data-start=\"685\" data-end=\"938\"><span class=\"hover:entity-accent entity-underline inline cursor-pointer align-baseline\"><span class=\"whitespace-normal\">Anonyme Spieler<\/span><\/span><br data-start=\"1402\" data-end=\"1405\">\ud83d\udc49 <a class=\"decorated-link\" href=\"https:\/\/www.anonyme-spieler.org\" target=\"_new\" rel=\"noopener\" data-start=\"1410\" data-end=\"1441\">https:\/\/www.anonyme-spieler.org<\/a><\/p><p data-start=\"685\" data-end=\"938\"><span class=\"hover:entity-accent entity-underline inline cursor-pointer align-baseline\"><span class=\"whitespace-normal\">Spielen mit Verantwortung<\/span><\/span><br data-start=\"1313\" data-end=\"1316\">\ud83d\udc49 <a class=\"decorated-link\" href=\"https:\/\/www.spielen-mit-verantwortung.de\" target=\"_new\" rel=\"noopener\" data-start=\"1321\" data-end=\"1361\">https:\/\/www.spielen-mit-verantwortung.de<\/a><\/p><p data-start=\"685\" data-end=\"938\"> <\/p>\t\t\t\t\t\t\t\t<\/div>\n\t\t\t\t<\/div>\n\t\t\t\t\t<\/details>\n\t\t\t\t\t\t<details id=\"e-n-accordion-item-1102\" class=\"e-n-accordion-item\" >\n\t\t\t\t<summary class=\"e-n-accordion-item-title\" data-accordion-index=\"3\" tabindex=\"-1\" aria-expanded=\"false\" aria-controls=\"e-n-accordion-item-1102\" >\n\t\t\t\t\t<span class='e-n-accordion-item-title-header'><div class=\"e-n-accordion-item-title-text\"> Yerinde Dan\u0131\u015fmanl\u0131k Hizmetleri <\/div><\/span>\n\t\t\t\t\t\t\t<span class='e-n-accordion-item-title-icon'>\n\t\t\t<span class='e-opened' ><svg aria-hidden=\"true\" class=\"e-font-icon-svg e-fas-minus\" viewBox=\"0 0 448 512\" xmlns=\"http:\/\/www.w3.org\/2000\/svg\"><path d=\"M416 208H32c-17.67 0-32 14.33-32 32v32c0 17.67 14.33 32 32 32h384c17.67 0 32-14.33 32-32v-32c0-17.67-14.33-32-32-32z\"><\/path><\/svg><\/span>\n\t\t\t<span class='e-closed'><svg aria-hidden=\"true\" class=\"e-font-icon-svg e-fas-plus\" viewBox=\"0 0 448 512\" xmlns=\"http:\/\/www.w3.org\/2000\/svg\"><path d=\"M416 208H272V64c0-17.67-14.33-32-32-32h-32c-17.67 0-32 14.33-32 32v144H32c-17.67 0-32 14.33-32 32v32c0 17.67 14.33 32 32 32h144v144c0 17.67 14.33 32 32 32h32c17.67 0 32-14.33 32-32V304h144c17.67 0 32-14.33 32-32v-32c0-17.67-14.33-32-32-32z\"><\/path><\/svg><\/span>\n\t\t<\/span>\n\n\t\t\t\t\t\t<\/summary>\n\t\t\t\t<div role=\"region\" aria-labelledby=\"e-n-accordion-item-1102\" class=\"elementor-element elementor-element-d73964d e-con-full e-flex e-con e-child\" data-id=\"d73964d\" data-element_type=\"container\" data-e-type=\"container\">\n\t\t\t\t<div class=\"elementor-element elementor-element-eeb20d0 elementor-widget elementor-widget-text-editor\" data-id=\"eeb20d0\" data-element_type=\"widget\" data-e-type=\"widget\" data-widget_type=\"text-editor.default\">\n\t\t\t\t\t\t\t\t\t<p data-start=\"1557\" data-end=\"1712\">Ki\u015fisel bir dan\u0131\u015fmanl\u0131k genellikle \u00f6zellikle yard\u0131mc\u0131 olabilir. Yak\u0131n\u0131nda, sana gizlilik i\u00e7inde destek olacak \u00e7ok say\u0131da ba\u011f\u0131ml\u0131l\u0131k dan\u0131\u015fma merkezi bulabilirsin. <\/p><ul data-start=\"1714\" data-end=\"1916\"><li data-section-id=\"1iuxogb\" data-start=\"1714\" data-end=\"1813\"><span class=\"hover:entity-accent entity-underline inline cursor-pointer align-baseline\"><span class=\"whitespace-normal\">Spielsucht-Therapie.de<\/span><\/span><br data-start=\"1753\" data-end=\"1756\">\ud83d\udc49 <a class=\"decorated-link\" href=\"https:\/\/www.spielsucht-therapie.de\/beratungsstellen\/\" target=\"_new\" rel=\"noopener\" data-start=\"1761\" data-end=\"1813\">https:\/\/www.spielsucht-therapie.de\/beratungsstellen\/<\/a><\/li><li data-section-id=\"1w1s5j6\" data-start=\"1815\" data-end=\"1916\"><span class=\"hover:entity-accent entity-underline inline cursor-pointer align-baseline\"><span class=\"whitespace-normal\">Check dein Spiel<\/span><\/span><br data-start=\"1856\" data-end=\"1859\">\ud83d\udc49 <a class=\"decorated-link\" href=\"https:\/\/www.check-dein-spiel.de\/hilfe\/hilfe-vor-ort\/\" target=\"_new\" rel=\"noopener\" data-start=\"1864\" data-end=\"1916\">https:\/\/www.check-dein-spiel.de\/hilfe\/hilfe-vor-ort\/<\/a><\/li><\/ul>\t\t\t\t\t\t\t\t<\/div>\n\t\t\t\t<\/div>\n\t\t\t\t\t<\/details>\n\t\t\t\t\t\t<details id=\"e-n-accordion-item-1103\" class=\"e-n-accordion-item\" >\n\t\t\t\t<summary class=\"e-n-accordion-item-title\" data-accordion-index=\"4\" tabindex=\"-1\" aria-expanded=\"false\" aria-controls=\"e-n-accordion-item-1103\" >\n\t\t\t\t\t<span class='e-n-accordion-item-title-header'><div class=\"e-n-accordion-item-title-text\"> Oyuncu Engelleme <\/div><\/span>\n\t\t\t\t\t\t\t<span class='e-n-accordion-item-title-icon'>\n\t\t\t<span class='e-opened' ><svg aria-hidden=\"true\" class=\"e-font-icon-svg e-fas-minus\" viewBox=\"0 0 448 512\" xmlns=\"http:\/\/www.w3.org\/2000\/svg\"><path d=\"M416 208H32c-17.67 0-32 14.33-32 32v32c0 17.67 14.33 32 32 32h384c17.67 0 32-14.33 32-32v-32c0-17.67-14.33-32-32-32z\"><\/path><\/svg><\/span>\n\t\t\t<span class='e-closed'><svg aria-hidden=\"true\" class=\"e-font-icon-svg e-fas-plus\" viewBox=\"0 0 448 512\" xmlns=\"http:\/\/www.w3.org\/2000\/svg\"><path d=\"M416 208H272V64c0-17.67-14.33-32-32-32h-32c-17.67 0-32 14.33-32 32v144H32c-17.67 0-32 14.33-32 32v32c0 17.67 14.33 32 32 32h144v144c0 17.67 14.33 32 32 32h32c17.67 0 32-14.33 32-32V304h144c17.67 0 32-14.33 32-32v-32c0-17.67-14.33-32-32-32z\"><\/path><\/svg><\/span>\n\t\t<\/span>\n\n\t\t\t\t\t\t<\/summary>\n\t\t\t\t<div role=\"region\" aria-labelledby=\"e-n-accordion-item-1103\" class=\"elementor-element elementor-element-30670d2 e-flex e-con-boxed e-con e-child\" data-id=\"30670d2\" data-element_type=\"container\" data-e-type=\"container\">\n\t\t\t\t\t<div class=\"e-con-inner\">\n\t\t\t\t<div class=\"elementor-element elementor-element-a4266cf elementor-widget elementor-widget-text-editor\" data-id=\"a4266cf\" data-element_type=\"widget\" data-e-type=\"widget\" data-widget_type=\"text-editor.default\">\n\t\t\t\t\t\t\t\t\t<p data-start=\"148\" data-end=\"335\">Sorumlu oyun oynamak bizim i\u00e7in en y\u00fcksek \u00f6nceli\u011fe sahiptir. Misafirlerimiz oyun davran\u0131\u015flar\u0131n\u0131 k\u0131s\u0131tlamak istediklerini fark ederlerse, bunun i\u00e7in net ve karma\u015f\u0131k olmayan bir destek sunuyoruz. <\/p><p data-start=\"337\" data-end=\"672\">Oyuncu engelleme i\u015flemi do\u011frudan i\u015fletmelerimizde yerinde kurulabilir. Bu i\u015flem, oyuncular\u0131n korunmas\u0131 i\u00e7in \u00fclke \u00e7ap\u0131nda bir engelleme sistemi olan yasal <strong data-start=\"464\" data-end=\"487\">OASIS oyuncu engelleme<\/strong> sistemi \u00fczerinden ger\u00e7ekle\u015ftirilir. E\u011fitimli personelimiz, gerekli t\u00fcm ad\u0131mlarda sana gizlilik i\u00e7inde ve kolayca destek olacakt\u0131r.  <\/p><p data-start=\"674\" data-end=\"808\">Aktif bir engelleme s\u0131ras\u0131nda oyun i\u015fletmelerimize giri\u015f yap\u0131lamaz; bunu kararl\u0131 ve g\u00fcvenilir bir \u015fekilde uyguluyoruz.<\/p><p data-start=\"810\" data-end=\"959\">Amac\u0131m\u0131z, erkenden destek sa\u011flamak ve sorumlu oyun oynaman\u0131n her zaman m\u00fcmk\u00fcn oldu\u011fu g\u00fcvenli bir \u00e7er\u00e7eve olu\u015fturmakt\u0131r.<\/p>\t\t\t\t\t\t\t\t<\/div>\n\t\t\t\t\t<\/div>\n\t\t\t\t<\/div>\n\t\t\t\t\t<\/details>\n\t\t\t\t\t<\/div>\n\t\t\t\t\t\t<\/div>\n\t\t\t\t<\/div>\n\t\t\t\t\t<\/div>\n\t\t\t\t<\/div>\n\t\t\t\t<\/div>\n\t\t","protected":false},"excerpt":{"rendered":"<p>Oyuncular i\u00e7in Koruma Amac\u0131m\u0131z, oyuncunun sorumlulu\u011funa dikkat \u00e7ekmek ve g\u00fcvenli bir ortam yaratmakt\u0131r. Sorumlu oyun oynamay\u0131 destekliyor ve kontrol\u00fc elinde tutmana yard\u0131mc\u0131 olacak bilgiler sunuyoruz. Bilgi edin ve sorumlu bir \u015fekilde oyna! Misyonumuz Bizim i\u00e7in oyuncu korumas\u0131 her \u015feyden \u00f6nce gelir. T\u00fcm oyuncular\u0131n casinolar\u0131m\u0131zda g\u00fcvenli ve sorumlu bir \u015fekilde oynamas\u0131n\u0131 sa\u011flamak i\u00e7in \u00e7al\u0131\u015f\u0131yoruz. Amac\u0131m\u0131z, oyuncular\u0131n [&hellip;]<\/p>\n","protected":false},"author":1,"featured_media":0,"parent":0,"menu_order":0,"comment_status":"closed","ping_status":"closed","template":"","meta":{"footnotes":""},"class_list":["post-1333","page","type-page","status-publish","hentry"],"_links":{"self":[{"href":"https:\/\/spielhalle.casino\/tr\/wp-json\/wp\/v2\/pages\/1333","targetHints":{"allow":["GET"]}}],"collection":[{"href":"https:\/\/spielhalle.casino\/tr\/wp-json\/wp\/v2\/pages"}],"about":[{"href":"https:\/\/spielhalle.casino\/tr\/wp-json\/wp\/v2\/types\/page"}],"author":[{"embeddable":true,"href":"https:\/\/spielhalle.casino\/tr\/wp-json\/wp\/v2\/users\/1"}],"replies":[{"embeddable":true,"href":"https:\/\/spielhalle.casino\/tr\/wp-json\/wp\/v2\/comments?post=1333"}],"version-history":[{"count":1,"href":"https:\/\/spielhalle.casino\/tr\/wp-json\/wp\/v2\/pages\/1333\/revisions"}],"predecessor-version":[{"id":1336,"href":"https:\/\/spielhalle.casino\/tr\/wp-json\/wp\/v2\/pages\/1333\/revisions\/1336"}],"wp:attachment":[{"href":"https:\/\/spielhalle.casino\/tr\/wp-json\/wp\/v2\/media?parent=1333"}],"curies":[{"name":"wp","href":"https:\/\/api.w.org\/{rel}","templated":true}]}}