{"id":1391,"date":"2025-12-17T17:27:15","date_gmt":"2025-12-17T16:27:15","guid":{"rendered":"https:\/\/spielhalle.casino\/kuenye\/"},"modified":"2026-04-09T20:14:50","modified_gmt":"2026-04-09T18:14:50","slug":"kuenye","status":"publish","type":"page","link":"https:\/\/spielhalle.casino\/tr\/kuenye\/","title":{"rendered":"K\u00fcnye"},"content":{"rendered":"\t\t<div data-elementor-type=\"wp-page\" data-elementor-id=\"1391\" class=\"elementor elementor-1391 elementor-73\" data-elementor-post-type=\"page\">\n\t\t\t\t<div class=\"elementor-element elementor-element-a89d4c7 e-flex e-con-boxed e-con e-parent\" data-id=\"a89d4c7\" data-element_type=\"container\" data-e-type=\"container\">\n\t\t\t\t\t<div class=\"e-con-inner\">\n\t\t<div class=\"elementor-element elementor-element-80f6bf3 e-con-full e-flex e-con e-child\" data-id=\"80f6bf3\" data-element_type=\"container\" data-e-type=\"container\">\n\t\t\t\t<div class=\"elementor-element elementor-element-2a41e6f elementor-widget elementor-widget-heading\" data-id=\"2a41e6f\" data-element_type=\"widget\" data-e-type=\"widget\" data-widget_type=\"heading.default\">\n\t\t\t\t\t<h2 class=\"elementor-heading-title elementor-size-default\">K\u00fcnyedeki \u00f6nemli bilgiler<\/h2>\t\t\t\t<\/div>\n\t\t\t\t<div class=\"elementor-element elementor-element-8df3aae elementor-widget elementor-widget-text-editor\" data-id=\"8df3aae\" data-element_type=\"widget\" data-e-type=\"widget\" data-widget_type=\"text-editor.default\">\n\t\t\t\t\t\t\t\t\t<h1 data-section-id=\"wqzoil\" data-start=\"103\" data-end=\"114\">K\u00fcnye<\/h1><p data-start=\"116\" data-end=\"141\"><strong data-start=\"116\" data-end=\"141\">TMG (Alman Telemedya Yasas\u0131) Madde 5 uyar\u0131nca bilgiler<\/strong><\/p><p data-start=\"143\" data-end=\"221\"><strong data-start=\"143\" data-end=\"167\">Trinacria Gioco GmbH<\/strong><br data-start=\"167\" data-end=\"170\">Kaiserstra\u00dfe 28<br data-start=\"185\" data-end=\"188\">66386 St. Ingbert<br data-start=\"205\" data-end=\"208\">Almanya<\/p><p data-start=\"223\" data-end=\"293\"><strong data-start=\"223\" data-end=\"242\">Ticaret Sicili<\/strong><br data-start=\"268\" data-end=\"271\">Saarbr\u00fccken B\u00f6lge Mahkemesi HRB 104724<\/p><p data-start=\"295\" data-end=\"342\"><strong data-start=\"295\" data-end=\"314\">Vergi Kimlik Numaras\u0131<\/strong><br data-start=\"314\" data-end=\"317\">Vergi Kimlik No.:  <\/p><p data-start=\"344\" data-end=\"409\"><strong data-start=\"344\" data-end=\"384\">Y\u00f6netim taraf\u0131ndan temsil edilmektedir<\/strong><br data-start=\"384\" data-end=\"387\">G.D.S.<\/p><p data-start=\"411\" data-end=\"457\"><strong data-start=\"411\" data-end=\"422\">\u0130leti\u015fim<\/strong><br data-start=\"422\" data-end=\"425\">E-posta: <a class=\"decorated-link cursor-pointer\" rel=\"noopener\" data-start=\"433\" data-end=\"455\">info@spielhalle.casino<\/a><\/p><hr data-start=\"459\" data-end=\"462\"><h2 data-section-id=\"1l9iabo\" data-start=\"464\" data-end=\"518\">MStV (Alman Devlet Yay\u0131nc\u0131l\u0131k S\u00f6zle\u015fmesi) Madde 18 F\u0131kra 2 uyar\u0131nca i\u00e7erik sorumlusu <\/h2><p data-start=\"520\" data-end=\"580\">Trinacria Gioco GmbH<br data-start=\"540\" data-end=\"543\">Kaiserstra\u00dfe 28<br data-start=\"558\" data-end=\"561\">66386 St. Ingbert<\/p><hr data-start=\"582\" data-end=\"585\"><h2 data-section-id=\"1yifl89\" data-start=\"587\" data-end=\"609\">\u0130\u00e7erik sorumlulu\u011fu<\/h2><p data-start=\"611\" data-end=\"914\">Sayfalar\u0131m\u0131z\u0131n i\u00e7eri\u011fi b\u00fcy\u00fck bir titizlikle haz\u0131rlanm\u0131\u015ft\u0131r. Ancak i\u00e7eri\u011fin do\u011frulu\u011fu, eksiksizli\u011fi ve g\u00fcncelli\u011fi konusunda herhangi bir sorumluluk kabul edemeyiz. Hizmet sa\u011flay\u0131c\u0131 olarak, TMG Madde 7 F\u0131kra 1 uyar\u0131nca bu sayfalardaki kendi i\u00e7eriklerimizden genel yasalar \u00e7er\u00e7evesinde sorumluyuz.   <\/p><hr data-start=\"916\" data-end=\"919\"><h2 data-section-id=\"18g7ogp\" data-start=\"921\" data-end=\"941\">Ba\u011flant\u0131 sorumlulu\u011fu<\/h2><p data-start=\"943\" data-end=\"1120\">Teklifimiz, i\u00e7erikleri \u00fczerinde hi\u00e7bir etkimizin olmad\u0131\u011f\u0131 \u00fc\u00e7\u00fcnc\u00fc taraflara ait harici web sitelerine ba\u011flant\u0131lar i\u00e7ermektedir. Bu nedenle, bu yabanc\u0131 i\u00e7erikler i\u00e7in herhangi bir sorumluluk kabul edemeyiz. <\/p><hr data-start=\"1122\" data-end=\"1125\"><h2 data-section-id=\"4scjf6\" data-start=\"1127\" data-end=\"1142\">Telif hakk\u0131<\/h2><p data-start=\"1144\" data-end=\"1260\">Sayfa operat\u00f6rleri taraf\u0131ndan bu sayfalarda olu\u015fturulan i\u00e7erik ve eserler Alman telif hakk\u0131 yasas\u0131na tabidir.<\/p>\t\t\t\t\t\t\t\t<\/div>\n\t\t\t\t<\/div>\n\t\t\t\t\t<\/div>\n\t\t\t\t<\/div>\n\t\t\t\t<\/div>\n\t\t","protected":false},"excerpt":{"rendered":"<p>K\u00fcnyedeki \u00f6nemli bilgiler K\u00fcnye TMG (Alman Telemedya Yasas\u0131) Madde 5 uyar\u0131nca bilgiler Trinacria Gioco GmbHKaiserstra\u00dfe 2866386 St. IngbertAlmanya Ticaret SiciliSaarbr\u00fccken B\u00f6lge Mahkemesi HRB 104724 Vergi Kimlik Numaras\u0131Vergi Kimlik No.: Y\u00f6netim taraf\u0131ndan temsil edilmektedirG.D.S. \u0130leti\u015fimE-posta: info@spielhalle.casino MStV (Alman Devlet Yay\u0131nc\u0131l\u0131k S\u00f6zle\u015fmesi) Madde 18 F\u0131kra 2 uyar\u0131nca i\u00e7erik sorumlusu Trinacria Gioco GmbHKaiserstra\u00dfe 2866386 St. Ingbert \u0130\u00e7erik sorumlulu\u011fu [&hellip;]<\/p>\n","protected":false},"author":1,"featured_media":0,"parent":0,"menu_order":0,"comment_status":"closed","ping_status":"closed","template":"","meta":{"footnotes":""},"class_list":["post-1391","page","type-page","status-publish","hentry"],"_links":{"self":[{"href":"https:\/\/spielhalle.casino\/tr\/wp-json\/wp\/v2\/pages\/1391","targetHints":{"allow":["GET"]}}],"collection":[{"href":"https:\/\/spielhalle.casino\/tr\/wp-json\/wp\/v2\/pages"}],"about":[{"href":"https:\/\/spielhalle.casino\/tr\/wp-json\/wp\/v2\/types\/page"}],"author":[{"embeddable":true,"href":"https:\/\/spielhalle.casino\/tr\/wp-json\/wp\/v2\/users\/1"}],"replies":[{"embeddable":true,"href":"https:\/\/spielhalle.casino\/tr\/wp-json\/wp\/v2\/comments?post=1391"}],"version-history":[{"count":3,"href":"https:\/\/spielhalle.casino\/tr\/wp-json\/wp\/v2\/pages\/1391\/revisions"}],"predecessor-version":[{"id":2031,"href":"https:\/\/spielhalle.casino\/tr\/wp-json\/wp\/v2\/pages\/1391\/revisions\/2031"}],"wp:attachment":[{"href":"https:\/\/spielhalle.casino\/tr\/wp-json\/wp\/v2\/media?parent=1391"}],"curies":[{"name":"wp","href":"https:\/\/api.w.org\/{rel}","templated":true}]}}