{"id":1425,"date":"2025-12-17T17:27:15","date_gmt":"2025-12-17T16:27:15","guid":{"rendered":"https:\/\/spielhalle.casino\/kariyer\/"},"modified":"2026-04-02T13:37:17","modified_gmt":"2026-04-02T11:37:17","slug":"kariyer","status":"publish","type":"page","link":"https:\/\/spielhalle.casino\/tr\/kariyer\/","title":{"rendered":"Kariyer"},"content":{"rendered":"\t\t<div data-elementor-type=\"wp-page\" data-elementor-id=\"1425\" class=\"elementor elementor-1425 elementor-76\" data-elementor-post-type=\"page\">\n\t\t\t\t<div class=\"elementor-element elementor-element-11416b7 e-con-full e-flex e-con e-parent\" data-id=\"11416b7\" data-element_type=\"container\" data-e-type=\"container\" data-settings=\"{&quot;background_background&quot;:&quot;classic&quot;}\">\n\t\t<div class=\"elementor-element elementor-element-eb7639c e-con-full e-flex e-con e-child\" data-id=\"eb7639c\" data-element_type=\"container\" data-e-type=\"container\" data-settings=\"{&quot;background_background&quot;:&quot;classic&quot;}\">\n\t\t\t\t<div class=\"elementor-element elementor-element-e515829 elementor-widget elementor-widget-heading\" data-id=\"e515829\" data-element_type=\"widget\" data-e-type=\"widget\" data-widget_type=\"heading.default\">\n\t\t\t\t\t<h5 class=\"elementor-heading-title elementor-size-default\">Kariyerine g\u00fc\u00e7l\u00fc bir ba\u015flang\u0131\u00e7!<\/h5>\t\t\t\t<\/div>\n\t\t\t\t<div class=\"elementor-element elementor-element-9dfdbd0 elementor-widget elementor-widget-heading\" data-id=\"9dfdbd0\" data-element_type=\"widget\" data-e-type=\"widget\" data-widget_type=\"heading.default\">\n\t\t\t\t\t<h1 class=\"elementor-heading-title elementor-size-default\">Casinomuzda heyecan verici kariyer f\u0131rsatlar\u0131n\u0131 ke\u015ffet<\/h1>\t\t\t\t<\/div>\n\t\t\t\t<div class=\"elementor-element elementor-element-f67184f elementor-widget elementor-widget-text-editor\" data-id=\"f67184f\" data-element_type=\"widget\" data-e-type=\"widget\" data-widget_type=\"text-editor.default\">\n\t\t\t\t\t\t\t\t\t<p>Modern bir ortamda \u00e7al\u0131\u015f\u0131p dinamik bir ekibin par\u00e7as\u0131 olmak ister misin? Bizde \u00e7ok y\u00f6nl\u00fc kariyer f\u0131rsatlar\u0131 ve heyecan verici perspektifler bulacaks\u0131n. \u0130ster oyun operasyonlar\u0131nda ister m\u00fc\u015fteri hizmetlerinde, seni tan\u0131may\u0131 ve birlikte yeni yollar a\u00e7may\u0131 sab\u0131rs\u0131zl\u0131kla bekliyoruz!  <\/p>\t\t\t\t\t\t\t\t<\/div>\n\t\t\t\t<div class=\"elementor-element elementor-element-8feb320 elementor-widget__width-auto elementor-widget elementor-widget-button\" data-id=\"8feb320\" data-element_type=\"widget\" data-e-type=\"widget\" data-widget_type=\"button.default\">\n\t\t\t\t\t\t\t\t\t\t<a class=\"elementor-button elementor-button-link elementor-size-sm\" href=\"#\">\n\t\t\t\t\t\t<span class=\"elementor-button-content-wrapper\">\n\t\t\t\t\t\t\t\t\t<span class=\"elementor-button-text\">Hemen ba\u015fvur!<\/span>\n\t\t\t\t\t<\/span>\n\t\t\t\t\t<\/a>\n\t\t\t\t\t\t\t\t<\/div>\n\t\t\t\t<\/div>\n\t\t\t\t<\/div>\n\t\t<div class=\"elementor-element elementor-element-371cc94 e-flex e-con-boxed e-con e-parent\" data-id=\"371cc94\" data-element_type=\"container\" data-e-type=\"container\">\n\t\t\t\t\t<div class=\"e-con-inner\">\n\t\t<div class=\"elementor-element elementor-element-a313038 e-con-full e-flex e-con e-child\" data-id=\"a313038\" data-element_type=\"container\" data-e-type=\"container\">\n\t\t\t\t<div class=\"elementor-element elementor-element-fbe1f8d elementor-widget elementor-widget-heading\" data-id=\"fbe1f8d\" data-element_type=\"widget\" data-e-type=\"widget\" data-widget_type=\"heading.default\">\n\t\t\t\t\t<h5 class=\"elementor-heading-title elementor-size-default\">Kariyerin burada ba\u015fl\u0131yor<\/h5>\t\t\t\t<\/div>\n\t\t\t\t<div class=\"elementor-element elementor-element-2c3ca1b elementor-widget elementor-widget-heading\" data-id=\"2c3ca1b\" data-element_type=\"widget\" data-e-type=\"widget\" data-widget_type=\"heading.default\">\n\t\t\t\t\t<h2 class=\"elementor-heading-title elementor-size-default\">A\u00e7\u0131k pozisyonlar\u0131m\u0131z<\/h2>\t\t\t\t<\/div>\n\t\t\t\t<div class=\"elementor-element elementor-element-3bef5a4 elementor-widget elementor-widget-text-editor\" data-id=\"3bef5a4\" data-element_type=\"widget\" data-e-type=\"widget\" data-widget_type=\"text-editor.default\">\n\t\t\t\t\t\t\t\t\t<p>Dinamik bir ortamda heyecan verici i\u015fler sunuyoruz. Sana sunabilece\u011fimiz f\u0131rsatlara g\u00f6z at. <\/p>\t\t\t\t\t\t\t\t<\/div>\n\t\t<div class=\"elementor-element elementor-element-8573948 e-con-full e-flex e-con e-child\" data-id=\"8573948\" data-element_type=\"container\" data-e-type=\"container\">\n\t\t<div class=\"elementor-element elementor-element-83c42f9 e-con-full e-flex e-con e-child\" data-id=\"83c42f9\" data-element_type=\"container\" data-e-type=\"container\">\n\t\t<div class=\"elementor-element elementor-element-eec5228 e-con-full e-flex e-con e-child\" data-id=\"eec5228\" data-element_type=\"container\" data-e-type=\"container\">\n\t\t\t\t<div class=\"elementor-element elementor-element-ad232d8 elementor-widget-mobile__width-initial elementor-widget elementor-widget-heading\" data-id=\"ad232d8\" data-element_type=\"widget\" data-e-type=\"widget\" data-widget_type=\"heading.default\">\n\t\t\t\t\t<h2 class=\"elementor-heading-title elementor-size-default\">Pozisyon ad\u0131<\/h2>\t\t\t\t<\/div>\n\t\t\t\t<div class=\"elementor-element elementor-element-5f32ba3 elementor-widget elementor-widget-heading\" data-id=\"5f32ba3\" data-element_type=\"widget\" data-e-type=\"widget\" data-widget_type=\"heading.default\">\n\t\t\t\t\t<h2 class=\"elementor-heading-title elementor-size-default\">Departman<\/h2>\t\t\t\t<\/div>\n\t\t\t\t<div class=\"elementor-element elementor-element-63c9352 elementor-widget elementor-widget-text-editor\" data-id=\"63c9352\" data-element_type=\"widget\" data-e-type=\"widget\" data-widget_type=\"text-editor.default\">\n\t\t\t\t\t\t\t\t\t<p>Casino sekt\u00f6r\u00fcn\u00fcn en iyi i\u015fletmelerinden birinde yerini bul. Ki\u015fisel ilgimiz ve en iyi oyun makineleri seni bekliyor. Bug\u00fcn ba\u015fvur ve bizde kariyerine ba\u015fla!  <\/p><section class=\"job-listing row clearfix\" aria-label=\"Job listings\"><div class=\"column medium-12 col-md-12\" role=\"list\"><article class=\"job-preview clearfix\" role=\"article\" aria-labelledby=\"job-title-866\"><div class=\"job-content\"><h5><a href=\"https:\/\/spielhalle.casino\/tr\/job\/866-2\/\" id=\"job-title-866\" target=\"_self\"><span>Gebietsleiter*in Spielhallen (m\/w\/d)<\/span><\/a><\/h5><div class=\"job-additional-information\" aria-label=\"Additional job information\"><\/div><\/div><div class=\"job-cta\"><a href=\"https:\/\/spielhalle.casino\/tr\/job\/866-2\/\" target=\"_self\" class=\"apply-btn local\" aria-label=\"View job: Gebietsleiter*in Spielhallen (m\/w\/d)\">View<\/a><\/div><\/article><\/div><\/section>\t\t\t\t\t\t\t\t<\/div>\n\t\t\t\t<div class=\"elementor-element elementor-element-84d5a77 elementor-icon-list--layout-inline elementor-list-item-link-full_width elementor-widget elementor-widget-icon-list\" data-id=\"84d5a77\" data-element_type=\"widget\" data-e-type=\"widget\" data-widget_type=\"icon-list.default\">\n\t\t\t\t\t\t\t<ul class=\"elementor-icon-list-items elementor-inline-items\">\n\t\t\t\t\t\t\t<li class=\"elementor-icon-list-item elementor-inline-item\">\n\t\t\t\t\t\t\t\t\t\t\t<span class=\"elementor-icon-list-icon\">\n\t\t\t\t\t\t\t<svg aria-hidden=\"true\" class=\"e-font-icon-svg e-fas-map-marker-alt\" viewBox=\"0 0 384 512\" xmlns=\"http:\/\/www.w3.org\/2000\/svg\"><path d=\"M172.268 501.67C26.97 291.031 0 269.413 0 192 0 85.961 85.961 0 192 0s192 85.961 192 192c0 77.413-26.97 99.031-172.268 309.67-9.535 13.774-29.93 13.773-39.464 0zM192 272c44.183 0 80-35.817 80-80s-35.817-80-80-80-80 35.817-80 80 35.817 80 80 80z\"><\/path><\/svg>\t\t\t\t\t\t<\/span>\n\t\t\t\t\t\t\t\t\t\t<span class=\"elementor-icon-list-text\">Konum<\/span>\n\t\t\t\t\t\t\t\t\t<\/li>\n\t\t\t\t\t\t\t\t<li class=\"elementor-icon-list-item elementor-inline-item\">\n\t\t\t\t\t\t\t\t\t\t\t<span class=\"elementor-icon-list-icon\">\n\t\t\t\t\t\t\t<svg aria-hidden=\"true\" class=\"e-font-icon-svg e-fas-clock\" viewBox=\"0 0 512 512\" xmlns=\"http:\/\/www.w3.org\/2000\/svg\"><path d=\"M256,8C119,8,8,119,8,256S119,504,256,504,504,393,504,256,393,8,256,8Zm92.49,313h0l-20,25a16,16,0,0,1-22.49,2.5h0l-67-49.72a40,40,0,0,1-15-31.23V112a16,16,0,0,1,16-16h32a16,16,0,0,1,16,16V256l58,42.5A16,16,0,0,1,348.49,321Z\"><\/path><\/svg>\t\t\t\t\t\t<\/span>\n\t\t\t\t\t\t\t\t\t\t<span class=\"elementor-icon-list-text\">S\u00f6zle\u015fme t\u00fcr\u00fc<\/span>\n\t\t\t\t\t\t\t\t\t<\/li>\n\t\t\t\t\t\t<\/ul>\n\t\t\t\t\t\t<\/div>\n\t\t\t\t<div class=\"elementor-element elementor-element-3c7147b elementor-widget__width-auto elementor-widget elementor-widget-button\" data-id=\"3c7147b\" data-element_type=\"widget\" data-e-type=\"widget\" data-widget_type=\"button.default\">\n\t\t\t\t\t\t\t\t\t\t<a class=\"elementor-button elementor-button-link elementor-size-sm\" href=\"#\">\n\t\t\t\t\t\t<span class=\"elementor-button-content-wrapper\">\n\t\t\t\t\t\t\t\t\t<span class=\"elementor-button-text\">Hemen ba\u015fvur<\/span>\n\t\t\t\t\t<\/span>\n\t\t\t\t\t<\/a>\n\t\t\t\t\t\t\t\t<\/div>\n\t\t\t\t<\/div>\n\t\t\t\t<\/div>\n\t\t<div class=\"elementor-element elementor-element-ee6d627 e-con-full e-flex e-con e-child\" data-id=\"ee6d627\" data-element_type=\"container\" data-e-type=\"container\">\n\t\t\t\t<div class=\"elementor-element elementor-element-14c36c4 elementor-widget elementor-widget-image\" data-id=\"14c36c4\" data-element_type=\"widget\" data-e-type=\"widget\" data-widget_type=\"image.default\">\n\t\t\t\t\t\t\t\t\t\t\t\t\t\t\t<img fetchpriority=\"high\" decoding=\"async\" width=\"800\" height=\"534\" src=\"https:\/\/spielhalle.casino\/wp-content\/uploads\/2026\/03\/front_ergebnis-1-1024x683.webp\" class=\"attachment-large size-large wp-image-1188\" alt=\"\" srcset=\"https:\/\/spielhalle.casino\/wp-content\/uploads\/2026\/03\/front_ergebnis-1-1024x683.webp 1024w, https:\/\/spielhalle.casino\/wp-content\/uploads\/2026\/03\/front_ergebnis-1-300x200.webp 300w, https:\/\/spielhalle.casino\/wp-content\/uploads\/2026\/03\/front_ergebnis-1-768x512.webp 768w, https:\/\/spielhalle.casino\/wp-content\/uploads\/2026\/03\/front_ergebnis-1-1536x1024.webp 1536w, https:\/\/spielhalle.casino\/wp-content\/uploads\/2026\/03\/front_ergebnis-1.webp 1620w\" sizes=\"(max-width: 800px) 100vw, 800px\" \/>\t\t\t\t\t\t\t\t\t\t\t\t\t\t\t<\/div>\n\t\t\t\t<\/div>\n\t\t\t\t<\/div>\n\t\t\t\t<\/div>\n\t\t\t\t\t<\/div>\n\t\t\t\t<\/div>\n\t\t<div class=\"elementor-element elementor-element-aaad054 e-flex e-con-boxed e-con e-parent\" data-id=\"aaad054\" data-element_type=\"container\" data-e-type=\"container\">\n\t\t\t\t\t<div class=\"e-con-inner\">\n\t\t\t\t<div class=\"elementor-element elementor-element-40281a0 elementor-widget elementor-widget-text-editor\" data-id=\"40281a0\" data-element_type=\"widget\" data-e-type=\"widget\" data-widget_type=\"text-editor.default\">\n\t\t\t\t\t\t\t\t\t<section class=\"job-listing row clearfix\" aria-label=\"Job listings\"><div class=\"column medium-12 col-md-12\" role=\"list\"><article class=\"job-preview clearfix\" role=\"article\" aria-labelledby=\"job-title-866\"><div class=\"job-content\"><h5><a href=\"https:\/\/spielhalle.casino\/tr\/job\/866-2\/\" id=\"job-title-866\" target=\"_self\"><span>Gebietsleiter*in Spielhallen (m\/w\/d)<\/span><\/a><\/h5><div class=\"job-additional-information\" aria-label=\"Additional job information\"><\/div><\/div><div class=\"job-cta\"><a href=\"https:\/\/spielhalle.casino\/tr\/job\/866-2\/\" target=\"_self\" class=\"apply-btn local\" aria-label=\"View job: Gebietsleiter*in Spielhallen (m\/w\/d)\">View<\/a><\/div><\/article><\/div><\/section><section class=\"job-listing row clearfix\" aria-label=\"Job listings\"><div class=\"column medium-12 col-md-12\" role=\"list\"><article class=\"job-preview clearfix\" role=\"article\" aria-labelledby=\"job-title-866\"><div class=\"job-content\"><h5><a href=\"https:\/\/spielhalle.casino\/tr\/job\/866-2\/\" id=\"job-title-866\" target=\"_self\"><span>Gebietsleiter*in Spielhallen (m\/w\/d)<\/span><\/a><\/h5><div class=\"job-additional-information\" aria-label=\"Additional job information\"><\/div><\/div><div class=\"job-cta\"><a href=\"https:\/\/spielhalle.casino\/tr\/job\/866-2\/\" target=\"_self\" class=\"apply-btn local\" aria-label=\"View job: Gebietsleiter*in Spielhallen (m\/w\/d)\">View<\/a><\/div><\/article><\/div><\/section><section class=\"job-listing row clearfix\" aria-label=\"Job listings\"><div class=\"column medium-12 col-md-12\" role=\"list\"><article class=\"job-preview clearfix\" role=\"article\" aria-labelledby=\"job-title-866\"><div class=\"job-content\"><h5><a href=\"https:\/\/spielhalle.casino\/tr\/job\/866-2\/\" id=\"job-title-866\" target=\"_self\"><span>Gebietsleiter*in Spielhallen (m\/w\/d)<\/span><\/a><\/h5><div class=\"job-additional-information\" aria-label=\"Additional job information\"><\/div><\/div><div class=\"job-cta\"><a href=\"https:\/\/spielhalle.casino\/tr\/job\/866-2\/\" target=\"_self\" class=\"apply-btn local\" aria-label=\"View job: Gebietsleiter*in Spielhallen (m\/w\/d)\">View<\/a><\/div><\/article><\/div><\/section><section class=\"job-listing row clearfix\" aria-label=\"Job listings\"><div class=\"column medium-12 col-md-12\" role=\"list\"><article class=\"job-preview clearfix\" role=\"article\" aria-labelledby=\"job-title-866\"><div class=\"job-content\"><h5><a href=\"https:\/\/spielhalle.casino\/tr\/job\/866-2\/\" id=\"job-title-866\" target=\"_self\"><span>Gebietsleiter*in Spielhallen (m\/w\/d)<\/span><\/a><\/h5><div class=\"job-additional-information\" aria-label=\"Additional job information\"><\/div><\/div><div class=\"job-cta\"><a href=\"https:\/\/spielhalle.casino\/tr\/job\/866-2\/\" target=\"_self\" class=\"apply-btn local\" aria-label=\"View job: Gebietsleiter*in Spielhallen (m\/w\/d)\">View<\/a><\/div><\/article><\/div><\/section>\t\t\t\t\t\t\t\t<\/div>\n\t\t\t\t\t<\/div>\n\t\t\t\t<\/div>\n\t\t<div class=\"elementor-element elementor-element-21397d5 e-flex e-con-boxed e-con e-parent\" data-id=\"21397d5\" data-element_type=\"container\" data-e-type=\"container\" data-settings=\"{&quot;background_background&quot;:&quot;classic&quot;}\">\n\t\t\t\t\t<div class=\"e-con-inner\">\n\t\t\t\t<div class=\"elementor-element elementor-element-c551641 elementor-widget elementor-widget-heading\" data-id=\"c551641\" data-element_type=\"widget\" data-e-type=\"widget\" data-widget_type=\"heading.default\">\n\t\t\t\t\t<h2 class=\"elementor-heading-title elementor-size-default\">Avantajlar\u0131n<\/h2>\t\t\t\t<\/div>\n\t\t<div class=\"elementor-element elementor-element-d25e366 e-con-full e-flex e-con e-child\" data-id=\"d25e366\" data-element_type=\"container\" data-e-type=\"container\">\n\t\t\t\t<div class=\"elementor-element elementor-element-aab9077 elementor-widget-tablet__width-initial elementor-widget-mobile__width-inherit elementor-widget__width-initial elementor-widget elementor-widget-icon-box\" data-id=\"aab9077\" data-element_type=\"widget\" data-e-type=\"widget\" data-widget_type=\"icon-box.default\">\n\t\t\t\t\t\t\t<div class=\"elementor-icon-box-wrapper\">\n\n\t\t\t\n\t\t\t\t\t\t<div class=\"elementor-icon-box-content\">\n\n\t\t\t\t\t\t\t\t\t<h3 class=\"elementor-icon-box-title\">\n\t\t\t\t\t\t<span  >\n\t\t\t\t\t\t\tCazip maa\u015f\t\t\t\t\t\t<\/span>\n\t\t\t\t\t<\/h3>\n\t\t\t\t\n\t\t\t\t\t\t\t\t\t<p class=\"elementor-icon-box-description\">\n\t\t\t\t\t\tPerformans\u0131n\u0131 takdir eden ve sana konforlu bir ya\u015fam sa\u011flayan rekabet\u00e7i bir maa\u015f sunuyoruz.\t\t\t\t\t<\/p>\n\t\t\t\t\n\t\t\t<\/div>\n\t\t\t\n\t\t<\/div>\n\t\t\t\t\t\t<\/div>\n\t\t\t\t<div class=\"elementor-element elementor-element-84c6180 elementor-widget-tablet__width-initial elementor-widget-mobile__width-inherit elementor-widget__width-initial elementor-widget elementor-widget-icon-box\" data-id=\"84c6180\" data-element_type=\"widget\" data-e-type=\"widget\" data-widget_type=\"icon-box.default\">\n\t\t\t\t\t\t\t<div class=\"elementor-icon-box-wrapper\">\n\n\t\t\t\n\t\t\t\t\t\t<div class=\"elementor-icon-box-content\">\n\n\t\t\t\t\t\t\t\t\t<h3 class=\"elementor-icon-box-title\">\n\t\t\t\t\t\t<span  >\n\t\t\t\t\t\t\tEsnek \u00e7al\u0131\u015fma saatleri\t\t\t\t\t\t<\/span>\n\t\t\t\t\t<\/h3>\n\t\t\t\t\n\t\t\t\t\t\t\t\t\t<p class=\"elementor-icon-box-description\">\n\t\t\t\t\t\t\u0130\u015f ve \u00f6zel hayat\u0131n\u0131 en iyi \u015fekilde dengeleyebilmen i\u00e7in \u00e7al\u0131\u015fma saatlerini esnek bi\u00e7imde d\u00fczenleme imk\u00e2n\u0131n var.\t\t\t\t\t<\/p>\n\t\t\t\t\n\t\t\t<\/div>\n\t\t\t\n\t\t<\/div>\n\t\t\t\t\t\t<\/div>\n\t\t\t\t<div class=\"elementor-element elementor-element-a33d3db elementor-widget-tablet__width-initial elementor-widget-mobile__width-inherit elementor-widget__width-initial elementor-widget elementor-widget-icon-box\" data-id=\"a33d3db\" data-element_type=\"widget\" data-e-type=\"widget\" data-widget_type=\"icon-box.default\">\n\t\t\t\t\t\t\t<div class=\"elementor-icon-box-wrapper\">\n\n\t\t\t\n\t\t\t\t\t\t<div class=\"elementor-icon-box-content\">\n\n\t\t\t\t\t\t\t\t\t<h3 class=\"elementor-icon-box-title\">\n\t\t\t\t\t\t<span  >\n\t\t\t\t\t\t\tTak\u0131m ruhu\t\t\t\t\t\t<\/span>\n\t\t\t\t\t<\/h3>\n\t\t\t\t\n\t\t\t\t\t\t\t\t\t<p class=\"elementor-icon-box-description\">\n\t\t\t\t\t\tEkibimizde, seninle birlikte ayn\u0131 hedefe odaklanan ve keyifli bir atmosfer olu\u015fturan harika \u00e7al\u0131\u015fma arkada\u015flar\u0131yla tan\u0131\u015f\u0131rs\u0131n.\t\t\t\t\t<\/p>\n\t\t\t\t\n\t\t\t<\/div>\n\t\t\t\n\t\t<\/div>\n\t\t\t\t\t\t<\/div>\n\t\t\t\t<\/div>\n\t\t\t\t\t<\/div>\n\t\t\t\t<\/div>\n\t\t<div class=\"elementor-element elementor-element-784eb3c e-flex e-con-boxed e-con e-parent\" data-id=\"784eb3c\" data-element_type=\"container\" data-e-type=\"container\">\n\t\t\t\t\t<div class=\"e-con-inner\">\n\t\t\t\t<div class=\"elementor-element elementor-element-5c898a8 elementor-widget elementor-widget-text-editor\" data-id=\"5c898a8\" data-element_type=\"widget\" data-e-type=\"widget\" data-widget_type=\"text-editor.default\">\n\t\t\t\t\t\t\t\t\t<p>Formu doldur, en k\u0131sa s\u00fcrede sana geri d\u00f6nelim.<\/p>\t\t\t\t\t\t\t\t<\/div>\n\t\t\t\t<div class=\"elementor-element elementor-element-aadcb31 elementor-mobile-button-align-stretch elementor-button-align-stretch elementor-widget elementor-widget-form\" data-id=\"aadcb31\" data-element_type=\"widget\" data-e-type=\"widget\" data-settings=\"{&quot;step_next_label&quot;:&quot;\\u0130leri&quot;,&quot;step_previous_label&quot;:&quot;Geri&quot;,&quot;button_width&quot;:&quot;100&quot;,&quot;step_type&quot;:&quot;number_text&quot;,&quot;step_icon_shape&quot;:&quot;circle&quot;}\" data-widget_type=\"form.default\">\n\t\t\t\t\t\t\t<form class=\"elementor-form\" method=\"post\" name=\"Ba\u015fvuru formu\" aria-label=\"Ba\u015fvuru formu\">\n\t\t\t<input type=\"hidden\" name=\"post_id\" value=\"1425\"\/>\n\t\t\t<input type=\"hidden\" name=\"form_id\" value=\"aadcb31\"\/>\n\t\t\t<input type=\"hidden\" name=\"referer_title\" value=\"Kariyer: Bizdeki f\u0131rsat\u0131n\" \/>\n\n\t\t\t\t\t\t\t<input type=\"hidden\" name=\"queried_id\" value=\"1425\"\/>\n\t\t\t\n\t\t\t<div class=\"elementor-form-fields-wrapper elementor-labels-\">\n\t\t\t\t\t\t\t\t<div class=\"elementor-field-type-text elementor-field-group elementor-column elementor-field-group-name elementor-col-50\">\n\t\t\t\t\t\t\t\t\t\t\t\t<label for=\"form-field-name\" class=\"elementor-field-label elementor-screen-only\">\n\t\t\t\t\t\t\t\tAd\u0131n\t\t\t\t\t\t\t<\/label>\n\t\t\t\t\t\t\t\t\t\t\t\t\t\t<input size=\"1\" type=\"text\" name=\"form_fields[name]\" id=\"form-field-name\" class=\"elementor-field elementor-size-sm  elementor-field-textual\" placeholder=\"Ad\u0131n ne?\">\n\t\t\t\t\t\t\t\t\t\t\t<\/div>\n\t\t\t\t\t\t\t\t<div class=\"elementor-field-type-email elementor-field-group elementor-column elementor-field-group-email elementor-col-50 elementor-field-required\">\n\t\t\t\t\t\t\t\t\t\t\t\t<label for=\"form-field-email\" class=\"elementor-field-label elementor-screen-only\">\n\t\t\t\t\t\t\t\tE-postan\t\t\t\t\t\t\t<\/label>\n\t\t\t\t\t\t\t\t\t\t\t\t\t\t<input size=\"1\" type=\"email\" name=\"form_fields[email]\" id=\"form-field-email\" class=\"elementor-field elementor-size-sm  elementor-field-textual\" placeholder=\"E-posta adresin\" required=\"required\">\n\t\t\t\t\t\t\t\t\t\t\t<\/div>\n\t\t\t\t\t\t\t\t<div class=\"elementor-field-type-tel elementor-field-group elementor-column elementor-field-group-telefonnummer elementor-col-50 elementor-field-required\">\n\t\t\t\t\t\t\t\t\t\t\t\t<label for=\"form-field-telefonnummer\" class=\"elementor-field-label elementor-screen-only\">\n\t\t\t\t\t\t\t\tTelefon numaras\u0131\t\t\t\t\t\t\t<\/label>\n\t\t\t\t\t\t\t\t<input size=\"1\" type=\"tel\" name=\"form_fields[telefonnummer]\" id=\"form-field-telefonnummer\" class=\"elementor-field elementor-size-sm  elementor-field-textual\" placeholder=\"Telefon numaran\" required=\"required\" pattern=\"[0-9()#&amp;+*-=.]+\" title=\"Only numbers and phone characters (#, -, *, etc) are accepted.\">\n\n\t\t\t\t\t\t<\/div>\n\t\t\t\t\t\t\t\t<div class=\"elementor-field-type-text elementor-field-group elementor-column elementor-field-group-serviceart elementor-col-50 elementor-field-required\">\n\t\t\t\t\t\t\t\t\t\t\t\t<label for=\"form-field-serviceart\" class=\"elementor-field-label elementor-screen-only\">\n\t\t\t\t\t\t\t\tHizmet t\u00fcr\u00fc\t\t\t\t\t\t\t<\/label>\n\t\t\t\t\t\t\t\t\t\t\t\t\t\t<input size=\"1\" type=\"text\" name=\"form_fields[serviceart]\" id=\"form-field-serviceart\" class=\"elementor-field elementor-size-sm  elementor-field-textual\" placeholder=\"Ne yapabiliriz?\" required=\"required\">\n\t\t\t\t\t\t\t\t\t\t\t<\/div>\n\t\t\t\t\t\t\t\t<div class=\"elementor-field-type-textarea elementor-field-group elementor-column elementor-field-group-nachricht elementor-col-100\">\n\t\t\t\t\t\t\t\t\t\t\t\t<label for=\"form-field-nachricht\" class=\"elementor-field-label elementor-screen-only\">\n\t\t\t\t\t\t\t\tMesaj\t\t\t\t\t\t\t<\/label>\n\t\t\t\t\t\t<textarea class=\"elementor-field-textual elementor-field  elementor-size-sm\" name=\"form_fields[nachricht]\" id=\"form-field-nachricht\" rows=\"4\" placeholder=\"Mesaj\u0131n\"><\/textarea>\t\t\t\t<\/div>\n\t\t\t\t\t\t\t\t<div class=\"elementor-field-group elementor-column elementor-field-type-submit elementor-col-100 e-form__buttons\">\n\t\t\t\t\t<button class=\"elementor-button elementor-size-sm\" type=\"submit\">\n\t\t\t\t\t\t<span class=\"elementor-button-content-wrapper\">\n\t\t\t\t\t\t\t\t\t\t\t\t\t\t\t\t\t\t\t\t\t\t<span class=\"elementor-button-text\">G\u00f6nder<\/span>\n\t\t\t\t\t\t\t\t\t\t\t\t\t<\/span>\n\t\t\t\t\t<\/button>\n\t\t\t\t<\/div>\n\t\t\t<\/div>\n\t\t<\/form>\n\t\t\t\t\t\t<\/div>\n\t\t\t\t\t<\/div>\n\t\t\t\t<\/div>\n\t\t\t\t<\/div>\n\t\t","protected":false},"excerpt":{"rendered":"<p>Kariyerine g\u00fc\u00e7l\u00fc bir ba\u015flang\u0131\u00e7! Casinomuzda heyecan verici kariyer f\u0131rsatlar\u0131n\u0131 ke\u015ffet Modern bir ortamda \u00e7al\u0131\u015f\u0131p dinamik bir ekibin par\u00e7as\u0131 olmak ister misin? Bizde \u00e7ok y\u00f6nl\u00fc kariyer f\u0131rsatlar\u0131 ve heyecan verici perspektifler bulacaks\u0131n. \u0130ster oyun operasyonlar\u0131nda ister m\u00fc\u015fteri hizmetlerinde, seni tan\u0131may\u0131 ve birlikte yeni yollar a\u00e7may\u0131 sab\u0131rs\u0131zl\u0131kla bekliyoruz! Hemen ba\u015fvur! Kariyerin burada ba\u015fl\u0131yor A\u00e7\u0131k pozisyonlar\u0131m\u0131z Dinamik bir [&hellip;]<\/p>\n","protected":false},"author":1,"featured_media":0,"parent":0,"menu_order":0,"comment_status":"closed","ping_status":"closed","template":"","meta":{"footnotes":""},"class_list":["post-1425","page","type-page","status-publish","hentry"],"_links":{"self":[{"href":"https:\/\/spielhalle.casino\/tr\/wp-json\/wp\/v2\/pages\/1425","targetHints":{"allow":["GET"]}}],"collection":[{"href":"https:\/\/spielhalle.casino\/tr\/wp-json\/wp\/v2\/pages"}],"about":[{"href":"https:\/\/spielhalle.casino\/tr\/wp-json\/wp\/v2\/types\/page"}],"author":[{"embeddable":true,"href":"https:\/\/spielhalle.casino\/tr\/wp-json\/wp\/v2\/users\/1"}],"replies":[{"embeddable":true,"href":"https:\/\/spielhalle.casino\/tr\/wp-json\/wp\/v2\/comments?post=1425"}],"version-history":[{"count":1,"href":"https:\/\/spielhalle.casino\/tr\/wp-json\/wp\/v2\/pages\/1425\/revisions"}],"predecessor-version":[{"id":1427,"href":"https:\/\/spielhalle.casino\/tr\/wp-json\/wp\/v2\/pages\/1425\/revisions\/1427"}],"wp:attachment":[{"href":"https:\/\/spielhalle.casino\/tr\/wp-json\/wp\/v2\/media?parent=1425"}],"curies":[{"name":"wp","href":"https:\/\/api.w.org\/{rel}","templated":true}]}}